{"id":37476,"date":"2024-09-02T19:50:00","date_gmt":"2024-09-02T16:50:00","guid":{"rendered":"https:\/\/nbg.eu\/product\/slr-rifleworks-micro-gas-block-750-set-screw-steel\/"},"modified":"2026-01-21T12:09:56","modified_gmt":"2026-01-21T09:09:56","slug":"slr-rifleworks-micro-gas-block-750-set-screw-steel","status":"publish","type":"product","link":"https:\/\/nbg.eu\/lv\/product\/slr-rifleworks-micro-gas-block-750-set-screw-steel\/","title":{"rendered":"SLR RIFLEWORKS Micro Gas Block .750 Set Screw Steel"},"content":{"rendered":"<div class=\"product-description\">\n<h2>SLR RIFLEWORKS Mikro G\u0101zes Bloks .750 ar Fiks\u0101cijas Skr\u016bv\u0113m, T\u0113rauds<\/h2>\n<p>Uzlabojiet savu \u0161auteni ar SLR RIFLEWORKS GB-7 Mikro G\u0101zes Bloku, kas paredz\u0113ts .750 stobru diametram. \u0160is augstas kvalit\u0101tes g\u0101zes bloks pied\u0101v\u0101 precizit\u0101ti un iztur\u012bbu pras\u012bgajiem \u0161\u0101v\u0113jiem.<\/p>\n<ul>\n<li>Izgatavots no 4140 markas t\u0113rauda sagataves, nodro\u0161inot izcilu iztur\u012bbu un ilgm\u016b\u017e\u012bbu<\/li>\n<li>Melon\u012bta QPQ apdare nodro\u0161ina lielisku korozijiztur\u012bbu un samazin\u0101tu berzi<\/li>\n<li>.400&#8243; fiks\u0101cijas skr\u016bvju att\u0101lums dro\u0161ai piestiprin\u0101\u0161anai<\/li>\n<li>Komplekt\u0101 iek\u013cautas fiks\u0101cijas skr\u016bves un rull\u012b\u0161u tapa vieglai uzst\u0101d\u012b\u0161anai<\/li>\n<li>Kompakts dizains samazina svaru un profilu<\/li>\n<\/ul>\n<p>Izbaudiet uzlabotu veiktsp\u0113ju un uzticam\u012bbu ar \u0161o premium klases mikro g\u0101zes bloku. Ide\u0101li piem\u0113rots piel\u0101got\u0101m konstrukcij\u0101m un uzlabojumiem, SLR RIFLEWORKS GB-7 ir ide\u0101la izv\u0113le nopietniem \u0161\u0101v\u0113jiem un entuziastiem.<\/p>\n<\/div>\n","protected":false},"excerpt":{"rendered":"<p>Kompakts, augstas kvalit\u0101tes .750 g\u0101zes bloks. Izgatavots no 4140 t\u0113rauda ar melon\u012bta p\u0101rkl\u0101jumu. Komplekt\u0101 iek\u013cautas fiks\u0101cijas skr\u016bves.<\/p>\n","protected":false},"featured_media":37404,"template":"","meta":{"_acf_changed":false},"product_brand":[11732],"product_cat":[13811,13772,13827,13788],"product_tag":[],"class_list":{"0":"post-37476","1":"product","2":"type-product","3":"status-publish","4":"has-post-thumbnail","6":"product_brand-slr-rifleworks","7":"product_cat-ar-uzlabojumi","8":"product_cat-gazes-bloki","9":"product_cat-sautene","10":"product_cat-sautenes-uzlabosana","12":"first","13":"outofstock","14":"taxable","15":"shipping-taxable","16":"purchasable","17":"product-type-simple"},"acf":[],"_links":{"self":[{"href":"https:\/\/nbg.eu\/lv\/wp-json\/wp\/v2\/product\/37476","targetHints":{"allow":["GET"]}}],"collection":[{"href":"https:\/\/nbg.eu\/lv\/wp-json\/wp\/v2\/product"}],"about":[{"href":"https:\/\/nbg.eu\/lv\/wp-json\/wp\/v2\/types\/product"}],"wp:featuredmedia":[{"embeddable":true,"href":"https:\/\/nbg.eu\/lv\/wp-json\/wp\/v2\/media\/37404"}],"wp:attachment":[{"href":"https:\/\/nbg.eu\/lv\/wp-json\/wp\/v2\/media?parent=37476"}],"wp:term":[{"taxonomy":"product_brand","embeddable":true,"href":"https:\/\/nbg.eu\/lv\/wp-json\/wp\/v2\/product_brand?post=37476"},{"taxonomy":"product_cat","embeddable":true,"href":"https:\/\/nbg.eu\/lv\/wp-json\/wp\/v2\/product_cat?post=37476"},{"taxonomy":"product_tag","embeddable":true,"href":"https:\/\/nbg.eu\/lv\/wp-json\/wp\/v2\/product_tag?post=37476"}],"curies":[{"name":"wp","href":"https:\/\/api.w.org\/{rel}","templated":true}]}}