{"id":405591,"date":"2025-05-05T23:43:01","date_gmt":"2025-05-05T20:43:01","guid":{"rendered":"https:\/\/nbg.eu\/product\/surefire-plr-c-edc-flashlight-stiletto-pro-ii\/"},"modified":"2026-01-21T11:34:27","modified_gmt":"2026-01-21T08:34:27","slug":"surefire-plr-c-edc-flashlight-stiletto-pro-ii","status":"publish","type":"product","link":"https:\/\/nbg.eu\/lv\/product\/surefire-plr-c-edc-flashlight-stiletto-pro-ii\/","title":{"rendered":"Surefire PLR-C EDC Flashlight &#8211; Stiletto Pro II"},"content":{"rendered":"<h2>Surefire PLR-C EDC kabatas lukturis &#8211; Stiletto Pro II<\/h2>\n<p>Stiletto Pro II ir ikdienas n\u0113s\u0101\u0161anai paredz\u0113ts kabatas lukturis. Tas apvieno pl\u0101nu profilu ar jaud\u012bgu veiktsp\u0113ju, nodro\u0161inot l\u012bdz pat 1500 l\u016bmenu gaismu, kas sasniedz 375 metrus.<\/p>\n<ul>\n<li>Du\u0101l\u0101 optika nodro\u0161ina 35 000 kandelu t\u0101lai apgaismo\u0161anai<\/li>\n<li>Tr\u012bs programm\u0113jami iestat\u012bjumi: Augsts (1500 l\u016bmeni), Vid\u0113js (500 l\u016bmeni) un Zems (25 l\u016bmeni)<\/li>\n<li>Aerokosmisk\u0101 alum\u012bnija korpuss nodro\u0161ina iztur\u012bbu<\/li>\n<li>Taktiskais aizmugures sl\u0113dzis ar papildu augstas frekvences stroboskopu<\/li>\n<li>Ieb\u016bv\u0113ts USB-C uzl\u0101d\u0113jams litija polim\u0113ru akumulators<\/li>\n<li>LED akumulatora uzl\u0101des indikators<\/li>\n<li>Apgrie\u017eams Melonite p\u0101rkl\u0101ts atsperu t\u0113rauda kabatas klipsis<\/li>\n<li>IPX7 \u016bdensiztur\u012bba l\u012bdz 1 metram 30 min\u016btes<\/li>\n<\/ul>\n<p>Stiletto Pro II ir piem\u0113rots lieto\u0161anai tum\u0161\u0101s iel\u0101s vai \u0101ra aktivit\u0101t\u0113s. T\u0101 dizains un veiktsp\u0113ja padara to piem\u0113rotu ties\u012bbsarg\u0101jo\u0161\u0101m iest\u0101d\u0113m, milit\u0101rajam person\u0101lam un ikdienas lietot\u0101jiem.<\/p>\n","protected":false},"excerpt":{"rendered":"<p>Pl\u0101ns, jaud\u012bgs ikdienas n\u0113s\u0101jamais lukturis ar 1500 l\u016bmenu gaismas pl\u016bsmu un t\u0101la darb\u012bbas r\u0101diusa staru.<\/p>\n","protected":false},"featured_media":352343,"template":"","meta":{"_acf_changed":false},"product_brand":[11865],"product_cat":[13812,13789,13758],"product_tag":[],"class_list":{"0":"post-405591","1":"product","2":"type-product","3":"status-publish","4":"has-post-thumbnail","6":"product_brand-surefire","7":"product_cat-edc","8":"product_cat-edc-gaismas","9":"product_cat-gaismas","11":"first","12":"instock","13":"taxable","14":"shipping-taxable","15":"purchasable","16":"product-type-simple"},"acf":[],"_links":{"self":[{"href":"https:\/\/nbg.eu\/lv\/wp-json\/wp\/v2\/product\/405591","targetHints":{"allow":["GET"]}}],"collection":[{"href":"https:\/\/nbg.eu\/lv\/wp-json\/wp\/v2\/product"}],"about":[{"href":"https:\/\/nbg.eu\/lv\/wp-json\/wp\/v2\/types\/product"}],"wp:featuredmedia":[{"embeddable":true,"href":"https:\/\/nbg.eu\/lv\/wp-json\/wp\/v2\/media\/352343"}],"wp:attachment":[{"href":"https:\/\/nbg.eu\/lv\/wp-json\/wp\/v2\/media?parent=405591"}],"wp:term":[{"taxonomy":"product_brand","embeddable":true,"href":"https:\/\/nbg.eu\/lv\/wp-json\/wp\/v2\/product_brand?post=405591"},{"taxonomy":"product_cat","embeddable":true,"href":"https:\/\/nbg.eu\/lv\/wp-json\/wp\/v2\/product_cat?post=405591"},{"taxonomy":"product_tag","embeddable":true,"href":"https:\/\/nbg.eu\/lv\/wp-json\/wp\/v2\/product_tag?post=405591"}],"curies":[{"name":"wp","href":"https:\/\/api.w.org\/{rel}","templated":true}]}}