{"id":405749,"date":"2025-05-07T23:00:30","date_gmt":"2025-05-07T20:00:30","guid":{"rendered":"https:\/\/nbg.eu\/product\/surefire-plr-b-edc-flashlight-stiletto-pro\/"},"modified":"2026-01-21T11:59:10","modified_gmt":"2026-01-21T08:59:10","slug":"surefire-plr-b-edc-flashlight-stiletto-pro","status":"publish","type":"product","link":"https:\/\/nbg.eu\/lv\/product\/surefire-plr-b-edc-flashlight-stiletto-pro\/","title":{"rendered":"Surefire PLR-B EDC Flashlight &#8211; Stiletto Pro"},"content":{"rendered":"<h2>Surefire PLR-B EDC kabatas lukturis &#8211; Stiletto Pro<\/h2>\n<p>Stiletto Pro ir kompakts kabatas lukturis ikdienas n\u0113s\u0101\u0161anai. Tas nodro\u0161ina 1000 l\u016bmenu LED balto gaismu, izmantojot SureFire MaxVision Beam\u00ae reflektoru.<\/p>\n<ul>\n<li>Tr\u012bs programm\u0113jami iestat\u012bjumi: 1000 l\u016bmeni (augsts), 300 l\u016bmeni (vid\u0113js) un 25 l\u016bmeni (zems)<\/li>\n<li>Pl\u0101ns avi\u0101cijas alum\u012bnija korpuss vieglai n\u0113s\u0101\u0161anai un iztur\u012bbai<\/li>\n<li>Milit\u0101r\u0101s specifik\u0101cijas ciet\u0101 anod\u0113t\u0101 apdare ar IPX7 \u016bdensiztur\u012bbu<\/li>\n<li>Taktiskais aizmugures sl\u0113dzis \u0101trai augst\u0101s jaudas iesl\u0113g\u0161anai un papildu stroboskopam<\/li>\n<li>Integr\u0113ts USB-C uzl\u0101d\u0113jams litija polim\u0113ra akumulators<\/li>\n<li>LED akumulatora indikators<\/li>\n<li>Apgrie\u017eama Melonite\u00ae p\u0101rkl\u0101ta atsperu t\u0113rauda kabatas skava<\/li>\n<\/ul>\n<p>Stiletto Pro ir 4,5 collas gar\u0161 un sver 4 unces, ietilpst jebkur\u0101 kabat\u0101. Tas nodro\u0161ina profesion\u0101la l\u012bme\u0146a apgaismojumu.<\/p>\n","protected":false},"excerpt":{"rendered":"<p>Kompakts, jaud\u012bgs 1000 l\u016bmenu EDC lukturis ar MaxVision Beam\u00ae tehnolo\u0123iju.<\/p>\n","protected":false},"featured_media":352667,"template":"","meta":{"_acf_changed":false},"product_brand":[11865],"product_cat":[13812,13789,13758],"product_tag":[],"class_list":{"0":"post-405749","1":"product","2":"type-product","3":"status-publish","4":"has-post-thumbnail","6":"product_brand-surefire","7":"product_cat-edc","8":"product_cat-edc-gaismas","9":"product_cat-gaismas","11":"first","12":"instock","13":"taxable","14":"shipping-taxable","15":"purchasable","16":"product-type-simple"},"acf":[],"_links":{"self":[{"href":"https:\/\/nbg.eu\/lv\/wp-json\/wp\/v2\/product\/405749","targetHints":{"allow":["GET"]}}],"collection":[{"href":"https:\/\/nbg.eu\/lv\/wp-json\/wp\/v2\/product"}],"about":[{"href":"https:\/\/nbg.eu\/lv\/wp-json\/wp\/v2\/types\/product"}],"wp:featuredmedia":[{"embeddable":true,"href":"https:\/\/nbg.eu\/lv\/wp-json\/wp\/v2\/media\/352667"}],"wp:attachment":[{"href":"https:\/\/nbg.eu\/lv\/wp-json\/wp\/v2\/media?parent=405749"}],"wp:term":[{"taxonomy":"product_brand","embeddable":true,"href":"https:\/\/nbg.eu\/lv\/wp-json\/wp\/v2\/product_brand?post=405749"},{"taxonomy":"product_cat","embeddable":true,"href":"https:\/\/nbg.eu\/lv\/wp-json\/wp\/v2\/product_cat?post=405749"},{"taxonomy":"product_tag","embeddable":true,"href":"https:\/\/nbg.eu\/lv\/wp-json\/wp\/v2\/product_tag?post=405749"}],"curies":[{"name":"wp","href":"https:\/\/api.w.org\/{rel}","templated":true}]}}