{"id":405858,"date":"2025-05-08T16:51:58","date_gmt":"2025-05-08T13:51:58","guid":{"rendered":"https:\/\/nbg.eu\/product\/surefire-scout-infrared-light-m640v-pro-tan\/"},"modified":"2026-01-21T11:38:20","modified_gmt":"2026-01-21T08:38:20","slug":"surefire-scout-infrared-light-m640v-pro-tan","status":"publish","type":"product","link":"https:\/\/nbg.eu\/lv\/product\/surefire-scout-infrared-light-m640v-pro-tan\/","title":{"rendered":"SureFire Scout Infrared Light &#8211; M640V PRO &#8211; Tan"},"content":{"rendered":"<h2>SureFire Scout infrasarkan\u0101 gaisma &#8211; M640V PRO &#8211; Smil\u0161kr\u0101sa<\/h2>\n<p>M640V PRO Scout infrasarkan\u0101 gaisma. \u0160im daudzpus\u012bgajam iero\u010dgaismeklim ir \u0161\u0101das funkcijas:<\/p>\n<ul>\n<li>350 l\u016bmeni balt\u0101s gaismas un 120 mW IR jaudas<\/li>\n<li>Jauns zema profila stiprin\u0101jums optim\u0101lai pozicion\u0113\u0161anai uz MIL-STD-1913 vai M-LOK slied\u0113m<\/li>\n<li>Patent\u0113ta TIR l\u0113ca t\u0101lu sniedzo\u0161am staram ar pietiekamu apk\u0101rt\u0113jo gaismu<\/li>\n<li>P\u0101rsl\u0113g\u0161an\u0101s starp balto un IR re\u017e\u012bmiem<\/li>\n<li>Iztur\u012bga avi\u0101cijas alum\u012bnija konstrukcija ar milit\u0101ro specifik\u0101ciju cieto anod\u0113to apdari<\/li>\n<li>IPX7 \u016bdensiztur\u012bba<\/li>\n<li>Aizmugur\u0113jais spiedpogas sl\u0113dzis vieglai aktiviz\u0113\u0161anai<\/li>\n<\/ul>\n<p>Ar 2,5 stundu darb\u012bbas laiku augst\u0101 re\u017e\u012bm\u0101 un 214 metru stara att\u0101lumu, M640V PRO ir piem\u0113rots vid\u0113ja l\u012bdz gara att\u0101luma oper\u0101cij\u0101m.<\/p>\n","protected":false},"excerpt":{"rendered":"<p>Daudzpus\u012bgs IR\/balts iero\u010dgaismas lukturis ar 350 l\u016bmenu un 120 mW IR jaudu.<\/p>\n","protected":false},"featured_media":353023,"template":"","meta":{"_acf_changed":false},"product_brand":[11865],"product_cat":[13789,13758,13816],"product_tag":[],"class_list":{"0":"post-405858","1":"product","2":"type-product","3":"status-publish","4":"has-post-thumbnail","6":"product_brand-surefire","7":"product_cat-edc-gaismas","8":"product_cat-gaismas","9":"product_cat-sautenes-lukturi","11":"first","12":"instock","13":"taxable","14":"shipping-taxable","15":"purchasable","16":"product-type-simple"},"acf":[],"_links":{"self":[{"href":"https:\/\/nbg.eu\/lv\/wp-json\/wp\/v2\/product\/405858","targetHints":{"allow":["GET"]}}],"collection":[{"href":"https:\/\/nbg.eu\/lv\/wp-json\/wp\/v2\/product"}],"about":[{"href":"https:\/\/nbg.eu\/lv\/wp-json\/wp\/v2\/types\/product"}],"wp:featuredmedia":[{"embeddable":true,"href":"https:\/\/nbg.eu\/lv\/wp-json\/wp\/v2\/media\/353023"}],"wp:attachment":[{"href":"https:\/\/nbg.eu\/lv\/wp-json\/wp\/v2\/media?parent=405858"}],"wp:term":[{"taxonomy":"product_brand","embeddable":true,"href":"https:\/\/nbg.eu\/lv\/wp-json\/wp\/v2\/product_brand?post=405858"},{"taxonomy":"product_cat","embeddable":true,"href":"https:\/\/nbg.eu\/lv\/wp-json\/wp\/v2\/product_cat?post=405858"},{"taxonomy":"product_tag","embeddable":true,"href":"https:\/\/nbg.eu\/lv\/wp-json\/wp\/v2\/product_tag?post=405858"}],"curies":[{"name":"wp","href":"https:\/\/api.w.org\/{rel}","templated":true}]}}