{"id":409664,"date":"2025-05-09T10:47:47","date_gmt":"2025-05-09T07:47:47","guid":{"rendered":"https:\/\/nbg.eu\/product\/surefire-m340v-tn-pro-scout-light-pro\/"},"modified":"2026-01-21T11:44:36","modified_gmt":"2026-01-21T08:44:36","slug":"surefire-m340v-tn-pro-scout-light-pro","status":"publish","type":"product","link":"https:\/\/nbg.eu\/lv\/product\/surefire-m340v-tn-pro-scout-light-pro\/","title":{"rendered":"Surefire M340V-TN-PRO Scout Light Pro"},"content":{"rendered":"<h2>Surefire M340V-TN-PRO Scout Light Pro<\/h2>\n<h2>Gaismas ier\u012bce<\/h2>\n<p>Mini infrasarkan\u0101 Scout Light\u00ae Pro ir 3 voltu iero\u010du gaisma. \u0160is apgaismojuma r\u012bks pied\u0101v\u0101:<\/p>\n<ul>\n<li>250 l\u016bmenu balt\u0101 gaisma<\/li>\n<li>100 mW neredzam\u0101 infrasarkan\u0101 gaisma nakts redzam\u012bbas ier\u012bc\u0113m<\/li>\n<li>Nav nepiecie\u0161ami IR filtri vai rezerves lampas<\/li>\n<li>SureFire jaunais zema profila stiprin\u0101jums (LPM)<\/li>\n<li>Viegla p\u0101rsl\u0113g\u0161an\u0101s starp balto gaismu, izsl\u0113g\u0161anu un infrasarkano re\u017e\u012bmu<\/li>\n<li>TIR l\u0113ca \u0161auram staram tuv\u0101m l\u012bdz vid\u0113ja att\u0101luma lietojumiem<\/li>\n<\/ul>\n<h3>Iztur\u012bga konstrukcija<\/h3>\n<p>M340V-TN-PRO ietver:<\/p>\n<ul>\n<li>Augstas iztur\u012bbas avi\u0101cijas alum\u012bnija korpuss<\/li>\n<li>Milit\u0101r\u0101s specifik\u0101cijas ciet\u0101 anod\u0113\u0161ana iztur\u012bbai un korozijas aizsardz\u012bbai<\/li>\n<li>\u013boti iztur\u012bgas IR un balt\u0101s LED<\/li>\n<li>IPX7 \u016bdens iztur\u012bbas v\u0113rt\u0113jums<\/li>\n<\/ul>\n<h3>Galvenie parametri<\/h3>\n<ul>\n<li>Jauda: 250 l\u016bmeni (balta) \/ 100 mW (IR)<\/li>\n<li>Darb\u012bbas laiks: 1.5 stundas (balta) \/ 6.0 stundas (IR)<\/li>\n<li>Maksim\u0101l\u0101 stara intensit\u0101te: 9300 kandelas<\/li>\n<li>Stara att\u0101lums: 190 metri<\/li>\n<li>Garums: 4.1 collas (10.4 cm)<\/li>\n<li>Svars: 3.4 unces (96.4 g) ar bateriju<\/li>\n<li>Baro\u0161ana: Viena 123A litija baterija (iek\u013cauta)<\/li>\n<\/ul>\n<p>Surefire M340V-TN-PRO Scout Light Pro ir gaismas ier\u012bce taktisk\u0101m situ\u0101cij\u0101m v\u0101j\u0101 apgaismojum\u0101.<\/p>\n","protected":false},"excerpt":{"rendered":"<p>Daudzpus\u012bgs taktiskais lukturis ar 250 l\u016bmenu balto\/100mW IR gaismu, iztur\u012bgu dizainu, stiprin\u0101ms uz sliedes.<\/p>\n","protected":false},"featured_media":400319,"template":"","meta":{"_acf_changed":false},"product_brand":[11865],"product_cat":[13758,13816],"product_tag":[],"class_list":{"0":"post-409664","1":"product","2":"type-product","3":"status-publish","4":"has-post-thumbnail","6":"product_brand-surefire","7":"product_cat-gaismas","8":"product_cat-sautenes-lukturi","10":"first","11":"outofstock","12":"taxable","13":"shipping-taxable","14":"purchasable","15":"product-type-simple"},"acf":[],"_links":{"self":[{"href":"https:\/\/nbg.eu\/lv\/wp-json\/wp\/v2\/product\/409664","targetHints":{"allow":["GET"]}}],"collection":[{"href":"https:\/\/nbg.eu\/lv\/wp-json\/wp\/v2\/product"}],"about":[{"href":"https:\/\/nbg.eu\/lv\/wp-json\/wp\/v2\/types\/product"}],"wp:featuredmedia":[{"embeddable":true,"href":"https:\/\/nbg.eu\/lv\/wp-json\/wp\/v2\/media\/400319"}],"wp:attachment":[{"href":"https:\/\/nbg.eu\/lv\/wp-json\/wp\/v2\/media?parent=409664"}],"wp:term":[{"taxonomy":"product_brand","embeddable":true,"href":"https:\/\/nbg.eu\/lv\/wp-json\/wp\/v2\/product_brand?post=409664"},{"taxonomy":"product_cat","embeddable":true,"href":"https:\/\/nbg.eu\/lv\/wp-json\/wp\/v2\/product_cat?post=409664"},{"taxonomy":"product_tag","embeddable":true,"href":"https:\/\/nbg.eu\/lv\/wp-json\/wp\/v2\/product_tag?post=409664"}],"curies":[{"name":"wp","href":"https:\/\/api.w.org\/{rel}","templated":true}]}}