{"id":410437,"date":"2025-05-09T10:48:01","date_gmt":"2025-05-09T07:48:01","guid":{"rendered":"https:\/\/nbg.eu\/product\/surefire-csp-07-push-button-switch\/"},"modified":"2026-01-21T12:28:35","modified_gmt":"2026-01-21T09:28:35","slug":"surefire-csp-07-push-button-switch","status":"publish","type":"product","link":"https:\/\/nbg.eu\/lv\/product\/surefire-csp-07-push-button-switch\/","title":{"rendered":"Surefire CSP-07 Push Button Switch"},"content":{"rendered":"<div class=\"product-description\">\n<h2>Surefire CSP-07 spiedpogas sl\u0113dzis<\/h2>\n<h2>T\u0101lvad\u012bba. Vietas taup\u012b\u0161ana.<\/h2>\n<p>CSP-07 spiedpogas sl\u0113dzis ir risin\u0101jums SureFire iero\u010du luktura t\u0101lvad\u012bbai, vienlaikus taupot vietu uz iero\u010da sliedes. \u0160is kompaktais sl\u0113dzis nodro\u0161ina gan \u012bslaic\u012bgu, gan past\u0101v\u012bgu iesl\u0113g\u0161anu ar vienu vad\u012bbas elementu.<\/p>\n<h3>Galven\u0101s \u012bpa\u0161\u012bbas:<\/h3>\n<ul>\n<li>T\u0101lvad\u012bbas aktiviz\u0113\u0161ana SureFire iero\u010du lukturiem ar kontaktligzd\u0101m<\/li>\n<li>Kompakts dizains efekt\u012bvai sliedes vietas izmanto\u0161anai<\/li>\n<li>\u012aslaic\u012bga iesl\u0113g\u0161ana ar vieglu spiedienu, past\u0101v\u012bga iesl\u0113g\u0161ana ar pilnu klik\u0161\u0137i<\/li>\n<li>Iztur\u012bgs polim\u0113ra korpuss<\/li>\n<li>Viegla uzst\u0101d\u012b\u0161ana uz Picatinny slied\u0113m<\/li>\n<li>7 collu kabelis piem\u0113rots vairumam \u0161aute\u0146u\/karab\u012b\u0146u<\/li>\n<li>\u016adensiztur\u012bgs sl\u0113dzis un kontaktdak\u0161a<\/li>\n<\/ul>\n<h3>Sader\u012bba:<\/h3>\n<p>CSP-07 ir sader\u012bgs ar SureFire iero\u010du lukturiem, kuriem ir kontaktligzdas, tostarp:<\/p>\n<ul>\n<li>Millennium Universal<\/li>\n<li>Classic Universal<\/li>\n<li>Scout Light (ar kontaktligzdas aizmugur\u0113jo v\u0101ci\u0146u)<\/li>\n<li>X300<\/li>\n<li>X400 (ar XT aizmugur\u0113jo v\u0101ci\u0146u)<\/li>\n<\/ul>\n<h3>K\u0101p\u0113c izv\u0113l\u0113ties CSP-07?<\/h3>\n<p>CSP-07 nodro\u0161ina, ka j\u016bsu iero\u010da lukturis ir gatavs lieto\u0161anai, kad tas nepiecie\u0161ams. T\u0101 vietu taupo\u0161ais dizains un uzst\u0101d\u012b\u0161ana bez instrumentiem padara to par piem\u0113rotu izv\u0113li taktiskajiem profesion\u0101\u013ciem un entuziastiem. CSP-07 nodro\u0161ina t\u016bl\u012bt\u0113ju un uzticamu apgaismojumu jebkur\u0101 situ\u0101cij\u0101.<\/p>\n<\/div>\n","protected":false},"excerpt":{"rendered":"<p>Att\u0101lin\u0101ta iero\u010da luktura aktiviz\u0113\u0161ana. Kompakts dizains. \u012aslaic\u012bga un past\u0101v\u012bga iesl\u0113g\u0161anas re\u017e\u012bmi.<\/p>\n","protected":false},"featured_media":399940,"template":"","meta":{"_acf_changed":false},"product_brand":[11865],"product_cat":[13758,13779,13816],"product_tag":[],"class_list":{"0":"post-410437","1":"product","2":"type-product","3":"status-publish","4":"has-post-thumbnail","6":"product_brand-surefire","7":"product_cat-gaismas","8":"product_cat-gaismas-aksesuari","9":"product_cat-sautenes-lukturi","11":"first","12":"instock","13":"taxable","14":"shipping-taxable","15":"purchasable","16":"product-type-simple"},"acf":[],"_links":{"self":[{"href":"https:\/\/nbg.eu\/lv\/wp-json\/wp\/v2\/product\/410437","targetHints":{"allow":["GET"]}}],"collection":[{"href":"https:\/\/nbg.eu\/lv\/wp-json\/wp\/v2\/product"}],"about":[{"href":"https:\/\/nbg.eu\/lv\/wp-json\/wp\/v2\/types\/product"}],"wp:featuredmedia":[{"embeddable":true,"href":"https:\/\/nbg.eu\/lv\/wp-json\/wp\/v2\/media\/399940"}],"wp:attachment":[{"href":"https:\/\/nbg.eu\/lv\/wp-json\/wp\/v2\/media?parent=410437"}],"wp:term":[{"taxonomy":"product_brand","embeddable":true,"href":"https:\/\/nbg.eu\/lv\/wp-json\/wp\/v2\/product_brand?post=410437"},{"taxonomy":"product_cat","embeddable":true,"href":"https:\/\/nbg.eu\/lv\/wp-json\/wp\/v2\/product_cat?post=410437"},{"taxonomy":"product_tag","embeddable":true,"href":"https:\/\/nbg.eu\/lv\/wp-json\/wp\/v2\/product_tag?post=410437"}],"curies":[{"name":"wp","href":"https:\/\/api.w.org\/{rel}","templated":true}]}}