{"id":44085,"date":"2024-03-14T09:38:02","date_gmt":"2024-03-14T09:38:02","guid":{"rendered":"https:\/\/nbg.eu\/product\/product-7\/"},"modified":"2026-05-13T16:03:30","modified_gmt":"2026-05-13T13:03:30","slug":"product-7","status":"publish","type":"product","link":"https:\/\/nbg.eu\/lv\/product\/product-7\/","title":{"rendered":"Bore Tech COTTON SWABS &#8211; 100 PACK"},"content":{"rendered":"<p>Bore Tech kokvilnas tamponi: paredz\u0113ti prec\u012bzai t\u012br\u012b\u0161anai un \u0161\u0137\u012bdin\u0101t\u0101ja uzkl\u0101\u0161anai. \u012apa\u0161\u012bbas:<\/p>\n<ul>\n<li>Kokvilnas gals ar zemu pl\u016bksnu l\u012bmeni<\/li>\n<li>15 cm gara elast\u012bga bambusa k\u0101ta<\/li>\n<li>Piem\u0113roti AR deta\u013c\u0101m, m\u0113l\u012btes meh\u0101nismiem un gr\u016bti pieejam\u0101m viet\u0101m<\/li>\n<li>Izmantojami sm\u0113rvielas uzkl\u0101\u0161anai un mazu iedobumu t\u012br\u012b\u0161anai<\/li>\n<\/ul>\n<p>Iepakojum\u0101 100 gabali \u0161aujamiero\u010du apkopei.<\/p>\n","protected":false},"excerpt":{"rendered":"<p>Prec\u012bzas t\u012br\u012b\u0161anas vates koci\u0146i \u0161aujamiero\u010diem. 15 cm gara bambusa rokturis, zemu pl\u016bksnu skaitu saturo\u0161s uzgalis.<\/p>\n","protected":false},"featured_media":44086,"template":"","meta":{"_acf_changed":false},"product_brand":[11156],"product_cat":[13769,13786],"product_tag":[],"class_list":{"0":"post-44085","1":"product","2":"type-product","3":"status-publish","4":"has-post-thumbnail","6":"product_brand-boretech","7":"product_cat-ierocu-tirisana","8":"product_cat-sukas","10":"first","11":"instock","12":"taxable","13":"shipping-taxable","14":"purchasable","15":"product-type-simple"},"acf":[],"_links":{"self":[{"href":"https:\/\/nbg.eu\/lv\/wp-json\/wp\/v2\/product\/44085","targetHints":{"allow":["GET"]}}],"collection":[{"href":"https:\/\/nbg.eu\/lv\/wp-json\/wp\/v2\/product"}],"about":[{"href":"https:\/\/nbg.eu\/lv\/wp-json\/wp\/v2\/types\/product"}],"wp:featuredmedia":[{"embeddable":true,"href":"https:\/\/nbg.eu\/lv\/wp-json\/wp\/v2\/media\/44086"}],"wp:attachment":[{"href":"https:\/\/nbg.eu\/lv\/wp-json\/wp\/v2\/media?parent=44085"}],"wp:term":[{"taxonomy":"product_brand","embeddable":true,"href":"https:\/\/nbg.eu\/lv\/wp-json\/wp\/v2\/product_brand?post=44085"},{"taxonomy":"product_cat","embeddable":true,"href":"https:\/\/nbg.eu\/lv\/wp-json\/wp\/v2\/product_cat?post=44085"},{"taxonomy":"product_tag","embeddable":true,"href":"https:\/\/nbg.eu\/lv\/wp-json\/wp\/v2\/product_tag?post=44085"}],"curies":[{"name":"wp","href":"https:\/\/api.w.org\/{rel}","templated":true}]}}