{"id":44203,"date":"2024-08-18T22:27:11","date_gmt":"2024-08-18T19:27:11","guid":{"rendered":"https:\/\/nbg.eu\/product\/flex-holster-lh-rh-aluminum-assembly\/"},"modified":"2026-01-21T12:16:54","modified_gmt":"2026-01-21T09:16:54","slug":"flex-holster-lh-rh-aluminum-assembly","status":"publish","type":"product","link":"https:\/\/nbg.eu\/lv\/product\/flex-holster-lh-rh-aluminum-assembly\/","title":{"rendered":"Flex Holster Lh\/Rh Aluminum Assembly"},"content":{"rendered":"<h2>Flex Maksts Kreisajai\/Labajai Rokai Alum\u012bnija Konstrukcija<\/h2>\n<p>Flex Maksts ir augstas kvalit\u0101tes, sacens\u012bb\u0101m paredz\u0113ta maksts, kas izstr\u0101d\u0101ta 1.5&#8243; plat\u0101m jost\u0101m, piln\u012bb\u0101 sader\u012bga ar DAA LYNX un Premium jost\u0101m. Galven\u0101s iez\u012bmes ietver:<\/p>\n<ul>\n<li>Piln\u012bb\u0101 CNC apstr\u0101d\u0101ta alum\u012bnija konstrukcija nep\u0101rsp\u0113jamai stingr\u012bbai un iztur\u012bbai<\/li>\n<li>No\u0146emams jostas stiprin\u0101jums vieglai p\u0101rvad\u0101\u0161anai un uzglab\u0101\u0161anai<\/li>\n<li>Inovat\u012bva sl\u012bpuma regul\u0113\u0161anas sist\u0113ma personaliz\u0113tam komfortam<\/li>\n<li>Iek\u013cauts aug\u0161stilba paliktnis uzlabotai stabilit\u0101tei<\/li>\n<\/ul>\n<p>Unik\u0101l\u0101s sl\u012bpuma opcijas \u013cauj novietot maksti vertik\u0101li vai da\u017e\u0101dos le\u0146\u0137os, nodro\u0161inot optim\u0101lu komfortu neatkar\u012bgi no \u0137erme\u0146a tipa vai jostas novietojuma. Izbaudiet augst\u0101ko piel\u0101go\u0161anas un veiktsp\u0113jas l\u012bmeni ar Flex Maksti.<\/p>\n","protected":false},"excerpt":{"rendered":"<p>Iztur\u012bgs CNC alum\u012bnija maksts ar regul\u0113jamu sl\u012bpumu un no\u0146emamu pakaramo.<\/p>\n","protected":false},"featured_media":28873,"template":"","meta":{"_acf_changed":false},"product_brand":[11271],"product_cat":[13835,13808,13833,13814],"product_tag":[],"class_list":{"0":"post-44203","1":"product","2":"type-product","3":"status-publish","4":"has-post-thumbnail","6":"product_brand-doublealpha","7":"product_cat-aprikojums","8":"product_cat-holstera-piederumi","9":"product_cat-holsters","10":"product_cat-sporta-holsters","12":"first","13":"instock","14":"taxable","15":"shipping-taxable","16":"purchasable","17":"product-type-variable","18":"wvs-archive-product-wrapper"},"acf":[],"_links":{"self":[{"href":"https:\/\/nbg.eu\/lv\/wp-json\/wp\/v2\/product\/44203","targetHints":{"allow":["GET"]}}],"collection":[{"href":"https:\/\/nbg.eu\/lv\/wp-json\/wp\/v2\/product"}],"about":[{"href":"https:\/\/nbg.eu\/lv\/wp-json\/wp\/v2\/types\/product"}],"wp:featuredmedia":[{"embeddable":true,"href":"https:\/\/nbg.eu\/lv\/wp-json\/wp\/v2\/media\/28873"}],"wp:attachment":[{"href":"https:\/\/nbg.eu\/lv\/wp-json\/wp\/v2\/media?parent=44203"}],"wp:term":[{"taxonomy":"product_brand","embeddable":true,"href":"https:\/\/nbg.eu\/lv\/wp-json\/wp\/v2\/product_brand?post=44203"},{"taxonomy":"product_cat","embeddable":true,"href":"https:\/\/nbg.eu\/lv\/wp-json\/wp\/v2\/product_cat?post=44203"},{"taxonomy":"product_tag","embeddable":true,"href":"https:\/\/nbg.eu\/lv\/wp-json\/wp\/v2\/product_tag?post=44203"}],"curies":[{"name":"wp","href":"https:\/\/api.w.org\/{rel}","templated":true}]}}