{"id":44336,"date":"2024-08-18T19:23:04","date_gmt":"2024-08-18T19:23:04","guid":{"rendered":"https:\/\/nbg.eu\/product\/d%d0%b0%d0%b0-ratchet-inner-belt\/"},"modified":"2026-01-21T12:22:19","modified_gmt":"2026-01-21T09:22:19","slug":"daa-ratchet-inner-belt","status":"publish","type":"product","link":"https:\/\/nbg.eu\/lv\/product\/daa-ratchet-inner-belt\/","title":{"rendered":"D\u0410\u0410 Ratchet Inner Belt"},"content":{"rendered":"<h2>DAA Spr\u016bdrata Iek\u0161\u0113j\u0101 Josta<\/h2>\n<p>Izbaudiet nep\u0101rsp\u0113jamu komfortu ar inovat\u012bvo DAA Spr\u016bdrata Iek\u0161\u0113jo Jostu. Tai ir unik\u0101la salok\u0101ma sekcija, kas paredz\u0113ta novieto\u0161anai zem spr\u016bdrata, \u0161\u012b josta nov\u0113r\u0161 ne\u0113rtus spiediena punktus, kad j\u016bs pievelkat un sa\u012bsin\u0101t \u0101r\u0113jo jostu.<\/p>\n<ul>\n<li>Salok\u0101ma sekcija bez plastmasas serdes vai Velcro, vieglai saloc\u012b\u0161anai<\/li>\n<li>Smaili gali vieglai iev\u0113r\u0161anai caur bik\u0161u cilp\u0101m<\/li>\n<li>P\u0101r\u0101ks komforts sal\u012bdzin\u0101jum\u0101 ar tradicion\u0101laj\u0101m iek\u0161\u0113j\u0101m jost\u0101m<\/li>\n<li>Izgatavota no t\u0101diem pa\u0161iem augstas kvalit\u0101tes materi\u0101liem k\u0101 standarta DAA iek\u0161\u0113j\u0101s jostas<\/li>\n<\/ul>\n<p>Atvadieties no diskomforta, ko rada cieti materi\u0101li, kas viegli neloc\u0101s. DAA Spr\u016bdrata Iek\u0161\u0113j\u0101 Josta nodro\u0161ina cie\u0161u piegu\u013co\u0161anu, neupur\u0113jot komfortu, padarot to par ide\u0101lu izv\u0113li pras\u012bgiem lietot\u0101jiem, kuri pieprasa lab\u0101ko jostu tehnolo\u0123iju.<\/p>\n","protected":false},"excerpt":{"rendered":"<p>\u0112rta iek\u0161\u0113j\u0101 josta ar salok\u0101mu da\u013cu spr\u016bdrata spr\u0101dz\u0113m.<\/p>\n","protected":false},"featured_media":29057,"template":"","meta":{"_acf_changed":false},"product_brand":[11271],"product_cat":[13835,13761],"product_tag":[],"class_list":{"0":"post-44336","1":"product","2":"type-product","3":"status-publish","4":"has-post-thumbnail","6":"product_brand-doublealpha","7":"product_cat-aprikojums","8":"product_cat-sporta-jostas","10":"first","11":"instock","12":"taxable","13":"shipping-taxable","14":"purchasable","15":"product-type-variable","16":"wvs-archive-product-wrapper"},"acf":[],"_links":{"self":[{"href":"https:\/\/nbg.eu\/lv\/wp-json\/wp\/v2\/product\/44336","targetHints":{"allow":["GET"]}}],"collection":[{"href":"https:\/\/nbg.eu\/lv\/wp-json\/wp\/v2\/product"}],"about":[{"href":"https:\/\/nbg.eu\/lv\/wp-json\/wp\/v2\/types\/product"}],"wp:featuredmedia":[{"embeddable":true,"href":"https:\/\/nbg.eu\/lv\/wp-json\/wp\/v2\/media\/29057"}],"wp:attachment":[{"href":"https:\/\/nbg.eu\/lv\/wp-json\/wp\/v2\/media?parent=44336"}],"wp:term":[{"taxonomy":"product_brand","embeddable":true,"href":"https:\/\/nbg.eu\/lv\/wp-json\/wp\/v2\/product_brand?post=44336"},{"taxonomy":"product_cat","embeddable":true,"href":"https:\/\/nbg.eu\/lv\/wp-json\/wp\/v2\/product_cat?post=44336"},{"taxonomy":"product_tag","embeddable":true,"href":"https:\/\/nbg.eu\/lv\/wp-json\/wp\/v2\/product_tag?post=44336"}],"curies":[{"name":"wp","href":"https:\/\/api.w.org\/{rel}","templated":true}]}}