{"id":44501,"date":"2024-08-18T09:39:25","date_gmt":"2024-08-18T09:39:25","guid":{"rendered":"https:\/\/nbg.eu\/product\/corn-cob-media-4kg\/"},"modified":"2026-01-21T12:00:20","modified_gmt":"2026-01-21T09:00:20","slug":"corn-cob-media-4kg","status":"publish","type":"product","link":"https:\/\/nbg.eu\/lv\/product\/corn-cob-media-4kg\/","title":{"rendered":"Corn Cob Media 4Kg"},"content":{"rendered":"<h2>Kukur\u016bzas V\u0101l\u012b\u0161u Media 4Kg<\/h2>\n<p>Uzlabojiet savu misi\u0146a t\u012br\u012b\u0161anas procesu ar m\u016bsu augst\u0101k\u0101s kvalit\u0101tes 4kg Kukur\u016bzas V\u0101l\u012b\u0161u Media. \u0160is augstas kvalit\u0101tes materi\u0101ls ir paredz\u0113ts, lai:<\/p>\n<ul>\n<li>No\u0146emtu granti, net\u012brumus un pulvera atliekas no j\u016bsu \u010daul\u012bt\u0113m<\/li>\n<li>Pie\u0161\u0137irtu j\u016bsu misi\u0146am skaistu sp\u012bdumu<\/li>\n<li>Izt\u012br\u012btu pat vismaz\u0101k\u0101s \u010daul\u012b\u0161u malu un kapseles ligzdas vietas<\/li>\n<\/ul>\n<p>Ide\u0101li piem\u0113rots lieto\u0161anai mazos l\u012bdz vid\u0113ja izm\u0113ra trumul\u012b\u0161os un vibratoros, m\u016bsu smalko graudu media nodro\u0161ina r\u016bp\u012bgu misi\u0146a \u010daul\u012b\u0161u t\u012br\u012b\u0161anu. 4kg daudzums \u013cauj to izmantot vair\u0101kk\u0101rt, nodro\u0161inot lielisku cenas un v\u0113rt\u012bbas attiec\u012bbu.<\/p>\n<p>Lai gan \u0161o materi\u0101lu var izmantot atk\u0101rtoti, m\u0113s iesak\u0101m to periodiski nomain\u012bt, lai saglab\u0101tu optim\u0101lus t\u012br\u012b\u0161anas rezult\u0101tus. Ieguldiet m\u016bsu Kukur\u016bzas V\u0101l\u012b\u0161u Media jau \u0161odien un izbaudiet at\u0161\u0137ir\u012bbu sav\u0101 p\u0101rl\u0101d\u0113\u0161anas proces\u0101!<\/p>\n","protected":false},"excerpt":{"rendered":"<p>4 kg kukur\u016bzas v\u0101l\u012b\u0161u materi\u0101ls: T\u012bra un pul\u0113 misi\u0146a \u010daul\u012btes, atk\u0101rtoti lietojams.<\/p>\n","protected":false},"featured_media":28574,"template":"","meta":{"_acf_changed":false},"product_brand":[],"product_cat":[13770,13813],"product_tag":[],"class_list":{"0":"post-44501","1":"product","2":"type-product","3":"status-publish","4":"has-post-thumbnail","6":"product_cat-caulu-sagatavosana","7":"product_cat-parladesana","9":"first","10":"outofstock","11":"taxable","12":"shipping-taxable","13":"purchasable","14":"product-type-simple"},"acf":[],"_links":{"self":[{"href":"https:\/\/nbg.eu\/lv\/wp-json\/wp\/v2\/product\/44501","targetHints":{"allow":["GET"]}}],"collection":[{"href":"https:\/\/nbg.eu\/lv\/wp-json\/wp\/v2\/product"}],"about":[{"href":"https:\/\/nbg.eu\/lv\/wp-json\/wp\/v2\/types\/product"}],"wp:featuredmedia":[{"embeddable":true,"href":"https:\/\/nbg.eu\/lv\/wp-json\/wp\/v2\/media\/28574"}],"wp:attachment":[{"href":"https:\/\/nbg.eu\/lv\/wp-json\/wp\/v2\/media?parent=44501"}],"wp:term":[{"taxonomy":"product_brand","embeddable":true,"href":"https:\/\/nbg.eu\/lv\/wp-json\/wp\/v2\/product_brand?post=44501"},{"taxonomy":"product_cat","embeddable":true,"href":"https:\/\/nbg.eu\/lv\/wp-json\/wp\/v2\/product_cat?post=44501"},{"taxonomy":"product_tag","embeddable":true,"href":"https:\/\/nbg.eu\/lv\/wp-json\/wp\/v2\/product_tag?post=44501"}],"curies":[{"name":"wp","href":"https:\/\/api.w.org\/{rel}","templated":true}]}}