{"id":44570,"date":"2024-08-18T12:38:38","date_gmt":"2024-08-18T09:38:38","guid":{"rendered":"https:\/\/nbg.eu\/product\/daa-primer-pro-collator-small-primer\/"},"modified":"2026-01-21T11:44:55","modified_gmt":"2026-01-21T08:44:55","slug":"daa-primer-pro-collator-small-primer","status":"publish","type":"product","link":"https:\/\/nbg.eu\/lv\/product\/daa-primer-pro-collator-small-primer\/","title":{"rendered":"Daa Primer-Pro Collator Small Primer"},"content":{"rendered":"<h2>Daa Primer-Pro Kolators Mazajiem Kapsuldetonatoriem<\/h2>\n<p>Revolucioniz\u0113jiet savu p\u0101rl\u0101d\u0113\u0161anas procesu ar Double-Alpha PRIMER-PRO! \u0160\u012b inovat\u012bv\u0101, patentpiesac\u012bt\u0101 ier\u012bce pied\u0101v\u0101 unik\u0101lu risin\u0101jumu mazu \u0161aute\u0146u un pisto\u013cu kapsuldetonatoru apstr\u0101dei.<\/p>\n<ul>\n<li>Efekt\u012bvs kolatora tipa dizains ar 20 prec\u012bzi veidotiem kan\u0101liem<\/li>\n<li>Uzticama atmetuma sist\u0113ma nodro\u0161ina pareizu kapsuldetonatoru orient\u0101ciju<\/li>\n<li>Optiskais sensors skaita kapsuldetonatorus un apst\u0101jas pie 100<\/li>\n<li>Inteli\u0123enta iespr\u016bdumu nov\u0113r\u0161ana un viegla probl\u0113mu atrisin\u0101\u0161ana<\/li>\n<li>Inovat\u012bva izvades aktuatora svira vienm\u0113r\u012bgai kapsuldetonatoru novieto\u0161anai<\/li>\n<li>Iek\u013cauts viens magn\u0113tiskais uzgalis Dillon kapsuldetonatoru caurulei<\/li>\n<li>12V l\u012bdzstr\u0101vas baro\u0161anas avots ar ASV\/ES adapteriem un 2m vadu<\/li>\n<\/ul>\n<p>Piez\u012bme: Kapsuldetonatoru caurule nav iek\u013cauta. Papildu magn\u0113tiskie uzga\u013ci pieejami atsevi\u0161\u0137i.<\/p>\n","protected":false},"excerpt":{"rendered":"<p>Efekt\u012bvs, uzticams mazu kapsulu kolators \u0101tr\u0101kai mun\u012bcijas p\u0101rl\u0101d\u0113\u0161anai.<\/p>\n","protected":false},"featured_media":28206,"template":"","meta":{"_acf_changed":false},"product_brand":[11271],"product_cat":[13813,13760],"product_tag":[],"class_list":{"0":"post-44570","1":"product","2":"type-product","3":"status-publish","4":"has-post-thumbnail","6":"product_brand-doublealpha","7":"product_cat-parladesana","8":"product_cat-parladesanas-masinas","10":"first","11":"outofstock","12":"taxable","13":"shipping-taxable","14":"purchasable","15":"product-type-simple"},"acf":[],"_links":{"self":[{"href":"https:\/\/nbg.eu\/lv\/wp-json\/wp\/v2\/product\/44570","targetHints":{"allow":["GET"]}}],"collection":[{"href":"https:\/\/nbg.eu\/lv\/wp-json\/wp\/v2\/product"}],"about":[{"href":"https:\/\/nbg.eu\/lv\/wp-json\/wp\/v2\/types\/product"}],"wp:featuredmedia":[{"embeddable":true,"href":"https:\/\/nbg.eu\/lv\/wp-json\/wp\/v2\/media\/28206"}],"wp:attachment":[{"href":"https:\/\/nbg.eu\/lv\/wp-json\/wp\/v2\/media?parent=44570"}],"wp:term":[{"taxonomy":"product_brand","embeddable":true,"href":"https:\/\/nbg.eu\/lv\/wp-json\/wp\/v2\/product_brand?post=44570"},{"taxonomy":"product_cat","embeddable":true,"href":"https:\/\/nbg.eu\/lv\/wp-json\/wp\/v2\/product_cat?post=44570"},{"taxonomy":"product_tag","embeddable":true,"href":"https:\/\/nbg.eu\/lv\/wp-json\/wp\/v2\/product_tag?post=44570"}],"curies":[{"name":"wp","href":"https:\/\/api.w.org\/{rel}","templated":true}]}}