{"id":44646,"date":"2024-08-18T12:37:34","date_gmt":"2024-08-18T09:37:34","guid":{"rendered":"https:\/\/nbg.eu\/product\/flex-holster-spare-slide-lock-teeth-set\/"},"modified":"2026-01-21T11:50:07","modified_gmt":"2026-01-21T08:50:07","slug":"flex-holster-spare-slide-lock-teeth-set","status":"publish","type":"product","link":"https:\/\/nbg.eu\/lv\/product\/flex-holster-spare-slide-lock-teeth-set\/","title":{"rendered":"Flex Holster &#8211; Spare Slide-Lock Teeth Set"},"content":{"rendered":"<div class=\"product-description\">\n<h2>Flex maksts &#8211; Rezerves b\u012bd\u0101m\u0101s sl\u0113dzenes zobu komplekts<\/h2>\n<p>Uzlabojiet savu Flex maksti ar \u0161o sarkano b\u012bd\u0101m\u0101s sl\u0113dzenes zobu nomai\u0146as komplektu. Sader\u012bgs gan ar A-tipa, gan B-tipa ielikt\u0146u blokiem, \u0161is komplekts ietver:<\/p>\n<ul>\n<li>Sarkani b\u012bd\u0101m\u0101s sl\u0113dzenes zobi<\/li>\n<li>Mont\u0101\u017eas apr\u012bkojums (skr\u016bves un uzgrie\u017e\u0146i)<\/li>\n<\/ul>\n<p>Viegli uzlabojiet vai nomainiet eso\u0161os zobus optim\u0101lai veiktsp\u0113jai un dro\u0161ai piegul\u0113\u0161anai.<\/p>\n<\/div>\n","protected":false},"excerpt":{"rendered":"<p>Nomai\u0146as sarkanie sl\u012bdsl\u0113d\u017ea zobi Flex makstij ar stiprin\u0101jumiem.<\/p>\n","protected":false},"featured_media":30502,"template":"","meta":{"_acf_changed":false},"product_brand":[11271],"product_cat":[13808,13833,13814],"product_tag":[],"class_list":{"0":"post-44646","1":"product","2":"type-product","3":"status-publish","4":"has-post-thumbnail","6":"product_brand-doublealpha","7":"product_cat-holstera-piederumi","8":"product_cat-holsters","9":"product_cat-sporta-holsters","11":"first","12":"instock","13":"taxable","14":"shipping-taxable","15":"purchasable","16":"product-type-simple"},"acf":[],"_links":{"self":[{"href":"https:\/\/nbg.eu\/lv\/wp-json\/wp\/v2\/product\/44646","targetHints":{"allow":["GET"]}}],"collection":[{"href":"https:\/\/nbg.eu\/lv\/wp-json\/wp\/v2\/product"}],"about":[{"href":"https:\/\/nbg.eu\/lv\/wp-json\/wp\/v2\/types\/product"}],"wp:featuredmedia":[{"embeddable":true,"href":"https:\/\/nbg.eu\/lv\/wp-json\/wp\/v2\/media\/30502"}],"wp:attachment":[{"href":"https:\/\/nbg.eu\/lv\/wp-json\/wp\/v2\/media?parent=44646"}],"wp:term":[{"taxonomy":"product_brand","embeddable":true,"href":"https:\/\/nbg.eu\/lv\/wp-json\/wp\/v2\/product_brand?post=44646"},{"taxonomy":"product_cat","embeddable":true,"href":"https:\/\/nbg.eu\/lv\/wp-json\/wp\/v2\/product_cat?post=44646"},{"taxonomy":"product_tag","embeddable":true,"href":"https:\/\/nbg.eu\/lv\/wp-json\/wp\/v2\/product_tag?post=44646"}],"curies":[{"name":"wp","href":"https:\/\/api.w.org\/{rel}","templated":true}]}}