{"id":44690,"date":"2024-08-18T12:36:41","date_gmt":"2024-08-18T09:36:41","guid":{"rendered":"https:\/\/nbg.eu\/product\/mr-bulletfeeder-pro-9-38s\/"},"modified":"2026-01-21T11:49:12","modified_gmt":"2026-01-21T08:49:12","slug":"mr-bulletfeeder-pro-9-38s","status":"publish","type":"product","link":"https:\/\/nbg.eu\/lv\/product\/mr-bulletfeeder-pro-9-38s\/","title":{"rendered":"Mr.Bulletfeeder Pro 9\/38S"},"content":{"rendered":"<div class=\"product-description\">\n<h2>Mr.Bulletfeeder Pro 9\/38S<\/h2>\n<p>Uzlabojiet savu p\u0101rl\u0101d\u0113\u0161anas procesu ar Mr.Bulletfeeder Pro 9\/38S &#8211; ultimat\u012bvo risin\u0101jumu liela apjoma mun\u012bcijas ra\u017eo\u0161anai. \u0160im modernajam lo\u017eu padev\u0113jam ir \u0161\u0101das priek\u0161roc\u012bbas:<\/p>\n<ul>\n<li>Milz\u012bga ietilp\u012bba: Ietilpst vair\u0101k nek\u0101 1000 9mm 124 gr lo\u017eu<\/li>\n<li>Iespaid\u012bga ra\u017e\u012bba: L\u012bdz 7200 lo\u017eu stund\u0101<\/li>\n<li>Iztur\u012bga konstrukcija: T\u0113rauda padeves matrice uzlabotai iztur\u012bbai<\/li>\n<li>Regul\u0113jams stat\u012bvs: Alum\u012bnija, teleskopisks un augstum\u0101 regul\u0113jams optim\u0101lai pozicion\u0113\u0161anai<\/li>\n<li>Uzlabota uzticam\u012bba: Smag\u0101kas deta\u013cas nodro\u0161ina konsekventu veiktsp\u0113ju<\/li>\n<\/ul>\n<p>Ide\u0101li piem\u0113rots komerci\u0101lajiem p\u0101rl\u0101d\u0113t\u0101jiem un liela apjoma \u0161\u0101v\u0113jiem, Mr.Bulletfeeder Pro 9\/38S optimiz\u0113 j\u016bsu mun\u012bcijas ra\u017eo\u0161anas procesu, ietaupot laiku un p\u016bles.<\/p>\n<\/div>\n","protected":false},"excerpt":{"rendered":"<p>Mr.Bulletfeeder Pro 9\/38S: Augstas ietilp\u012bbas lo\u017eu padeve nopietniem p\u0101rl\u0101d\u0113t\u0101jiem.<\/p>\n","protected":false},"featured_media":27539,"template":"","meta":{"_acf_changed":false},"product_brand":[11271],"product_cat":[13813,13760],"product_tag":[],"class_list":{"0":"post-44690","1":"product","2":"type-product","3":"status-publish","4":"has-post-thumbnail","6":"product_brand-doublealpha","7":"product_cat-parladesana","8":"product_cat-parladesanas-masinas","10":"first","11":"outofstock","12":"taxable","13":"shipping-taxable","14":"purchasable","15":"product-type-simple"},"acf":[],"_links":{"self":[{"href":"https:\/\/nbg.eu\/lv\/wp-json\/wp\/v2\/product\/44690","targetHints":{"allow":["GET"]}}],"collection":[{"href":"https:\/\/nbg.eu\/lv\/wp-json\/wp\/v2\/product"}],"about":[{"href":"https:\/\/nbg.eu\/lv\/wp-json\/wp\/v2\/types\/product"}],"wp:featuredmedia":[{"embeddable":true,"href":"https:\/\/nbg.eu\/lv\/wp-json\/wp\/v2\/media\/27539"}],"wp:attachment":[{"href":"https:\/\/nbg.eu\/lv\/wp-json\/wp\/v2\/media?parent=44690"}],"wp:term":[{"taxonomy":"product_brand","embeddable":true,"href":"https:\/\/nbg.eu\/lv\/wp-json\/wp\/v2\/product_brand?post=44690"},{"taxonomy":"product_cat","embeddable":true,"href":"https:\/\/nbg.eu\/lv\/wp-json\/wp\/v2\/product_cat?post=44690"},{"taxonomy":"product_tag","embeddable":true,"href":"https:\/\/nbg.eu\/lv\/wp-json\/wp\/v2\/product_tag?post=44690"}],"curies":[{"name":"wp","href":"https:\/\/api.w.org\/{rel}","templated":true}]}}