{"id":44712,"date":"2024-08-18T12:36:21","date_gmt":"2024-08-18T09:36:21","guid":{"rendered":"https:\/\/nbg.eu\/product\/ced-deluxe-quick-patch-tape-gun\/"},"modified":"2026-01-21T11:42:34","modified_gmt":"2026-01-21T08:42:34","slug":"ced-deluxe-quick-patch-tape-gun","status":"publish","type":"product","link":"https:\/\/nbg.eu\/lv\/product\/ced-deluxe-quick-patch-tape-gun\/","title":{"rendered":"Ced Deluxe Quick Patch Tape Gun"},"content":{"rendered":"<p>Iepaz\u012bstieties ar CED Deluxe Quick Patch l\u012bmlentes pistoli: gal\u012bgo risin\u0101jumu m\u0113r\u0137a caurumu aizl\u012bm\u0113\u0161anai!<\/p>\n<ul>\n<li>\u0100tr\u0101ka un viegl\u0101ka nek\u0101 manu\u0101l\u0101 aizl\u012bm\u0113\u0161ana<\/li>\n<li>Sader\u012bga ar liel\u0101ko da\u013cu pilna izm\u0113ra iel\u0101pu<\/li>\n<li>Vienk\u0101r\u0161a saspie\u0161anas un atlai\u0161anas darb\u012bba<\/li>\n<li>Viegli m\u0113r\u0137\u0113t, lietot un uzpild\u012bt<\/li>\n<li>Palielina efektivit\u0101ti un ietaupa laiku<\/li>\n<li>Jautra un viegla lieto\u0161ana<\/li>\n<\/ul>\n<p>Uzlabojiet savu m\u0113r\u0137a praksi ar CED Deluxe l\u012bmlentes pistoli &#8211; visu vien\u0101 instrumentu \u0101trai un efekt\u012bvai aizl\u012bm\u0113\u0161anai!<\/p>\n","protected":false},"excerpt":{"rendered":"<p>Efekt\u012bvs m\u0113r\u0137a l\u0101p\u012b\u0161anas r\u012bks. Viegli lietojams, uzl\u0101d\u0113jams un m\u0113r\u0137\u0113jams. Jautri!<\/p>\n","protected":false},"featured_media":27516,"template":"","meta":{"_acf_changed":false},"product_brand":[11271],"product_cat":[13831,13783,13762],"product_tag":[],"class_list":{"0":"post-44712","1":"product","2":"type-product","3":"status-publish","4":"has-post-thumbnail","6":"product_brand-doublealpha","7":"product_cat-lupatinas-un-lupatu-turetaji","8":"product_cat-merki","9":"product_cat-papira-merki","11":"first","12":"instock","13":"taxable","14":"shipping-taxable","15":"purchasable","16":"product-type-simple"},"acf":[],"_links":{"self":[{"href":"https:\/\/nbg.eu\/lv\/wp-json\/wp\/v2\/product\/44712","targetHints":{"allow":["GET"]}}],"collection":[{"href":"https:\/\/nbg.eu\/lv\/wp-json\/wp\/v2\/product"}],"about":[{"href":"https:\/\/nbg.eu\/lv\/wp-json\/wp\/v2\/types\/product"}],"wp:featuredmedia":[{"embeddable":true,"href":"https:\/\/nbg.eu\/lv\/wp-json\/wp\/v2\/media\/27516"}],"wp:attachment":[{"href":"https:\/\/nbg.eu\/lv\/wp-json\/wp\/v2\/media?parent=44712"}],"wp:term":[{"taxonomy":"product_brand","embeddable":true,"href":"https:\/\/nbg.eu\/lv\/wp-json\/wp\/v2\/product_brand?post=44712"},{"taxonomy":"product_cat","embeddable":true,"href":"https:\/\/nbg.eu\/lv\/wp-json\/wp\/v2\/product_cat?post=44712"},{"taxonomy":"product_tag","embeddable":true,"href":"https:\/\/nbg.eu\/lv\/wp-json\/wp\/v2\/product_tag?post=44712"}],"curies":[{"name":"wp","href":"https:\/\/api.w.org\/{rel}","templated":true}]}}