{"id":44826,"date":"2024-08-18T09:34:28","date_gmt":"2024-08-18T09:34:28","guid":{"rendered":"https:\/\/nbg.eu\/product\/daa-magnet-with-m5-screw-for-rm-pouch\/"},"modified":"2026-01-21T11:51:52","modified_gmt":"2026-01-21T08:51:52","slug":"daa-magnet-with-m5-screw-for-rm-pouch","status":"publish","type":"product","link":"https:\/\/nbg.eu\/lv\/product\/daa-magnet-with-m5-screw-for-rm-pouch\/","title":{"rendered":"D\u0410\u0410 Magnet With M5 Screw"},"content":{"rendered":"<h2>DAA Superspriec\u012bgs Magn\u0113ts Alpha-Xi\/X un Race Master Maci\u0146iem<\/h2>\n<p>Uzlabojiet savu \u0161au\u0161anas apr\u012bkojumu ar m\u016bsu jaud\u012bgajiem DAA Superspriec\u012bgajiem magn\u0113tiem, kas izstr\u0101d\u0101ti Alpha-Xi, Alpha-X un Race Master maci\u0146iem.<\/p>\n<ul>\n<li>Cinkots iztur\u012bbai<\/li>\n<li>Iespaid\u012bgs 87kg vilk\u0161anas sp\u0113ks<\/li>\n<li>50mm diametrs, 12mm biezs (ieskaitot apvalku)<\/li>\n<li>Dro\u0161a piestiprin\u0101\u0161ana ar M5 skr\u016bvi<\/li>\n<\/ul>\n<p>Uzst\u0101d\u012b\u0161ana ir vienk\u0101r\u0161a:<\/p>\n<ol>\n<li>Izveidojiet 4.2mm caurumu maci\u0146a priek\u0161pus\u0113 ar M5 v\u012bt\u0146urbi<\/li>\n<li>Uzman\u012bgi ieskr\u016bv\u0113jiet magn\u0113tu<\/li>\n<li>Nostipriniet ar LockTite papildu stabilit\u0101tei<\/li>\n<\/ol>\n<p>Izbaudiet p\u0101rliecino\u0161u magaz\u012bnas ievieto\u0161anu un notur\u0113\u0161anu dinamisko kust\u012bbu laik\u0101. Uzlabojiet savu maci\u0146u jau \u0161odien, lai paaugstin\u0101tu sniegumu!<\/p>\n","protected":false},"excerpt":{"rendered":"<p>Sp\u0113c\u012bgs M5 skr\u016bves magn\u0113ts Alpha-Xi\/X un Race Master makst\u012bm.<\/p>\n","protected":false},"featured_media":27332,"template":"","meta":{"_acf_changed":false},"product_brand":[11271],"product_cat":[13808,13833,13814],"product_tag":[],"class_list":{"0":"post-44826","1":"product","2":"type-product","3":"status-publish","4":"has-post-thumbnail","6":"product_brand-doublealpha","7":"product_cat-holstera-piederumi","8":"product_cat-holsters","9":"product_cat-sporta-holsters","11":"first","12":"instock","13":"taxable","14":"shipping-taxable","15":"purchasable","16":"product-type-simple"},"acf":[],"_links":{"self":[{"href":"https:\/\/nbg.eu\/lv\/wp-json\/wp\/v2\/product\/44826","targetHints":{"allow":["GET"]}}],"collection":[{"href":"https:\/\/nbg.eu\/lv\/wp-json\/wp\/v2\/product"}],"about":[{"href":"https:\/\/nbg.eu\/lv\/wp-json\/wp\/v2\/types\/product"}],"wp:featuredmedia":[{"embeddable":true,"href":"https:\/\/nbg.eu\/lv\/wp-json\/wp\/v2\/media\/27332"}],"wp:attachment":[{"href":"https:\/\/nbg.eu\/lv\/wp-json\/wp\/v2\/media?parent=44826"}],"wp:term":[{"taxonomy":"product_brand","embeddable":true,"href":"https:\/\/nbg.eu\/lv\/wp-json\/wp\/v2\/product_brand?post=44826"},{"taxonomy":"product_cat","embeddable":true,"href":"https:\/\/nbg.eu\/lv\/wp-json\/wp\/v2\/product_cat?post=44826"},{"taxonomy":"product_tag","embeddable":true,"href":"https:\/\/nbg.eu\/lv\/wp-json\/wp\/v2\/product_tag?post=44826"}],"curies":[{"name":"wp","href":"https:\/\/api.w.org\/{rel}","templated":true}]}}