{"id":44936,"date":"2024-08-18T12:31:43","date_gmt":"2024-08-18T09:31:43","guid":{"rendered":"https:\/\/nbg.eu\/product\/daa-reloading-hex-key-set\/"},"modified":"2026-05-13T16:02:56","modified_gmt":"2026-05-13T13:02:56","slug":"daa-reloading-hex-key-set","status":"publish","type":"product","link":"https:\/\/nbg.eu\/lv\/product\/daa-reloading-hex-key-set\/","title":{"rendered":"Daa Reloading Hex Key Set"},"content":{"rendered":"<p>Uzlabojiet savu p\u0101rl\u0101d\u0113\u0161anas pieredzi ar DAA p\u0101rl\u0101d\u0113\u0161anas se\u0161st\u016bra atsl\u0113gu komplektu. \u0160is 7 garo, lodveida galu Allen uzgrie\u017e\u0146u atsl\u0113gu komplekts ietver:<\/p>\n<ul>\n<li>Augst\u0101k\u0101s kvalit\u0101tes konstrukcija<\/li>\n<li>Spilgti sarkani vinila p\u0101rkl\u0101juma pleci lab\u0101kai redzam\u012bbai<\/li>\n<li>Ide\u0101li piem\u0113rots Dillon un cit\u0101m ASV ra\u017eot\u0101m pres\u0113m<\/li>\n<li>Izm\u0113ri: 5\/64&#8243;, 3\/32&#8243;, 1\/8&#8243;, 9\/64&#8243;, 5\/32&#8243;, 3\/16&#8243;, 1\/4&#8243;<\/li>\n<\/ul>\n<p>Ide\u0101ls papildin\u0101jums DAA p\u0101rl\u0101d\u0113\u0161anas preses instrumentu tur\u0113t\u0101jam.<\/p>\n","protected":false},"excerpt":{"rendered":"<p>7 gabalu se\u0161st\u016bra atsl\u0113gu komplekts ar lodveida galiem ASV p\u0101rl\u0101d\u0113\u0161anas pres\u0113m. Sarkana vinila.<\/p>\n","protected":false},"featured_media":27148,"template":"","meta":{"_acf_changed":false},"product_brand":[11271],"product_cat":[13813,13802],"product_tag":[],"class_list":{"0":"post-44936","1":"product","2":"type-product","3":"status-publish","4":"has-post-thumbnail","6":"product_brand-doublealpha","7":"product_cat-parladesana","8":"product_cat-parladesanas-aksesuari","10":"first","11":"outofstock","12":"taxable","13":"shipping-taxable","14":"purchasable","15":"product-type-simple"},"acf":[],"_links":{"self":[{"href":"https:\/\/nbg.eu\/lv\/wp-json\/wp\/v2\/product\/44936","targetHints":{"allow":["GET"]}}],"collection":[{"href":"https:\/\/nbg.eu\/lv\/wp-json\/wp\/v2\/product"}],"about":[{"href":"https:\/\/nbg.eu\/lv\/wp-json\/wp\/v2\/types\/product"}],"wp:featuredmedia":[{"embeddable":true,"href":"https:\/\/nbg.eu\/lv\/wp-json\/wp\/v2\/media\/27148"}],"wp:attachment":[{"href":"https:\/\/nbg.eu\/lv\/wp-json\/wp\/v2\/media?parent=44936"}],"wp:term":[{"taxonomy":"product_brand","embeddable":true,"href":"https:\/\/nbg.eu\/lv\/wp-json\/wp\/v2\/product_brand?post=44936"},{"taxonomy":"product_cat","embeddable":true,"href":"https:\/\/nbg.eu\/lv\/wp-json\/wp\/v2\/product_cat?post=44936"},{"taxonomy":"product_tag","embeddable":true,"href":"https:\/\/nbg.eu\/lv\/wp-json\/wp\/v2\/product_tag?post=44936"}],"curies":[{"name":"wp","href":"https:\/\/api.w.org\/{rel}","templated":true}]}}