{"id":45024,"date":"2024-08-18T12:29:56","date_gmt":"2024-08-18T09:29:56","guid":{"rendered":"https:\/\/nbg.eu\/product\/buckle-kit-lynx\/"},"modified":"2026-01-21T11:55:57","modified_gmt":"2026-01-21T08:55:57","slug":"buckle-kit-lynx","status":"publish","type":"product","link":"https:\/\/nbg.eu\/lv\/product\/buckle-kit-lynx\/","title":{"rendered":"Buckle Kit &#8211; Lynx"},"content":{"rendered":"<div class=\"product-description\">\n<h2>Spr\u0101dzes komplekts &#8211; Lynx<\/h2>\n<p>Uzlabojiet savu Lynx jostu ar m\u016bsu lieto\u0161anai gatavo Spr\u0101dzes komplektu! \u0160is visaptvero\u0161ais komplekts ietver:<\/p>\n<ul>\n<li>Piln\u012bb\u0101 salikta Lynx spr\u0101dze<\/li>\n<li>Lynx jostas gala deta\u013ca<\/li>\n<li>50 velt\u0146tapas jostas mont\u0101\u017eai<\/li>\n<li>Rezerves silikona bl\u012bvgredzens<\/li>\n<li>\u012apa\u0161i izstr\u0101d\u0101ts t\u0113rauda mini caurumo\u0161anas instruments<\/li>\n<\/ul>\n<p>Vienk\u0101r\u0161i piestipriniet iepriek\u0161 salikto spr\u0101dzi savai Lynx jostai t\u016bl\u012bt\u0113jai lieto\u0161anai. M\u016bsu komplekts nodro\u0161ina visu nepiecie\u0161amo \u0101trai un vienk\u0101r\u0161ai jostas uzlabo\u0161anai.<\/p>\n<\/div>\n","protected":false},"excerpt":{"rendered":"<p>Gatavs lieto\u0161anai Lynx spr\u0101dzes komplekts ar instrumentiem vieglai jostas mont\u0101\u017eai.<\/p>\n","protected":false},"featured_media":26780,"template":"","meta":{"_acf_changed":false},"product_brand":[11271],"product_cat":[13835,13761],"product_tag":[],"class_list":{"0":"post-45024","1":"product","2":"type-product","3":"status-publish","4":"has-post-thumbnail","6":"product_brand-doublealpha","7":"product_cat-aprikojums","8":"product_cat-sporta-jostas","10":"first","11":"instock","12":"taxable","13":"shipping-taxable","14":"purchasable","15":"product-type-simple"},"acf":[],"_links":{"self":[{"href":"https:\/\/nbg.eu\/lv\/wp-json\/wp\/v2\/product\/45024","targetHints":{"allow":["GET"]}}],"collection":[{"href":"https:\/\/nbg.eu\/lv\/wp-json\/wp\/v2\/product"}],"about":[{"href":"https:\/\/nbg.eu\/lv\/wp-json\/wp\/v2\/types\/product"}],"wp:featuredmedia":[{"embeddable":true,"href":"https:\/\/nbg.eu\/lv\/wp-json\/wp\/v2\/media\/26780"}],"wp:attachment":[{"href":"https:\/\/nbg.eu\/lv\/wp-json\/wp\/v2\/media?parent=45024"}],"wp:term":[{"taxonomy":"product_brand","embeddable":true,"href":"https:\/\/nbg.eu\/lv\/wp-json\/wp\/v2\/product_brand?post=45024"},{"taxonomy":"product_cat","embeddable":true,"href":"https:\/\/nbg.eu\/lv\/wp-json\/wp\/v2\/product_cat?post=45024"},{"taxonomy":"product_tag","embeddable":true,"href":"https:\/\/nbg.eu\/lv\/wp-json\/wp\/v2\/product_tag?post=45024"}],"curies":[{"name":"wp","href":"https:\/\/api.w.org\/{rel}","templated":true}]}}