{"id":45046,"date":"2024-08-18T12:29:43","date_gmt":"2024-08-18T09:29:43","guid":{"rendered":"https:\/\/nbg.eu\/product\/daa-primer-tube-cap-5-pack\/"},"modified":"2026-05-13T15:10:59","modified_gmt":"2026-05-13T12:10:59","slug":"daa-primer-tube-cap-5-pack","status":"publish","type":"product","link":"https:\/\/nbg.eu\/lv\/product\/daa-primer-tube-cap-5-pack\/","title":{"rendered":"Daa Primer-Tube Cap, 5-Pack"},"content":{"rendered":"<p>\n<strong>DAA kapseles caurul\u012btes v\u0101ci\u0146\u0161, 5 gab. komplekts<\/strong><br \/>\nPiel\u0101goti silikona gumijas gala v\u0101ci\u0146i 8 mm kapseles caurul\u012bt\u0113m. Nov\u0113r\u0161 iz\u0161\u013cakst\u012b\u0161anos, izmantojot \u0101tr\u0101s uzpildes ier\u012bces. Viegli lietojami: uzb\u012bdiet, nolieciet plakaniski. Vairs nek\u0101du nek\u0101rt\u012bbu ar kapsel\u0113m!<\/p>\n<ul>\n<li>Der vairumam p\u0101rl\u0101d\u0113t\u0101ju caurul\u012b\u0161u<\/li>\n<li>Sader\u012bgs ar DAA Primer-Pro un citiem uzpild\u012bt\u0101jiem<\/li>\n<li>Kr\u0101sa: Sarkana<\/li>\n<li>Iepakojum\u0101 5 gab.<\/li>\n<\/ul>\n<p>Nodro\u0161iniet savas kapseles ar \u0161iem \u0113rtajiem v\u0101ci\u0146iem!<\/p>\n","protected":false},"excerpt":{"rendered":"<p>Dro\u0161as 8mm praimer\u0161u caurul\u012btes ar viegli uzliekamiem, nopl\u016bdes dro\u0161iem silikona v\u0101ci\u0146iem.<\/p>\n","protected":false},"featured_media":26734,"template":"","meta":{"_acf_changed":false},"product_brand":[11271],"product_cat":[13813,13802],"product_tag":[],"class_list":{"0":"post-45046","1":"product","2":"type-product","3":"status-publish","4":"has-post-thumbnail","6":"product_brand-doublealpha","7":"product_cat-parladesana","8":"product_cat-parladesanas-aksesuari","10":"first","11":"outofstock","12":"taxable","13":"shipping-taxable","14":"purchasable","15":"product-type-simple"},"acf":[],"_links":{"self":[{"href":"https:\/\/nbg.eu\/lv\/wp-json\/wp\/v2\/product\/45046","targetHints":{"allow":["GET"]}}],"collection":[{"href":"https:\/\/nbg.eu\/lv\/wp-json\/wp\/v2\/product"}],"about":[{"href":"https:\/\/nbg.eu\/lv\/wp-json\/wp\/v2\/types\/product"}],"wp:featuredmedia":[{"embeddable":true,"href":"https:\/\/nbg.eu\/lv\/wp-json\/wp\/v2\/media\/26734"}],"wp:attachment":[{"href":"https:\/\/nbg.eu\/lv\/wp-json\/wp\/v2\/media?parent=45046"}],"wp:term":[{"taxonomy":"product_brand","embeddable":true,"href":"https:\/\/nbg.eu\/lv\/wp-json\/wp\/v2\/product_brand?post=45046"},{"taxonomy":"product_cat","embeddable":true,"href":"https:\/\/nbg.eu\/lv\/wp-json\/wp\/v2\/product_cat?post=45046"},{"taxonomy":"product_tag","embeddable":true,"href":"https:\/\/nbg.eu\/lv\/wp-json\/wp\/v2\/product_tag?post=45046"}],"curies":[{"name":"wp","href":"https:\/\/api.w.org\/{rel}","templated":true}]}}