{"id":45112,"date":"2024-08-18T12:27:48","date_gmt":"2024-08-18T09:27:48","guid":{"rendered":"https:\/\/nbg.eu\/product\/thigh-pad-for-flex-alpha-x-racer-x-holsters\/"},"modified":"2026-01-21T11:41:07","modified_gmt":"2026-01-21T08:41:07","slug":"thigh-pad-for-flex-alpha-x-racer-x-holsters","status":"publish","type":"product","link":"https:\/\/nbg.eu\/lv\/product\/thigh-pad-for-flex-alpha-x-racer-x-holsters\/","title":{"rendered":"Thigh Pad For Flex \/ Alpha-X \/ Racer-X Holsters"},"content":{"rendered":"<div class=\"product-description\">\n<h2>DAA aug\u0161stilba polsteris Flex \/ Alpha-X \/ Racer-X makst\u012bm<\/h2>\n<p>Uzlabojiet savu \u0161au\u0161anas pieredzi ar DAA aug\u0161stilba polsteri, kas ir sader\u012bgs ar Alpha-X, Racer-X un FLEX makst\u012bm. \u0160is daudzpus\u012bgais polsteris pied\u0101v\u0101:<\/p>\n<ul>\n<li>Vienk\u0101r\u0161u uzst\u0101d\u012b\u0161anu &#8211; nav nepiecie\u0161amas skr\u016bves vai l\u012bme<\/li>\n<li>Dro\u0161u fiks\u0101ciju ar ieklink\u0161\u0137in\u0101m\u0101m m\u0113l\u012bt\u0113m<\/li>\n<li>Kompaktu, bet efekt\u012bvu dizainu<\/li>\n<li>Piem\u0113rots gan lab\u0101s, gan kreis\u0101s rokas makst\u012bm<\/li>\n<\/ul>\n<p>Vienk\u0101r\u0161i uzb\u012bdiet aug\u0161stilba polsteri uz maksts jostas stiprin\u0101juma, l\u012bdz m\u0113l\u012btes nofiks\u0113jas viet\u0101. No\u0146emiet, pavelkot m\u0113l\u012btes uz aug\u0161u un nob\u012bdot nost. \u0160is polsteris ir ide\u0101ls papildin\u0101jums j\u016bsu Double-Alpha makstij, nodro\u0161inot papildu komfortu un stabilit\u0101ti lab\u0101kajiem \u0161\u0101v\u0113jiem vis\u0101 pasaul\u0113.<\/p>\n<\/div>\n","protected":false},"excerpt":{"rendered":"<p>Alpha-X\/Racer-X aug\u0161stilbu polsteris: Dro\u0161s, \u0113rts, nav nepiecie\u0161ami instrumenti.<\/p>\n","protected":false},"featured_media":26284,"template":"","meta":{"_acf_changed":false},"product_brand":[11271],"product_cat":[13808,13814],"product_tag":[],"class_list":{"0":"post-45112","1":"product","2":"type-product","3":"status-publish","4":"has-post-thumbnail","6":"product_brand-doublealpha","7":"product_cat-holstera-piederumi","8":"product_cat-sporta-holsters","10":"first","11":"instock","12":"taxable","13":"shipping-taxable","14":"purchasable","15":"product-type-simple"},"acf":[],"_links":{"self":[{"href":"https:\/\/nbg.eu\/lv\/wp-json\/wp\/v2\/product\/45112","targetHints":{"allow":["GET"]}}],"collection":[{"href":"https:\/\/nbg.eu\/lv\/wp-json\/wp\/v2\/product"}],"about":[{"href":"https:\/\/nbg.eu\/lv\/wp-json\/wp\/v2\/types\/product"}],"wp:featuredmedia":[{"embeddable":true,"href":"https:\/\/nbg.eu\/lv\/wp-json\/wp\/v2\/media\/26284"}],"wp:attachment":[{"href":"https:\/\/nbg.eu\/lv\/wp-json\/wp\/v2\/media?parent=45112"}],"wp:term":[{"taxonomy":"product_brand","embeddable":true,"href":"https:\/\/nbg.eu\/lv\/wp-json\/wp\/v2\/product_brand?post=45112"},{"taxonomy":"product_cat","embeddable":true,"href":"https:\/\/nbg.eu\/lv\/wp-json\/wp\/v2\/product_cat?post=45112"},{"taxonomy":"product_tag","embeddable":true,"href":"https:\/\/nbg.eu\/lv\/wp-json\/wp\/v2\/product_tag?post=45112"}],"curies":[{"name":"wp","href":"https:\/\/api.w.org\/{rel}","templated":true}]}}