{"id":45156,"date":"2024-08-18T09:26:36","date_gmt":"2024-08-18T09:26:36","guid":{"rendered":"https:\/\/nbg.eu\/product\/daa-magnet-cover\/"},"modified":"2026-01-21T11:42:12","modified_gmt":"2026-01-21T08:42:12","slug":"daa-magnet-cover","status":"publish","type":"product","link":"https:\/\/nbg.eu\/lv\/product\/daa-magnet-cover\/","title":{"rendered":"DAA Magnet Cover"},"content":{"rendered":"<p>\nDAA magn\u0113ta p\u0101rsegs: Stil\u012bgs, iztur\u012bgs neilona p\u0101rsegs 48mm magn\u0113tiem. Apr\u012bkots ar magn\u0113tisku t\u0113rauda DAA logotipu. Samazina nev\u0113lamu magn\u0113tisko pievilk\u0161anos, saglab\u0101jot funkcionalit\u0101ti.<\/p>\n","protected":false},"excerpt":{"rendered":"<p>Stil\u012bgs, aizsarg\u0101jo\u0161s v\u0101ci\u0146\u0161 DAA 48 mm magn\u0113tiem. Samazina magn\u0113tisko pievilk\u0161an\u0101s sp\u0113ku.<\/p>\n","protected":false},"featured_media":26123,"template":"","meta":{"_acf_changed":false},"product_brand":[11271],"product_cat":[13808,13833],"product_tag":[],"class_list":{"0":"post-45156","1":"product","2":"type-product","3":"status-publish","4":"has-post-thumbnail","6":"product_brand-doublealpha","7":"product_cat-holstera-piederumi","8":"product_cat-holsters","10":"first","11":"instock","12":"taxable","13":"shipping-taxable","14":"purchasable","15":"product-type-simple"},"acf":[],"_links":{"self":[{"href":"https:\/\/nbg.eu\/lv\/wp-json\/wp\/v2\/product\/45156","targetHints":{"allow":["GET"]}}],"collection":[{"href":"https:\/\/nbg.eu\/lv\/wp-json\/wp\/v2\/product"}],"about":[{"href":"https:\/\/nbg.eu\/lv\/wp-json\/wp\/v2\/types\/product"}],"wp:featuredmedia":[{"embeddable":true,"href":"https:\/\/nbg.eu\/lv\/wp-json\/wp\/v2\/media\/26123"}],"wp:attachment":[{"href":"https:\/\/nbg.eu\/lv\/wp-json\/wp\/v2\/media?parent=45156"}],"wp:term":[{"taxonomy":"product_brand","embeddable":true,"href":"https:\/\/nbg.eu\/lv\/wp-json\/wp\/v2\/product_brand?post=45156"},{"taxonomy":"product_cat","embeddable":true,"href":"https:\/\/nbg.eu\/lv\/wp-json\/wp\/v2\/product_cat?post=45156"},{"taxonomy":"product_tag","embeddable":true,"href":"https:\/\/nbg.eu\/lv\/wp-json\/wp\/v2\/product_tag?post=45156"}],"curies":[{"name":"wp","href":"https:\/\/api.w.org\/{rel}","templated":true}]}}