{"id":45178,"date":"2024-08-18T12:26:06","date_gmt":"2024-08-18T09:26:06","guid":{"rendered":"https:\/\/nbg.eu\/product\/premium-belt-security-loop\/"},"modified":"2026-05-13T15:10:09","modified_gmt":"2026-05-13T12:10:09","slug":"premium-belt-security-loop","status":"publish","type":"product","link":"https:\/\/nbg.eu\/lv\/product\/premium-belt-security-loop\/","title":{"rendered":"Premium Belt Security Loop"},"content":{"rendered":"<p>Nostipriniet savu jostu ar DAA Premium Belt dro\u0161\u012bbas cilpu. T\u0101 ir gumijota \u0113rt\u012bbai un sa\u0137erei, nodro\u0161inot jostas fiks\u0101ciju intens\u012bvu \u0161au\u0161anas sesiju laik\u0101. Der vairumam standarta jostu.<\/p>\n","protected":false},"excerpt":{"rendered":"<p>Dro\u0161a siksnas cilpa: Gumijota satvere, nov\u0113r\u0161 nob\u012bdi, der standarta jost\u0101m.<\/p>\n","protected":false},"featured_media":26100,"template":"","meta":{"_acf_changed":false},"product_brand":[11271],"product_cat":[13761],"product_tag":[],"class_list":{"0":"post-45178","1":"product","2":"type-product","3":"status-publish","4":"has-post-thumbnail","6":"product_brand-doublealpha","7":"product_cat-sporta-jostas","9":"first","10":"outofstock","11":"taxable","12":"shipping-taxable","13":"purchasable","14":"product-type-simple"},"acf":[],"_links":{"self":[{"href":"https:\/\/nbg.eu\/lv\/wp-json\/wp\/v2\/product\/45178","targetHints":{"allow":["GET"]}}],"collection":[{"href":"https:\/\/nbg.eu\/lv\/wp-json\/wp\/v2\/product"}],"about":[{"href":"https:\/\/nbg.eu\/lv\/wp-json\/wp\/v2\/types\/product"}],"wp:featuredmedia":[{"embeddable":true,"href":"https:\/\/nbg.eu\/lv\/wp-json\/wp\/v2\/media\/26100"}],"wp:attachment":[{"href":"https:\/\/nbg.eu\/lv\/wp-json\/wp\/v2\/media?parent=45178"}],"wp:term":[{"taxonomy":"product_brand","embeddable":true,"href":"https:\/\/nbg.eu\/lv\/wp-json\/wp\/v2\/product_brand?post=45178"},{"taxonomy":"product_cat","embeddable":true,"href":"https:\/\/nbg.eu\/lv\/wp-json\/wp\/v2\/product_cat?post=45178"},{"taxonomy":"product_tag","embeddable":true,"href":"https:\/\/nbg.eu\/lv\/wp-json\/wp\/v2\/product_tag?post=45178"}],"curies":[{"name":"wp","href":"https:\/\/api.w.org\/{rel}","templated":true}]}}