{"id":45497,"date":"2024-08-16T17:52:19","date_gmt":"2024-08-16T17:52:19","guid":{"rendered":"https:\/\/nbg.eu\/product\/rhh-backpack\/"},"modified":"2026-01-21T12:01:47","modified_gmt":"2026-01-21T09:01:47","slug":"rhh-backpack","status":"publish","type":"product","link":"https:\/\/nbg.eu\/lv\/product\/rhh-backpack\/","title":{"rendered":"RHH Backpack"},"content":{"rendered":"<div class=\"product-description\">\n<h2>RHH \u0161au\u0161anas mugursoma<\/h2>\n<p>\u0160\u0101v\u0113ju izstr\u0101d\u0101ta \u0161\u0101v\u0113jiem, RHH mugursoma ir ide\u0101li piem\u0113rota vair\u0101ku dienu sacens\u012bb\u0101m, neatkar\u012bgi no t\u0101, vai izmantojat vienu vai divas \u0161autenes.<\/p>\n<ul>\n<li>Galven\u0101 iero\u010da kabata ar blo\u0137\u0113\u0161anas sist\u0113mu vieglai piek\u013cuvei<\/li>\n<li>Atbilst IPSC noteikumiem<\/li>\n<li>Velcro panelis un MOLLE stiprin\u0101jumi aksesu\u0101riem<\/li>\n<li>Pla\u0161a uzglab\u0101\u0161anas telpa ar organiz\u0113tiem nodal\u012bjumiem<\/li>\n<li>Magaz\u012bnu kabata piem\u0113rota 30 patronu magaz\u012bn\u0101m ar pagarin\u0101t\u0101m pamatn\u0113m<\/li>\n<li>No\u0146emamas siksnas, kas var kalpot k\u0101 \u0161au\u0161anas soma<\/li>\n<\/ul>\n<p>Izm\u0113rs: 100cm x 40cm x 20cm<br \/>\n  \u0160autenes kabata: l\u012bdz 95cm<br \/>\n  Svars: 2,9 kg<\/p>\n<p>Iesai\u0146ojiet gudri, \u0161aujiet lab\u0101k ar RHH \u0161au\u0161anas mugursomu!<\/p>\n<\/div>\n","protected":false},"excerpt":{"rendered":"<p>RHH Mugursoma: \u0160\u0101v\u0113ja izstr\u0101d\u0101ta, daudzpus\u012bga, gatava vair\u0101ku dienu sacens\u012bb\u0101m.<\/p>\n","protected":false},"featured_media":22675,"template":"","meta":{"_acf_changed":false},"product_brand":[11644],"product_cat":[13771],"product_tag":[],"class_list":{"0":"post-45497","1":"product","2":"type-product","3":"status-publish","4":"has-post-thumbnail","6":"product_brand-rh-holsters","7":"product_cat-mugursomas","9":"first","10":"instock","11":"taxable","12":"shipping-taxable","13":"purchasable","14":"product-type-simple"},"acf":[],"_links":{"self":[{"href":"https:\/\/nbg.eu\/lv\/wp-json\/wp\/v2\/product\/45497","targetHints":{"allow":["GET"]}}],"collection":[{"href":"https:\/\/nbg.eu\/lv\/wp-json\/wp\/v2\/product"}],"about":[{"href":"https:\/\/nbg.eu\/lv\/wp-json\/wp\/v2\/types\/product"}],"wp:featuredmedia":[{"embeddable":true,"href":"https:\/\/nbg.eu\/lv\/wp-json\/wp\/v2\/media\/22675"}],"wp:attachment":[{"href":"https:\/\/nbg.eu\/lv\/wp-json\/wp\/v2\/media?parent=45497"}],"wp:term":[{"taxonomy":"product_brand","embeddable":true,"href":"https:\/\/nbg.eu\/lv\/wp-json\/wp\/v2\/product_brand?post=45497"},{"taxonomy":"product_cat","embeddable":true,"href":"https:\/\/nbg.eu\/lv\/wp-json\/wp\/v2\/product_cat?post=45497"},{"taxonomy":"product_tag","embeddable":true,"href":"https:\/\/nbg.eu\/lv\/wp-json\/wp\/v2\/product_tag?post=45497"}],"curies":[{"name":"wp","href":"https:\/\/api.w.org\/{rel}","templated":true}]}}