{"id":45803,"date":"2024-08-03T14:31:50","date_gmt":"2024-08-03T14:31:50","guid":{"rendered":"https:\/\/nbg.eu\/product\/rh-frogy-owb-holster\/"},"modified":"2026-01-21T11:53:23","modified_gmt":"2026-01-21T08:53:23","slug":"rh-frogy-owb-holster","status":"publish","type":"product","link":"https:\/\/nbg.eu\/lv\/product\/rh-frogy-owb-holster\/","title":{"rendered":"RH Frogy OWB Holster"},"content":{"rendered":"<div class=\"product-description\">\n<h2>RH Frogy OWB maksts<\/h2>\n<p>Izbaudiet augst\u0101kas kvalit\u0101tes sl\u0113pto n\u0113s\u0101\u0161anu ar RH Frogy OWB maksti. \u0160\u012b maksts ir paredz\u0113ta n\u0113s\u0101\u0161anai \u0101rpus jostas vietas un tai ir \u0161\u0101das \u012bpa\u0161\u012bbas:<\/p>\n<ul>\n<li>Unik\u0101la konstrukcija ar integr\u0113tu spiediena funkciju lab\u0101kai iero\u010da sl\u0113p\u0161anai<\/li>\n<li>\u0112rta valk\u0101\u0161ana ar telpu aizpildo\u0161u dizainu zem jostas stabilai pozicion\u0113\u0161anai<\/li>\n<li>Vakuum\u0101 pres\u0113ts 2,5 mm biezs Kydex ar ribojumu uzlabotai iztur\u012bbai un stingr\u012bbai<\/li>\n<li>Ar rok\u0101m pul\u0113tas malas maksim\u0101lam komfortam<\/li>\n<li>Sl\u012bps iero\u010da novietojums uzlabotai sl\u0113p\u0161anai un izvilk\u0161anai<\/li>\n<li>Regul\u0113jams satv\u0113riens un sl\u012bpums<\/li>\n<li>Sader\u012bga ar sarkanajiem punktiem un pagarin\u0101t\u0101m stobra galiem\/v\u012btn\u0113m<\/li>\n<\/ul>\n<p>Prec\u012bzi veidota un izgatavota no viena Kydex gabala, \u0161\u012b maksts nodro\u0161ina optim\u0101lu sl\u0113p\u0161anu un komfortu. T\u0101s atv\u0113rtais dizains \u013cauj viegli t\u012br\u012bt un piel\u0101goties da\u017e\u0101d\u0101m iero\u010da modifik\u0101cij\u0101m.<\/p>\n<\/div>\n","protected":false},"excerpt":{"rendered":"<p>RH Frogy OWB jostas somi\u0146a: Sl\u0113pta, \u0113rta, regul\u0113jama kydex n\u0113s\u0101\u0161ana.<\/p>\n","protected":false},"featured_media":45807,"template":"","meta":{"_acf_changed":false},"product_brand":[11644],"product_cat":[13833,13814,13800],"product_tag":[],"class_list":{"0":"post-45803","1":"product","2":"type-product","3":"status-publish","4":"has-post-thumbnail","6":"product_brand-rh-holsters","7":"product_cat-holsters","8":"product_cat-sporta-holsters","9":"product_cat-taktiskais-maksts","11":"first","12":"instock","13":"taxable","14":"shipping-taxable","15":"purchasable","16":"product-type-variable","17":"wvs-archive-product-wrapper"},"acf":[],"_links":{"self":[{"href":"https:\/\/nbg.eu\/lv\/wp-json\/wp\/v2\/product\/45803","targetHints":{"allow":["GET"]}}],"collection":[{"href":"https:\/\/nbg.eu\/lv\/wp-json\/wp\/v2\/product"}],"about":[{"href":"https:\/\/nbg.eu\/lv\/wp-json\/wp\/v2\/types\/product"}],"wp:featuredmedia":[{"embeddable":true,"href":"https:\/\/nbg.eu\/lv\/wp-json\/wp\/v2\/media\/45807"}],"wp:attachment":[{"href":"https:\/\/nbg.eu\/lv\/wp-json\/wp\/v2\/media?parent=45803"}],"wp:term":[{"taxonomy":"product_brand","embeddable":true,"href":"https:\/\/nbg.eu\/lv\/wp-json\/wp\/v2\/product_brand?post=45803"},{"taxonomy":"product_cat","embeddable":true,"href":"https:\/\/nbg.eu\/lv\/wp-json\/wp\/v2\/product_cat?post=45803"},{"taxonomy":"product_tag","embeddable":true,"href":"https:\/\/nbg.eu\/lv\/wp-json\/wp\/v2\/product_tag?post=45803"}],"curies":[{"name":"wp","href":"https:\/\/api.w.org\/{rel}","templated":true}]}}