{"id":45949,"date":"2024-08-03T17:10:30","date_gmt":"2024-08-03T14:10:30","guid":{"rendered":"https:\/\/nbg.eu\/product\/rh-classic-iwb-holster\/"},"modified":"2026-01-21T12:14:34","modified_gmt":"2026-01-21T09:14:34","slug":"rh-classic-iwb-holster","status":"publish","type":"product","link":"https:\/\/nbg.eu\/lv\/product\/rh-classic-iwb-holster\/","title":{"rendered":"RH Classic IWB Holster"},"content":{"rendered":"<p>RH Classic IWB maksts nodro\u0161ina sl\u0113ptu n\u0113s\u0101\u0161anu. T\u0101s \u012bpa\u0161\u012bbas ir:<\/p>\n<ul>\n<li>Vakuum\u0101 pres\u0113ts kydex prec\u012bzam iero\u010da piel\u0101gojumam<\/li>\n<li>Regul\u0113jams satv\u0113riens un sl\u012bpums<\/li>\n<li>Papildu naga un ERC stiprin\u0101jumi<\/li>\n<li>Pl\u0101ns profils minim\u0101lai kont\u016brai<\/li>\n<li>Ar rok\u0101m apstr\u0101d\u0101tas malas \u0113rt\u012bbai<\/li>\n<li>Viengabala konstrukcija<\/li>\n<li>Atv\u0113rta apak\u0161as konstrukcija daudzpus\u012bgai lieto\u0161anai<\/li>\n<\/ul>\n<p>Piem\u0113rots ikdienas sl\u0113ptai n\u0113s\u0101\u0161anai.<\/p>\n","protected":false},"excerpt":{"rendered":"<p>Pl\u0101ns IWB maksts: Regul\u0113jams, sl\u0113pts n\u0113s\u0101\u0161anai ar naga un ERC opcij\u0101m.<\/p>\n","protected":false},"featured_media":45951,"template":"","meta":{"_acf_changed":false},"product_brand":[11644],"product_cat":[13833,13800],"product_tag":[],"class_list":{"0":"post-45949","1":"product","2":"type-product","3":"status-publish","4":"has-post-thumbnail","6":"product_brand-rh-holsters","7":"product_cat-holsters","8":"product_cat-taktiskais-maksts","10":"first","11":"instock","12":"taxable","13":"shipping-taxable","14":"purchasable","15":"product-type-variable","16":"wvs-archive-product-wrapper"},"acf":[],"_links":{"self":[{"href":"https:\/\/nbg.eu\/lv\/wp-json\/wp\/v2\/product\/45949","targetHints":{"allow":["GET"]}}],"collection":[{"href":"https:\/\/nbg.eu\/lv\/wp-json\/wp\/v2\/product"}],"about":[{"href":"https:\/\/nbg.eu\/lv\/wp-json\/wp\/v2\/types\/product"}],"wp:featuredmedia":[{"embeddable":true,"href":"https:\/\/nbg.eu\/lv\/wp-json\/wp\/v2\/media\/45951"}],"wp:attachment":[{"href":"https:\/\/nbg.eu\/lv\/wp-json\/wp\/v2\/media?parent=45949"}],"wp:term":[{"taxonomy":"product_brand","embeddable":true,"href":"https:\/\/nbg.eu\/lv\/wp-json\/wp\/v2\/product_brand?post=45949"},{"taxonomy":"product_cat","embeddable":true,"href":"https:\/\/nbg.eu\/lv\/wp-json\/wp\/v2\/product_cat?post=45949"},{"taxonomy":"product_tag","embeddable":true,"href":"https:\/\/nbg.eu\/lv\/wp-json\/wp\/v2\/product_tag?post=45949"}],"curies":[{"name":"wp","href":"https:\/\/api.w.org\/{rel}","templated":true}]}}