{"id":46086,"date":"2024-08-03T09:01:48","date_gmt":"2024-09-11T09:29:35","guid":{"rendered":"https:\/\/nbg.eu\/product\/rh-sharky-iwb-holster\/"},"modified":"2026-01-21T12:04:47","modified_gmt":"2026-01-21T09:04:47","slug":"rh-sharky-iwb-holster","status":"publish","type":"product","link":"https:\/\/nbg.eu\/lv\/product\/rh-sharky-iwb-holster\/","title":{"rendered":"RH Sharky IWB Holster"},"content":{"rendered":"<p>RH Sharky IWB maksts pied\u0101v\u0101 sl\u0113ptu n\u0113s\u0101\u0161anu. T\u0101s \u012bpa\u0161\u012bbas ietver:<\/p>\n<ul>\n<li>Vakuuma pres\u0113ta konstrukcija<\/li>\n<li>Dubult\u0101 klip\u0161a dro\u0161ai satverei<\/li>\n<li>Regul\u0113jams sl\u012bpums un augstums<\/li>\n<li>Piem\u0113rots sarkan\u0101 punkta t\u0113mek\u013ciem un pagarin\u0101t\u0101m stobru da\u013c\u0101m<\/li>\n<li>Integr\u0113ts \u0101\u0137is lab\u0101kai sl\u0113p\u0161anai<\/li>\n<li>Roktura regul\u0113\u0161ana personaliz\u0113tai piel\u0101go\u0161anai<\/li>\n<\/ul>\n<p>\u0160\u012b iek\u0161\u0113j\u0101s jostas maksts pied\u0101v\u0101 \u0113rt\u012bbu un daudzpus\u012bbu.<\/p>\n","protected":false},"excerpt":{"rendered":"<p>Dro\u0161a, regul\u0113jama IWB jostas somi\u0146a sl\u0113ptam iero\u010dam ar sarkano punkta t\u0113mekli.<\/p>\n","protected":false},"featured_media":46089,"template":"","meta":{"_acf_changed":false},"product_brand":[11644],"product_cat":[13833,13800],"product_tag":[],"class_list":{"0":"post-46086","1":"product","2":"type-product","3":"status-publish","4":"has-post-thumbnail","6":"product_brand-rh-holsters","7":"product_cat-holsters","8":"product_cat-taktiskais-maksts","10":"first","11":"instock","12":"taxable","13":"shipping-taxable","14":"purchasable","15":"product-type-variable","16":"wvs-archive-product-wrapper"},"acf":[],"_links":{"self":[{"href":"https:\/\/nbg.eu\/lv\/wp-json\/wp\/v2\/product\/46086","targetHints":{"allow":["GET"]}}],"collection":[{"href":"https:\/\/nbg.eu\/lv\/wp-json\/wp\/v2\/product"}],"about":[{"href":"https:\/\/nbg.eu\/lv\/wp-json\/wp\/v2\/types\/product"}],"wp:featuredmedia":[{"embeddable":true,"href":"https:\/\/nbg.eu\/lv\/wp-json\/wp\/v2\/media\/46089"}],"wp:attachment":[{"href":"https:\/\/nbg.eu\/lv\/wp-json\/wp\/v2\/media?parent=46086"}],"wp:term":[{"taxonomy":"product_brand","embeddable":true,"href":"https:\/\/nbg.eu\/lv\/wp-json\/wp\/v2\/product_brand?post=46086"},{"taxonomy":"product_cat","embeddable":true,"href":"https:\/\/nbg.eu\/lv\/wp-json\/wp\/v2\/product_cat?post=46086"},{"taxonomy":"product_tag","embeddable":true,"href":"https:\/\/nbg.eu\/lv\/wp-json\/wp\/v2\/product_tag?post=46086"}],"curies":[{"name":"wp","href":"https:\/\/api.w.org\/{rel}","templated":true}]}}