{"id":46288,"date":"2024-07-31T20:30:37","date_gmt":"2024-07-31T20:30:37","guid":{"rendered":"https:\/\/nbg.eu\/product\/fox-ammunition-65-creed-123-gr\/"},"modified":"2026-01-21T11:48:59","modified_gmt":"2026-01-21T08:48:59","slug":"fox-ammunition-65-creed-123-gr","status":"publish","type":"product","link":"https:\/\/nbg.eu\/lv\/product\/fox-ammunition-65-creed-123-gr\/","title":{"rendered":"Fox Ammunition 6,5 Creed. &#8211; 123 gr"},"content":{"rendered":"<h2>Fox Ammunition 6.5 Creed &#8211; 123 gr<\/h2>\n<p>Fox Ammunition 6.5 Creed 123 gr patronas ar Fox Classic med\u012bbu lodi. \u0160\u012bs bezsvina lodes ir veidotas no vara-cinka sakaus\u0113juma, nodro\u0161inot veiktsp\u0113ju da\u017e\u0101d\u0101s med\u012bbu situ\u0101cij\u0101s.<\/p>\n<ul>\n<li>Bezsvina sast\u0101vs<\/li>\n<li>Rievots dizains samazin\u0101tam stobra spiedienam un palielin\u0101tam \u0101trumam<\/li>\n<li>Termostabils plastmasas uzgalis uzlabo balistiku un termin\u0101lo efektu<\/li>\n<li>Kontrol\u0113ta izple\u0161an\u0101s ener\u0123ijas p\u0101rne\u0161anai<\/li>\n<li>Efekt\u012bvs tuvos un t\u0101los \u0161\u0101vienos<\/li>\n<li>Aptur\u0113\u0161anas sp\u0113ja ar minim\u0101lu ga\u013cas boj\u0101jumu<\/li>\n<\/ul>\n<p>Fox Ammunition nodro\u0161ina precizit\u0101ti, uzticam\u012bbu un \u0113tiskas med\u012bbu prakses.<\/p>\n","protected":false},"excerpt":{"rendered":"<p>Bezsvina, prec\u012bza 6.5 Creedmoore mun\u012bcija<\/p>\n","protected":false},"featured_media":46289,"template":"","meta":{"_acf_changed":false},"product_brand":[11344],"product_cat":[13830,13840],"product_tag":[],"class_list":{"0":"post-46288","1":"product","2":"type-product","3":"status-publish","4":"has-post-thumbnail","6":"product_brand-fox-bullets","7":"product_cat-municija","8":"product_cat-sautenes-municija","10":"first","11":"instock","12":"taxable","13":"shipping-taxable","14":"purchasable","15":"product-type-simple"},"acf":[],"_links":{"self":[{"href":"https:\/\/nbg.eu\/lv\/wp-json\/wp\/v2\/product\/46288","targetHints":{"allow":["GET"]}}],"collection":[{"href":"https:\/\/nbg.eu\/lv\/wp-json\/wp\/v2\/product"}],"about":[{"href":"https:\/\/nbg.eu\/lv\/wp-json\/wp\/v2\/types\/product"}],"wp:featuredmedia":[{"embeddable":true,"href":"https:\/\/nbg.eu\/lv\/wp-json\/wp\/v2\/media\/46289"}],"wp:attachment":[{"href":"https:\/\/nbg.eu\/lv\/wp-json\/wp\/v2\/media?parent=46288"}],"wp:term":[{"taxonomy":"product_brand","embeddable":true,"href":"https:\/\/nbg.eu\/lv\/wp-json\/wp\/v2\/product_brand?post=46288"},{"taxonomy":"product_cat","embeddable":true,"href":"https:\/\/nbg.eu\/lv\/wp-json\/wp\/v2\/product_cat?post=46288"},{"taxonomy":"product_tag","embeddable":true,"href":"https:\/\/nbg.eu\/lv\/wp-json\/wp\/v2\/product_tag?post=46288"}],"curies":[{"name":"wp","href":"https:\/\/api.w.org\/{rel}","templated":true}]}}