{"id":46882,"date":"2024-07-30T19:11:42","date_gmt":"2024-07-30T19:11:42","guid":{"rendered":"https:\/\/nbg.eu\/product\/surefire-csm-07-weaponlight-switch\/"},"modified":"2026-01-21T11:28:57","modified_gmt":"2026-01-21T08:28:57","slug":"surefire-csm-07-weaponlight-switch","status":"publish","type":"product","link":"https:\/\/nbg.eu\/lv\/product\/surefire-csm-07-weaponlight-switch\/","title":{"rendered":"SureFire CSM-07 WEAPONLIGHT SWITCH"},"content":{"rendered":"<h2>SureFire CSM-07 IEROCGAISMAS SL\u0112DZIS<\/h2>\n<p>SureFire CSM-07 IEROCGAISMAS SL\u0112DZIS ir att\u0101lin\u0101tas aktiviz\u0113\u0161anas sist\u0113ma, kas paredz\u0113ta jebkurai SureFire ierocgaismai ar sl\u0113d\u017ea ligzdu.<\/p>\n<h2>Galven\u0101s \u012bpa\u0161\u012bbas:<\/h2>\n<ul>\n<li>Viens sl\u0113dzis \u012bslaic\u012bgai un past\u0101v\u012bgai iesl\u0113g\u0161anai<\/li>\n<li>Viegli piestiprin\u0101ms pie M-LOK sliedes ar iek\u013cauto skavu<\/li>\n<li>Kompakts dizains<\/li>\n<li>Iztur\u012bgs polim\u0113ra korpuss<\/li>\n<li>Izgatavots atbilsto\u0161i SureFire standartiem<\/li>\n<\/ul>\n<p>CSM-07 nodro\u0161ina kontroli: viegli nospiediet \u012bslaic\u012bgai iesl\u0113g\u0161anai vai piln\u012bb\u0101 nospiediet past\u0101v\u012bgai iesl\u0113g\u0161anai. T\u0101 kompaktais dizains taupa vietu uz sliedes.<\/p>\n<h2>Sader\u012bba:<\/h2>\n<p>Der SureFire ierocgaism\u0101m ar kontaktligzd\u0101m, ieskaitot Millennium Universal, Classic Universal, Scout Light (ar ligzdotu aizmugur\u0113jo v\u0101ci\u0146u), X300 un X400 (ar XT aizmugur\u0113jo mezglu).<\/p>\n<p>CSM-07 nodro\u0161ina uzticamu gaismas aktiviz\u0113\u0161anu.<\/p>\n","protected":false},"excerpt":{"rendered":"<p>T\u0101lvad\u012bbas SureFire WeaponLight sl\u0113dzis M-LOK slied\u0113m. Kompakts dizains.<\/p>\n","protected":false},"featured_media":46883,"template":"","meta":{"_acf_changed":false},"product_brand":[11865],"product_cat":[13758,13779,13816],"product_tag":[],"class_list":{"0":"post-46882","1":"product","2":"type-product","3":"status-publish","4":"has-post-thumbnail","6":"product_brand-surefire","7":"product_cat-gaismas","8":"product_cat-gaismas-aksesuari","9":"product_cat-sautenes-lukturi","11":"first","12":"instock","13":"taxable","14":"shipping-taxable","15":"purchasable","16":"product-type-simple"},"acf":[],"_links":{"self":[{"href":"https:\/\/nbg.eu\/lv\/wp-json\/wp\/v2\/product\/46882","targetHints":{"allow":["GET"]}}],"collection":[{"href":"https:\/\/nbg.eu\/lv\/wp-json\/wp\/v2\/product"}],"about":[{"href":"https:\/\/nbg.eu\/lv\/wp-json\/wp\/v2\/types\/product"}],"wp:featuredmedia":[{"embeddable":true,"href":"https:\/\/nbg.eu\/lv\/wp-json\/wp\/v2\/media\/46883"}],"wp:attachment":[{"href":"https:\/\/nbg.eu\/lv\/wp-json\/wp\/v2\/media?parent=46882"}],"wp:term":[{"taxonomy":"product_brand","embeddable":true,"href":"https:\/\/nbg.eu\/lv\/wp-json\/wp\/v2\/product_brand?post=46882"},{"taxonomy":"product_cat","embeddable":true,"href":"https:\/\/nbg.eu\/lv\/wp-json\/wp\/v2\/product_cat?post=46882"},{"taxonomy":"product_tag","embeddable":true,"href":"https:\/\/nbg.eu\/lv\/wp-json\/wp\/v2\/product_tag?post=46882"}],"curies":[{"name":"wp","href":"https:\/\/api.w.org\/{rel}","templated":true}]}}