{"id":48534,"date":"2024-07-30T17:57:46","date_gmt":"2024-07-30T17:57:46","guid":{"rendered":"https:\/\/nbg.eu\/product\/red-dot-sight-holosun-hs503gu\/"},"modified":"2026-01-21T12:14:41","modified_gmt":"2026-01-21T09:14:41","slug":"red-dot-sight-holosun-hs503gu","status":"publish","type":"product","link":"https:\/\/nbg.eu\/lv\/product\/red-dot-sight-holosun-hs503gu\/","title":{"rendered":"Red Dot Sight Holosun HS503GU"},"content":{"rendered":"<h2>Holosun HS503GU sarkan\u0101 punkta t\u0113m\u0113klis<\/h2>\n<p>Holosun HS503GU sarkan\u0101 punkta t\u0113m\u0113klis ietver \u0161\u0101das funkcijas:<\/p>\n<ul>\n<li>Ap\u013ca punkta t\u012bklojums ar 2 MOA punktu un 65 MOA apli<\/li>\n<li>Baterijas novietojums skr\u016bv\u0113jam\u0101 torn\u012b<\/li>\n<li>Aizsargkorpusa dizains v\u0113ja un pac\u0113luma tor\u0146iem<\/li>\n<li>Baterijas darb\u012bbas laiks l\u012bdz 2 gadiem past\u0101v\u012bgas lieto\u0161anas laik\u0101<\/li>\n<li>Kust\u012bbu aktiviz\u0113ta iesl\u0113g\u0161anas\/izsl\u0113g\u0161anas funkcija<\/li>\n<li>LED tehnolo\u0123ija<\/li>\n<li>\u0100rpus ass l\u0113cas novietojums gaismas atstaro\u0161anai<\/li>\n<li>Viegla alum\u012bnija konstrukcija (0,4 m\u0101rci\u0146as)<\/li>\n<li>Kompakts izm\u0113rs: 2,6&#8243;G x 1,5&#8243;P x 2,7&#8243;A<\/li>\n<li>1x palielin\u0101jums<\/li>\n<li>Sader\u012bba ar Picatinny stiprin\u0101jumu<\/li>\n<\/ul>\n<p>HS503GU ir piem\u0113rots med\u012bb\u0101m un taktiskajai \u0161au\u0161anai. Tas nodro\u0161ina precizit\u0101ti un iztur\u012bbu.<\/p>\n","protected":false},"excerpt":{"rendered":"<p>Kompakts sarkana punkta t\u0113meklis ar ap\u013ca punkta t\u012bklojumu un ilgu baterijas darb\u012bbas laiku.<\/p>\n","protected":false},"featured_media":48535,"template":"","meta":{"_acf_changed":false},"product_brand":[11436],"product_cat":[13778,13799,13787],"product_tag":[],"class_list":{"0":"post-48534","1":"product","2":"type-product","3":"status-publish","4":"has-post-thumbnail","6":"product_brand-holosun","7":"product_cat-merkesana","8":"product_cat-sarkanie-punkti","9":"product_cat-sautenes-kolimatori","11":"first","12":"outofstock","13":"taxable","14":"shipping-taxable","15":"purchasable","16":"product-type-simple"},"acf":[],"_links":{"self":[{"href":"https:\/\/nbg.eu\/lv\/wp-json\/wp\/v2\/product\/48534","targetHints":{"allow":["GET"]}}],"collection":[{"href":"https:\/\/nbg.eu\/lv\/wp-json\/wp\/v2\/product"}],"about":[{"href":"https:\/\/nbg.eu\/lv\/wp-json\/wp\/v2\/types\/product"}],"wp:featuredmedia":[{"embeddable":true,"href":"https:\/\/nbg.eu\/lv\/wp-json\/wp\/v2\/media\/48535"}],"wp:attachment":[{"href":"https:\/\/nbg.eu\/lv\/wp-json\/wp\/v2\/media?parent=48534"}],"wp:term":[{"taxonomy":"product_brand","embeddable":true,"href":"https:\/\/nbg.eu\/lv\/wp-json\/wp\/v2\/product_brand?post=48534"},{"taxonomy":"product_cat","embeddable":true,"href":"https:\/\/nbg.eu\/lv\/wp-json\/wp\/v2\/product_cat?post=48534"},{"taxonomy":"product_tag","embeddable":true,"href":"https:\/\/nbg.eu\/lv\/wp-json\/wp\/v2\/product_tag?post=48534"}],"curies":[{"name":"wp","href":"https:\/\/api.w.org\/{rel}","templated":true}]}}