{"id":50707,"date":"2024-04-18T08:10:02","date_gmt":"2024-04-18T08:10:02","guid":{"rendered":"https:\/\/nbg.eu\/product\/blue-force-gear-hunting-sling\/"},"modified":"2026-01-21T12:16:50","modified_gmt":"2026-01-21T09:16:50","slug":"blue-force-gear-hunting-sling","status":"publish","type":"product","link":"https:\/\/nbg.eu\/lv\/product\/blue-force-gear-hunting-sling\/","title":{"rendered":"Blue Force Gear Hunting Sling"},"content":{"rendered":"<h2>Blue Force Gear med\u012bbu siksna<\/h2>\n<p>Blue Force Gear med\u012bbu siksna ir paredz\u0113ta gan \u0161auten\u0113m, gan bis\u0113m. \u0160\u012b siksna apvieno p\u0101rbaud\u012btu kvalit\u0101ti ar vienk\u0101r\u0161u lieto\u0161anu un der tradicion\u0101laj\u0101m siksnas skav\u0101m.<\/p>\n<h2>Galven\u0101s \u012bpa\u0161\u012bbas:<\/h2>\n<ul>\n<li>INVISTA\u2122 kr\u0101sota CORDURA\u00ae auduma lente<\/li>\n<li>\u0100tri piel\u0101gojama no 66 cm l\u012bdz 117 cm<\/li>\n<li>Iek\u013cautas no\u0146emamas s\u0101nu skavas<\/li>\n<li>Iztur\u012bga pret kr\u0101sas izbal\u0113\u0161anu, saritin\u0101\u0161anos, plais\u0101\u0161anu vai saciet\u0113\u0161anu<\/li>\n<li>Piem\u0113rota gariem p\u0101rg\u0101jieniem un k\u0101p\u0161anai med\u012bbu torn\u012b<\/li>\n<\/ul>\n<p>\u0160\u012b siksna ir iztur\u012bga un funkcion\u0101la, to var viegli p\u0101rveidot no ne\u0161anas poz\u012bcijas uz \u0161au\u0161anas poz\u012bciju. Iero\u010du var nostiprin\u0101t cie\u0161i pie \u0137erme\u0146a vai atlaist va\u013c\u012bg\u0101k \u0101trai pacel\u0161anai un \u0161au\u0161anai.<\/p>\n","protected":false},"excerpt":{"rendered":"<p>Iztur\u012bga, regul\u0113jama siksna \u0161aujamiero\u010diem un bis\u0113m. Viegli lietojama.<\/p>\n","protected":false},"featured_media":50708,"template":"","meta":{"_acf_changed":false},"product_brand":[11134],"product_cat":[13835,13763],"product_tag":[],"class_list":{"0":"post-50707","1":"product","2":"type-product","3":"status-publish","4":"has-post-thumbnail","6":"product_brand-blue-force-gear","7":"product_cat-aprikojums","8":"product_cat-siksnas","10":"first","11":"instock","12":"taxable","13":"shipping-taxable","14":"purchasable","15":"product-type-variable","16":"wvs-archive-product-wrapper"},"acf":[],"_links":{"self":[{"href":"https:\/\/nbg.eu\/lv\/wp-json\/wp\/v2\/product\/50707","targetHints":{"allow":["GET"]}}],"collection":[{"href":"https:\/\/nbg.eu\/lv\/wp-json\/wp\/v2\/product"}],"about":[{"href":"https:\/\/nbg.eu\/lv\/wp-json\/wp\/v2\/types\/product"}],"wp:featuredmedia":[{"embeddable":true,"href":"https:\/\/nbg.eu\/lv\/wp-json\/wp\/v2\/media\/50708"}],"wp:attachment":[{"href":"https:\/\/nbg.eu\/lv\/wp-json\/wp\/v2\/media?parent=50707"}],"wp:term":[{"taxonomy":"product_brand","embeddable":true,"href":"https:\/\/nbg.eu\/lv\/wp-json\/wp\/v2\/product_brand?post=50707"},{"taxonomy":"product_cat","embeddable":true,"href":"https:\/\/nbg.eu\/lv\/wp-json\/wp\/v2\/product_cat?post=50707"},{"taxonomy":"product_tag","embeddable":true,"href":"https:\/\/nbg.eu\/lv\/wp-json\/wp\/v2\/product_tag?post=50707"}],"curies":[{"name":"wp","href":"https:\/\/api.w.org\/{rel}","templated":true}]}}