{"id":51543,"date":"2024-03-15T05:39:44","date_gmt":"2024-09-13T09:59:20","guid":{"rendered":"https:\/\/nbg.eu\/product\/bore-tech-bullet-knock-out-set\/"},"modified":"2026-01-21T11:45:38","modified_gmt":"2026-01-21T08:45:38","slug":"bore-tech-bullet-knock-out-set","status":"publish","type":"product","link":"https:\/\/nbg.eu\/lv\/product\/bore-tech-bullet-knock-out-set\/","title":{"rendered":"Bore Tech Bullet Knock-out Set"},"content":{"rendered":"<p><strong>Bore Tech lodes izgr\u016b\u0161anas komplekts<\/strong> ir instruments \u0161\u0101v\u0113jiem. \u0160is komplekts ietver 4 apstr\u0101d\u0101tus misi\u0146a uzga\u013cus, kas paredz\u0113ti, lai dro\u0161i iz\u0146emtu iespr\u016bdu\u0161as lodes vai \u010daul\u012btes, neboj\u0101jot t\u012br\u012b\u0161anas stieni. Sader\u012bgs ar \u0161auten\u0113m un pistol\u0113m no .17 l\u012bdz .50 kalibram.<\/p>\n","protected":false},"excerpt":{"rendered":"<p>B\u016btisks instruments iestr\u0113gu\u0161u lo\u017eu iz\u0146em\u0161anai. 4 misi\u0146a uzga\u013ci, .17-.50 kal.<\/p>\n","protected":false},"featured_media":51544,"template":"","meta":{"_acf_changed":false},"product_brand":[11156],"product_cat":[13769,13786],"product_tag":[],"class_list":{"0":"post-51543","1":"product","2":"type-product","3":"status-publish","4":"has-post-thumbnail","6":"product_brand-boretech","7":"product_cat-ierocu-tirisana","8":"product_cat-sukas","10":"first","11":"instock","12":"taxable","13":"shipping-taxable","14":"purchasable","15":"product-type-simple"},"acf":[],"_links":{"self":[{"href":"https:\/\/nbg.eu\/lv\/wp-json\/wp\/v2\/product\/51543","targetHints":{"allow":["GET"]}}],"collection":[{"href":"https:\/\/nbg.eu\/lv\/wp-json\/wp\/v2\/product"}],"about":[{"href":"https:\/\/nbg.eu\/lv\/wp-json\/wp\/v2\/types\/product"}],"wp:featuredmedia":[{"embeddable":true,"href":"https:\/\/nbg.eu\/lv\/wp-json\/wp\/v2\/media\/51544"}],"wp:attachment":[{"href":"https:\/\/nbg.eu\/lv\/wp-json\/wp\/v2\/media?parent=51543"}],"wp:term":[{"taxonomy":"product_brand","embeddable":true,"href":"https:\/\/nbg.eu\/lv\/wp-json\/wp\/v2\/product_brand?post=51543"},{"taxonomy":"product_cat","embeddable":true,"href":"https:\/\/nbg.eu\/lv\/wp-json\/wp\/v2\/product_cat?post=51543"},{"taxonomy":"product_tag","embeddable":true,"href":"https:\/\/nbg.eu\/lv\/wp-json\/wp\/v2\/product_tag?post=51543"}],"curies":[{"name":"wp","href":"https:\/\/api.w.org\/{rel}","templated":true}]}}