{"id":52136,"date":"2024-03-12T19:00:56","date_gmt":"2024-09-13T11:29:56","guid":{"rendered":"https:\/\/nbg.eu\/product\/bore-tech-rimfire-blend\/"},"modified":"2026-01-21T12:09:07","modified_gmt":"2026-01-21T09:09:07","slug":"bore-tech-rimfire-blend","status":"publish","type":"product","link":"https:\/\/nbg.eu\/lv\/product\/bore-tech-rimfire-blend\/","title":{"rendered":"Bore Tech Rimfire Blend"},"content":{"rendered":"<div class=\"product-description\">\n<h2>Bore Tech stobra t\u012br\u012bt\u0101js mazkalibra iero\u010diem<\/h2>\n<p>\u0160is t\u012br\u012bt\u0101js ir izstr\u0101d\u0101ts mazkalibra \u0161\u0101v\u0113jiem. Tas efekt\u012bvi no\u0146em svinu, pulvera net\u012brumus un lodes vasku. To izmanto sacens\u012bbu \u0161\u0101v\u0113ji un iero\u010du ra\u017eot\u0101ji.<\/p>\n<ul>\n<li>Bez amonjaka un smar\u017eas<\/li>\n<li>100% biolo\u0123iski no\u0101rd\u0101ms<\/li>\n<li>No\u0146em svina, vaska un oglek\u013ca sl\u0101\u0146us<\/li>\n<li>Nepiecie\u0161ama minim\u0101la t\u012br\u012b\u0161ana ar birsti<\/li>\n<li>Dro\u0161s visiem stobru veidiem<\/li>\n<\/ul>\n<p>Bore Tech specializ\u0113t\u0101 t\u012br\u012b\u0161anas l\u012bdzek\u013cu l\u012bnija.<\/p>\n<\/div>\n","protected":false},"excerpt":{"rendered":"<p>Efekt\u012bvs v\u012bt\u0146stobra t\u012br\u012bt\u0101js, kas no\u0146em svinu, vasku un oglekli. Nesatur amonjaku.<\/p>\n","protected":false},"featured_media":52137,"template":"","meta":{"_acf_changed":false},"product_brand":[11156],"product_cat":[13769,13842],"product_tag":[],"class_list":{"0":"post-52136","1":"product","2":"type-product","3":"status-publish","4":"has-post-thumbnail","6":"product_brand-boretech","7":"product_cat-ierocu-tirisana","8":"product_cat-tirisanas-lidzekli","10":"first","11":"instock","12":"taxable","13":"shipping-taxable","14":"purchasable","15":"product-type-variable","16":"wvs-archive-product-wrapper"},"acf":[],"_links":{"self":[{"href":"https:\/\/nbg.eu\/lv\/wp-json\/wp\/v2\/product\/52136","targetHints":{"allow":["GET"]}}],"collection":[{"href":"https:\/\/nbg.eu\/lv\/wp-json\/wp\/v2\/product"}],"about":[{"href":"https:\/\/nbg.eu\/lv\/wp-json\/wp\/v2\/types\/product"}],"wp:featuredmedia":[{"embeddable":true,"href":"https:\/\/nbg.eu\/lv\/wp-json\/wp\/v2\/media\/52137"}],"wp:attachment":[{"href":"https:\/\/nbg.eu\/lv\/wp-json\/wp\/v2\/media?parent=52136"}],"wp:term":[{"taxonomy":"product_brand","embeddable":true,"href":"https:\/\/nbg.eu\/lv\/wp-json\/wp\/v2\/product_brand?post=52136"},{"taxonomy":"product_cat","embeddable":true,"href":"https:\/\/nbg.eu\/lv\/wp-json\/wp\/v2\/product_cat?post=52136"},{"taxonomy":"product_tag","embeddable":true,"href":"https:\/\/nbg.eu\/lv\/wp-json\/wp\/v2\/product_tag?post=52136"}],"curies":[{"name":"wp","href":"https:\/\/api.w.org\/{rel}","templated":true}]}}