{"id":52490,"date":"2024-03-12T18:05:32","date_gmt":"2024-09-13T11:33:12","guid":{"rendered":"https:\/\/nbg.eu\/product\/bore-tech-x-count-patches-multiple-sizes\/"},"modified":"2026-05-13T17:05:22","modified_gmt":"2026-05-13T14:05:22","slug":"bore-tech-x-count-patches-multiple-sizes","status":"publish","type":"product","link":"https:\/\/nbg.eu\/lv\/product\/bore-tech-x-count-patches-multiple-sizes\/","title":{"rendered":"Bore Tech X-Count Patches (Multiple Sizes)"},"content":{"rendered":"<p>Bore Tech X-Count\u2122 t\u012br\u012b\u0161anas pl\u0101ksn\u012btes: \u012apa\u0161\u012bbas:<\/p>\n<ul>\n<li>100% kokvilnas flanelis<\/li>\n<li>Abpus\u0113ji apstr\u0101d\u0101ts, nedr\u016bpo\u0161s materi\u0101ls<\/li>\n<li>Laba t\u012br\u012b\u0161anas sp\u0113ja<\/li>\n<li>Laba \u0161\u0137\u012bdin\u0101t\u0101ja absorbcija<\/li>\n<li>Ra\u017eots ASV<\/li>\n<li>Piem\u0113rots da\u017e\u0101diem iero\u010du veidiem un kalibriem<\/li>\n<li>Tiek pieg\u0101d\u0101ts pakaram\u0101, atk\u0101rtoti aizveram\u0101 iepakojum\u0101<\/li>\n<\/ul>\n","protected":false},"excerpt":{"rendered":"<p>Augstas kvalit\u0101tes kokvilnas iero\u010du t\u012br\u012b\u0161anas pl\u0101ksn\u012btes da\u017e\u0101dos izm\u0113ros. Ra\u017eotas ASV.<\/p>\n","protected":false},"featured_media":52491,"template":"","meta":{"_acf_changed":false},"product_brand":[11156],"product_cat":[13769,13768],"product_tag":[],"class_list":{"0":"post-52490","1":"product","2":"type-product","3":"status-publish","4":"has-post-thumbnail","6":"product_brand-boretech","7":"product_cat-ierocu-tirisana","8":"product_cat-plaksteris","10":"first","11":"instock","12":"taxable","13":"shipping-taxable","14":"purchasable","15":"product-type-variable","16":"wvs-archive-product-wrapper"},"acf":[],"_links":{"self":[{"href":"https:\/\/nbg.eu\/lv\/wp-json\/wp\/v2\/product\/52490","targetHints":{"allow":["GET"]}}],"collection":[{"href":"https:\/\/nbg.eu\/lv\/wp-json\/wp\/v2\/product"}],"about":[{"href":"https:\/\/nbg.eu\/lv\/wp-json\/wp\/v2\/types\/product"}],"wp:featuredmedia":[{"embeddable":true,"href":"https:\/\/nbg.eu\/lv\/wp-json\/wp\/v2\/media\/52491"}],"wp:attachment":[{"href":"https:\/\/nbg.eu\/lv\/wp-json\/wp\/v2\/media?parent=52490"}],"wp:term":[{"taxonomy":"product_brand","embeddable":true,"href":"https:\/\/nbg.eu\/lv\/wp-json\/wp\/v2\/product_brand?post=52490"},{"taxonomy":"product_cat","embeddable":true,"href":"https:\/\/nbg.eu\/lv\/wp-json\/wp\/v2\/product_cat?post=52490"},{"taxonomy":"product_tag","embeddable":true,"href":"https:\/\/nbg.eu\/lv\/wp-json\/wp\/v2\/product_tag?post=52490"}],"curies":[{"name":"wp","href":"https:\/\/api.w.org\/{rel}","templated":true}]}}