{"id":525775,"date":"2025-08-19T20:38:50","date_gmt":"2025-08-19T17:38:50","guid":{"rendered":"https:\/\/nbg.eu\/product\/hographic-sight-eotech-exps3\/"},"modified":"2026-01-21T11:45:40","modified_gmt":"2026-01-21T08:45:40","slug":"hographic-sight-eotech-exps3","status":"publish","type":"product","link":"https:\/\/nbg.eu\/lv\/product\/hographic-sight-eotech-exps3\/","title":{"rendered":"Hographic sight EOTECH EXPS3"},"content":{"rendered":"<div class=\"product-description\">\n<h2>EOTECH HWS EXPS3\u2122 holografiskais iero\u010du t\u0113m\u0113klis<\/h2>\n<p>EOTECH HWS EXPS3\u2122 ir holografisks t\u0113m\u0113klis, kas pied\u0101v\u0101:<\/p>\n<ul>\n<li>\u0160au\u0161anu ar ab\u0101m ac\u012bm atv\u0113rt\u0101m<\/li>\n<li>Sader\u012bba ar nakts redzam\u012bbas ier\u012bc\u0113m ar 10 papildu iestat\u012bjumiem<\/li>\n<li>7mm paaugstin\u0101ta \u0101tri no\u0146emama pamatne<\/li>\n<li>Izm\u0113ri: 3.8&#8243; x 2.3&#8243; x 2.9&#8243;<\/li>\n<li>Svars: 11.2 unces<\/li>\n<li>\u016adensiztur\u012bba l\u012bdz 33 p\u0113du dzi\u013cumam<\/li>\n<li>20 dienas gaismas spilgtuma iestat\u012bjumi<\/li>\n<li>1,000 stundu baterijas darb\u012bbas laiks nomin\u0101laj\u0101 iestat\u012bjum\u0101<\/li>\n<\/ul>\n<p>Ra\u017eots ASV, EXPS3 uzst\u0101d\u0101ms uz 1&#8243; Weaver vai MIL-STD-1913 slied\u0113m un darbojas temperat\u016br\u0101 no -40\u00b0F l\u012bdz 140\u00b0F. Komplekt\u0101 iek\u013cauta \u012bs\u0101 lieto\u0161anas pam\u0101c\u012bba, garantijas karte un CR123 baterija.<\/p>\n<\/div>\n","protected":false},"excerpt":{"rendered":"<p>\u0100tra m\u0113r\u0137a uztver\u0161ana, sader\u012bgs ar nakts redzam\u012bbu, paaugstin\u0101ta \u0101tr\u0101s no\u0146em\u0161anas pamatne.<\/p>\n","protected":false},"featured_media":466372,"template":"","meta":{"_acf_changed":false},"product_brand":[],"product_cat":[13778,13787],"product_tag":[],"class_list":{"0":"post-525775","1":"product","2":"type-product","3":"status-publish","4":"has-post-thumbnail","6":"product_cat-merkesana","7":"product_cat-sautenes-kolimatori","9":"first","10":"outofstock","11":"taxable","12":"shipping-taxable","13":"purchasable","14":"product-type-simple"},"acf":[],"_links":{"self":[{"href":"https:\/\/nbg.eu\/lv\/wp-json\/wp\/v2\/product\/525775","targetHints":{"allow":["GET"]}}],"collection":[{"href":"https:\/\/nbg.eu\/lv\/wp-json\/wp\/v2\/product"}],"about":[{"href":"https:\/\/nbg.eu\/lv\/wp-json\/wp\/v2\/types\/product"}],"wp:featuredmedia":[{"embeddable":true,"href":"https:\/\/nbg.eu\/lv\/wp-json\/wp\/v2\/media\/466372"}],"wp:attachment":[{"href":"https:\/\/nbg.eu\/lv\/wp-json\/wp\/v2\/media?parent=525775"}],"wp:term":[{"taxonomy":"product_brand","embeddable":true,"href":"https:\/\/nbg.eu\/lv\/wp-json\/wp\/v2\/product_brand?post=525775"},{"taxonomy":"product_cat","embeddable":true,"href":"https:\/\/nbg.eu\/lv\/wp-json\/wp\/v2\/product_cat?post=525775"},{"taxonomy":"product_tag","embeddable":true,"href":"https:\/\/nbg.eu\/lv\/wp-json\/wp\/v2\/product_tag?post=525775"}],"curies":[{"name":"wp","href":"https:\/\/api.w.org\/{rel}","templated":true}]}}