{"id":526186,"date":"2025-08-19T20:48:32","date_gmt":"2025-08-19T17:48:32","guid":{"rendered":"https:\/\/nbg.eu\/product\/thermal-camera-viper-35-gen-2-hunter\/"},"modified":"2026-01-21T11:31:09","modified_gmt":"2026-01-21T08:31:09","slug":"thermal-camera-viper-35-gen-2-hunter","status":"publish","type":"product","link":"https:\/\/nbg.eu\/lv\/product\/thermal-camera-viper-35-gen-2-hunter\/","title":{"rendered":"Thermal Camera Viper 35 Gen 2 Hunter"},"content":{"rendered":"<div class=\"product-description\">\n<h1>Nitehog Viper-35 term\u0101l\u0101s att\u0113lveido\u0161anas monoklis<\/h1>\n<p>Nitehog Viper-35 ir term\u0101l\u0101s att\u0113lveido\u0161anas ier\u012bce medniekiem un \u0101ra entuziastiem. \u0160\u012b ier\u012bce apvieno kompaktu dizainu ar jaud\u012bgu veiktsp\u0113ju.<\/p>\n<h2>Galven\u0101s iez\u012bmes:<\/h2>\n<ul>\n<li>Kompakts un viegls: Svars 254 grami (bez baterijas)<\/li>\n<li>Augstas iz\u0161\u0137irtsp\u0113jas sensors: 320&#215;240 pikse\u013ci<\/li>\n<li>Detekt\u0113\u0161anas diapazons: L\u012bdz 1380 metriem<\/li>\n<li>Sader\u012bgs ar standarta dienas \u0161autenes t\u0113mek\u013ciem<\/li>\n<li>Nav nepiecie\u0161ama atk\u0101rtota null\u0113\u0161ana<\/li>\n<li>F 1.2 objekt\u012bvs<\/li>\n<li>IP66 \u016bdensiztur\u012bba<\/li>\n<li>5 stundu akumulatora darb\u012bbas laiks<\/li>\n<li>Magnija sakaus\u0113juma korpuss<\/li>\n<\/ul>\n<h2>Tehnisk\u0101 specifik\u0101cija:<\/h2>\n<ul>\n<li>Palielin\u0101jums: 1 &#8211; 4x<\/li>\n<li>Objekt\u012bva diametrs: 35 mm<\/li>\n<li>Displeja iz\u0161\u0137irtsp\u0113ja: 1024&#215;768 pikse\u013ci<\/li>\n<li>Izm\u0113ri: 5.23&#8243; x 2.48&#8243; x 1.81&#8243; (A x P x G)<\/li>\n<li>Akumulatora tips: Litija jonu<\/li>\n<\/ul>\n<h2>Komplekt\u0101 ietilpst:<\/h2>\n<ul>\n<li>NiteHog Viper 35 term\u0101l\u0101s att\u0113lveido\u0161anas monoklis ar uzliku<\/li>\n<li>Transport\u0113\u0161anas kaste<\/li>\n<li>2x Akumulatoru komplekts<\/li>\n<li>Akumulatora l\u0101d\u0113t\u0101js<\/li>\n<li>Objekt\u012bva t\u012br\u012b\u0161anas pildspalva<\/li>\n<li>Kakla siksna<\/li>\n<li>Pretgrie\u0161an\u0101s gredzens<\/li>\n<li>T\u012br\u012b\u0161anas dr\u0101na<\/li>\n<li>Cordura soma<\/li>\n<\/ul>\n<p>Nitehog Viper-35 uzst\u0101da uz standarta dienas \u0161autenes t\u0113mek\u013ciem bez instrumentiem. \u0160\u012b pieeja nodro\u0161ina, ka j\u016bsu tr\u0101p\u012bjuma punkts paliek nemain\u012bgs.<\/p>\n<p>Ar sensoru un F 1.2 objekt\u012bvu, Viper-35 var noteikt 1,8 metru objektu l\u012bdz 1380 metru att\u0101lum\u0101. Ier\u012bcei ir IP66 \u016bdensiztur\u012bba un magnija sakaus\u0113juma korpuss.<\/p>\n<p>Nitehog Viper-35 tiek pieg\u0101d\u0101ts ar ierobe\u017eotu m\u016b\u017ea garantiju.<\/p>\n<\/div>\n","protected":false},"excerpt":{"rendered":"<p>Kompakts termiskais monokul\u0101rs ar 320&#215;240 sensoru. Uzsprau\u017eams dizains, 1380 m darb\u012bbas att\u0101lums, 5 stundu akumulatora darb\u012bbas laiks. Iztur\u012bgs, \u016bdensiztur\u012bgs.<\/p>\n","protected":false},"featured_media":466815,"template":"","meta":{"_acf_changed":false},"product_brand":[11601],"product_cat":[369],"product_tag":[],"class_list":{"0":"post-526186","1":"product","2":"type-product","3":"status-publish","4":"has-post-thumbnail","6":"product_brand-nitehog","7":"product_cat-uncategorized","9":"first","10":"outofstock","11":"taxable","12":"shipping-taxable","13":"purchasable","14":"product-type-simple"},"acf":[],"_links":{"self":[{"href":"https:\/\/nbg.eu\/lv\/wp-json\/wp\/v2\/product\/526186","targetHints":{"allow":["GET"]}}],"collection":[{"href":"https:\/\/nbg.eu\/lv\/wp-json\/wp\/v2\/product"}],"about":[{"href":"https:\/\/nbg.eu\/lv\/wp-json\/wp\/v2\/types\/product"}],"wp:featuredmedia":[{"embeddable":true,"href":"https:\/\/nbg.eu\/lv\/wp-json\/wp\/v2\/media\/466815"}],"wp:attachment":[{"href":"https:\/\/nbg.eu\/lv\/wp-json\/wp\/v2\/media?parent=526186"}],"wp:term":[{"taxonomy":"product_brand","embeddable":true,"href":"https:\/\/nbg.eu\/lv\/wp-json\/wp\/v2\/product_brand?post=526186"},{"taxonomy":"product_cat","embeddable":true,"href":"https:\/\/nbg.eu\/lv\/wp-json\/wp\/v2\/product_cat?post=526186"},{"taxonomy":"product_tag","embeddable":true,"href":"https:\/\/nbg.eu\/lv\/wp-json\/wp\/v2\/product_tag?post=526186"}],"curies":[{"name":"wp","href":"https:\/\/api.w.org\/{rel}","templated":true}]}}