{"id":526317,"date":"2025-08-19T21:01:26","date_gmt":"2025-08-19T18:01:26","guid":{"rendered":"https:\/\/nbg.eu\/product\/ak-safety-lever-krebs-customs-enhanced-safety-mkvi\/"},"modified":"2026-01-21T11:34:11","modified_gmt":"2026-01-21T08:34:11","slug":"ak-safety-lever-krebs-customs-enhanced-safety-mkvi","status":"publish","type":"product","link":"https:\/\/nbg.eu\/lv\/product\/ak-safety-lever-krebs-customs-enhanced-safety-mkvi\/","title":{"rendered":"AK safety lever Krebs Customs Enhanced Safety (MKVI)"},"content":{"rendered":"<div class=\"product-description\">\n<h2>Krebs Custom Mk VI Uzlabotais dro\u0161in\u0101t\u0101js \u0161tanc\u0113tiem AK \u0161autuv\u0113m<\/h2>\n<p>Krebs Custom Mk VI uzlabotais dro\u0161in\u0101t\u0101js paredz\u0113ts standarta mode\u013ca \u0161tanc\u0113t\u0101m AK \u0161autuv\u0113m. \u0160is dro\u0161in\u0101t\u0101ja svira pied\u0101v\u0101:<\/p>\n<ul>\n<li>100% ASV ra\u017eots, vien\u0101 gabal\u0101<\/li>\n<li>1mm 1050 t\u0113rauds, termiski apstr\u0101d\u0101ts l\u012bdz 50C p\u0113c Rokvela<\/li>\n<li>Uzlabota ergonomika un funkcionalit\u0101te<\/li>\n<li>Vienk\u0101r\u0161a uzst\u0101d\u012b\u0161ana (ieteicams iero\u010dmeistars VEPR 12)<\/li>\n<\/ul>\n<p>Piez\u012bme: Nav sader\u012bgs ar Polish Tantal, Yugo \u0161autuv\u0113m vai Century \u0161autuv\u0113m bez nelielas iero\u010dmeistara iejauk\u0161an\u0101s. Izv\u0113lieties starp Mk VI un Mk VI-S atkar\u012bb\u0101 no j\u016bsu \u0161autenes pa\u0161reiz\u0113j\u0101s dro\u0161in\u0101t\u0101ja aiztura poz\u012bcijas. Pieejams ar\u012b p\u0101rveidot\u0101m Saiga \u0161autuv\u0113m (AKM6S).<\/p>\n<p><strong>Krebs Custom Mk VI uzlabo j\u016bsu AK dro\u0161\u012bbu un veiktsp\u0113ju.<\/strong><\/p>\n<\/div>\n","protected":false},"excerpt":{"rendered":"<p>Prec\u012bzi \u0161tanc\u0113ta AK dro\u0161\u012bbas svira standarta \u0161tanc\u0113tajiem uztv\u0113r\u0113jiem.<\/p>\n","protected":false},"featured_media":467127,"template":"","meta":{"_acf_changed":false},"product_brand":[],"product_cat":[13765,13827,13788],"product_tag":[],"class_list":{"0":"post-526317","1":"product","2":"type-product","3":"status-publish","4":"has-post-thumbnail","6":"product_cat-ak-uzlabosana","7":"product_cat-sautene","8":"product_cat-sautenes-uzlabosana","10":"first","11":"instock","12":"taxable","13":"shipping-taxable","14":"purchasable","15":"product-type-simple"},"acf":[],"_links":{"self":[{"href":"https:\/\/nbg.eu\/lv\/wp-json\/wp\/v2\/product\/526317","targetHints":{"allow":["GET"]}}],"collection":[{"href":"https:\/\/nbg.eu\/lv\/wp-json\/wp\/v2\/product"}],"about":[{"href":"https:\/\/nbg.eu\/lv\/wp-json\/wp\/v2\/types\/product"}],"wp:featuredmedia":[{"embeddable":true,"href":"https:\/\/nbg.eu\/lv\/wp-json\/wp\/v2\/media\/467127"}],"wp:attachment":[{"href":"https:\/\/nbg.eu\/lv\/wp-json\/wp\/v2\/media?parent=526317"}],"wp:term":[{"taxonomy":"product_brand","embeddable":true,"href":"https:\/\/nbg.eu\/lv\/wp-json\/wp\/v2\/product_brand?post=526317"},{"taxonomy":"product_cat","embeddable":true,"href":"https:\/\/nbg.eu\/lv\/wp-json\/wp\/v2\/product_cat?post=526317"},{"taxonomy":"product_tag","embeddable":true,"href":"https:\/\/nbg.eu\/lv\/wp-json\/wp\/v2\/product_tag?post=526317"}],"curies":[{"name":"wp","href":"https:\/\/api.w.org\/{rel}","templated":true}]}}