{"id":526423,"date":"2025-08-20T17:48:48","date_gmt":"2025-08-20T14:48:48","guid":{"rendered":"https:\/\/nbg.eu\/product\/recoil-spring-ismi-15-lb-spring-for-glock-17-gl15\/"},"modified":"2026-01-21T11:39:14","modified_gmt":"2026-01-21T08:39:14","slug":"recoil-spring-ismi-15-lb-spring-for-glock-17-gl15","status":"publish","type":"product","link":"https:\/\/nbg.eu\/lv\/product\/recoil-spring-ismi-15-lb-spring-for-glock-17-gl15\/","title":{"rendered":"Recoil spring ISMI 15 lb. Spring for Glock 17 (GL15)"},"content":{"rendered":"<div class=\"product-description\">\n<h2>ISMI 15 m\u0101rci\u0146u plakan\u0101s stieples atsitiena atspere Glock 17 (GL15)<\/h2>\n<p>ISMI atsitiena atspere Glock 17. \u0160\u012b 15 m\u0101rci\u0146u plakan\u0101s stieples atspere ir izgatavota no hroma van\u0101dija sakaus\u0113juma, paredz\u0113ta r\u016bpn\u012bcas diametra vadstie\u0146iem .250&#8243; vai maz\u0101k.<\/p>\n<ul>\n<li>Izstr\u0101d\u0101ta ar CAD un b\u016bv\u0113ta atbilsto\u0161i avi\u0101cijas specifik\u0101cij\u0101m<\/li>\n<li>Termiski apstr\u0101d\u0101ta, apstr\u0101d\u0101ta ar skro\u0161u str\u016bklu un piln\u012bb\u0101 atbr\u012bvota no sprieguma<\/li>\n<li>Nodro\u0161ina konsekventu un uzticamu darb\u012bbu<\/li>\n<li>Sader\u012bga ar Glock 17, 17L, 20, 21, 22, 24, 31, 35<\/li>\n<li>Ra\u017eots ASV<\/li>\n<\/ul>\n<p>ISMI atsitiena atspere Glock uzlabo uzticam\u012bbu un veiktsp\u0113ju \u0161autuv\u0113.<\/p>\n<\/div>\n","protected":false},"excerpt":{"rendered":"<p>Prec\u012bza 15 m\u0101rci\u0146u plakana stieples atsitiena atspere Glock 17 pistolei. Ra\u017eota ASV, uzlabo veiktsp\u0113ju.<\/p>\n","protected":false},"featured_media":470574,"template":"","meta":{"_acf_changed":false},"product_brand":[11410],"product_cat":[13795,13777],"product_tag":[],"class_list":{"0":"post-526423","1":"product","2":"type-product","3":"status-publish","4":"has-post-thumbnail","6":"product_brand-glock","7":"product_cat-atsperes","8":"product_cat-kmr-detalas","10":"first","11":"outofstock","12":"taxable","13":"shipping-taxable","14":"purchasable","15":"product-type-simple"},"acf":[],"_links":{"self":[{"href":"https:\/\/nbg.eu\/lv\/wp-json\/wp\/v2\/product\/526423","targetHints":{"allow":["GET"]}}],"collection":[{"href":"https:\/\/nbg.eu\/lv\/wp-json\/wp\/v2\/product"}],"about":[{"href":"https:\/\/nbg.eu\/lv\/wp-json\/wp\/v2\/types\/product"}],"wp:featuredmedia":[{"embeddable":true,"href":"https:\/\/nbg.eu\/lv\/wp-json\/wp\/v2\/media\/470574"}],"wp:attachment":[{"href":"https:\/\/nbg.eu\/lv\/wp-json\/wp\/v2\/media?parent=526423"}],"wp:term":[{"taxonomy":"product_brand","embeddable":true,"href":"https:\/\/nbg.eu\/lv\/wp-json\/wp\/v2\/product_brand?post=526423"},{"taxonomy":"product_cat","embeddable":true,"href":"https:\/\/nbg.eu\/lv\/wp-json\/wp\/v2\/product_cat?post=526423"},{"taxonomy":"product_tag","embeddable":true,"href":"https:\/\/nbg.eu\/lv\/wp-json\/wp\/v2\/product_tag?post=526423"}],"curies":[{"name":"wp","href":"https:\/\/api.w.org\/{rel}","templated":true}]}}