{"id":527514,"date":"2025-09-02T20:13:23","date_gmt":"2025-09-02T17:13:23","guid":{"rendered":"https:\/\/nbg.eu\/product\/general-nano-protection-super-nano-grease-synthetic-761034\/"},"modified":"2026-01-21T11:44:39","modified_gmt":"2026-01-21T08:44:39","slug":"general-nano-protection-super-nano-grease-synthetic-761034","status":"publish","type":"product","link":"https:\/\/nbg.eu\/lv\/product\/general-nano-protection-super-nano-grease-synthetic-761034\/","title":{"rendered":"General Nano Protection &#8211; Super Nano Grease &#8211; Synthetic &#8211; 761034"},"content":{"rendered":"<h1>General Nano Protection &#8211; Super Nano Sm\u0113rviela &#8211; Sint\u0113tiska &#8211; 761034<\/h1>\n<p>Sint\u0113tiska iero\u010du e\u013c\u013ca. 200ml pudele Super Nano sm\u0113rvielas \u0161aujamiero\u010du apkopei.<\/p>\n<ul>\n<li>T\u012bra pulvera putek\u013cus, oglekli un taukus<\/li>\n<li>Izspie\u017e mitrumu un aizsarg\u0101 pret koroziju<\/li>\n<li>Samazina berzi un nodilumu da\u017e\u0101diem materi\u0101liem<\/li>\n<li>Pagarina iero\u010da kalpo\u0161anas laiku<\/li>\n<li>Nanoda\u013ci\u0146u tehnolo\u0123ija lab\u0101kai ies\u016bk\u0161anai<\/li>\n<li>Hidrofobs p\u0101rkl\u0101jums atgr\u016b\u017e \u016bdeni<\/li>\n<li>Karstumiztur\u012bga no -60\u00b0C l\u012bdz +250\u00b0C<\/li>\n<li>Dro\u0161a lieto\u0161anai uz met\u0101la, koka, kr\u0101sas, gumijas un plastmasas<\/li>\n<\/ul>\n<p>Piem\u0113rota lieto\u0161anai uz oper\u0101ciju stie\u0146iem, stobra p\u0101rsegiem, izci\u013c\u0146u tap\u0101m un cit\u0101m kust\u012bg\u0101m da\u013c\u0101m.<\/p>\n","protected":false},"excerpt":{"rendered":"<p>Progres\u012bva nano iero\u010du e\u013c\u013ca: t\u012bra, iee\u013c\u013co un aizsarg\u0101 \u0161aujamiero\u010dus.<\/p>\n","protected":false},"featured_media":490521,"template":"","meta":{"_acf_changed":false},"product_brand":[],"product_cat":[13843],"product_tag":[],"class_list":{"0":"post-527514","1":"product","2":"type-product","3":"status-publish","4":"has-post-thumbnail","6":"product_cat-nekategorizets","8":"first","9":"instock","10":"taxable","11":"shipping-taxable","12":"purchasable","13":"product-type-simple"},"acf":[],"_links":{"self":[{"href":"https:\/\/nbg.eu\/lv\/wp-json\/wp\/v2\/product\/527514","targetHints":{"allow":["GET"]}}],"collection":[{"href":"https:\/\/nbg.eu\/lv\/wp-json\/wp\/v2\/product"}],"about":[{"href":"https:\/\/nbg.eu\/lv\/wp-json\/wp\/v2\/types\/product"}],"wp:featuredmedia":[{"embeddable":true,"href":"https:\/\/nbg.eu\/lv\/wp-json\/wp\/v2\/media\/490521"}],"wp:attachment":[{"href":"https:\/\/nbg.eu\/lv\/wp-json\/wp\/v2\/media?parent=527514"}],"wp:term":[{"taxonomy":"product_brand","embeddable":true,"href":"https:\/\/nbg.eu\/lv\/wp-json\/wp\/v2\/product_brand?post=527514"},{"taxonomy":"product_cat","embeddable":true,"href":"https:\/\/nbg.eu\/lv\/wp-json\/wp\/v2\/product_cat?post=527514"},{"taxonomy":"product_tag","embeddable":true,"href":"https:\/\/nbg.eu\/lv\/wp-json\/wp\/v2\/product_tag?post=527514"}],"curies":[{"name":"wp","href":"https:\/\/api.w.org\/{rel}","templated":true}]}}