{"id":53040,"date":"2024-03-08T06:59:20","date_gmt":"2024-03-08T06:59:20","guid":{"rendered":"https:\/\/nbg.eu\/product\/bore-tech-shotgun-blend\/"},"modified":"2026-01-21T12:17:53","modified_gmt":"2026-01-21T09:17:53","slug":"bore-tech-shotgun-blend","status":"publish","type":"product","link":"https:\/\/nbg.eu\/lv\/product\/bore-tech-shotgun-blend\/","title":{"rendered":"Bore Tech Shotgun Blend"},"content":{"rendered":"<p>\nBore Tech Shotgun Blend ir stobru t\u012br\u012b\u0161anas l\u012bdzeklis bez amonjaka. \u0160is biolo\u0123iski no\u0101rd\u0101mais sast\u0101vs not\u012bra svinu, pulveri un plastmasas pies\u0101r\u0146ojumu no stobriem, p\u0101rejas konusiem un \u010doku caurul\u0113m. Tas ir dro\u0161s, bez smar\u017eas un viegli lietojams. T\u012br\u012b\u0161anas rezult\u0101ti ir redzami uz t\u012br\u012b\u0161anas dr\u0101n\u0101m.<\/p>\n","protected":false},"excerpt":{"rendered":"<p>Jaud\u012bgs stobra t\u012br\u012bt\u0101js dro\u0161i no\u0146em svina, oglek\u013ca un plastmasas net\u012brumus.<\/p>\n","protected":false},"featured_media":53041,"template":"","meta":{"_acf_changed":false},"product_brand":[11156],"product_cat":[13769,13842],"product_tag":[],"class_list":{"0":"post-53040","1":"product","2":"type-product","3":"status-publish","4":"has-post-thumbnail","6":"product_brand-boretech","7":"product_cat-ierocu-tirisana","8":"product_cat-tirisanas-lidzekli","10":"first","11":"instock","12":"taxable","13":"shipping-taxable","14":"purchasable","15":"product-type-variable","16":"wvs-archive-product-wrapper"},"acf":[],"_links":{"self":[{"href":"https:\/\/nbg.eu\/lv\/wp-json\/wp\/v2\/product\/53040","targetHints":{"allow":["GET"]}}],"collection":[{"href":"https:\/\/nbg.eu\/lv\/wp-json\/wp\/v2\/product"}],"about":[{"href":"https:\/\/nbg.eu\/lv\/wp-json\/wp\/v2\/types\/product"}],"wp:featuredmedia":[{"embeddable":true,"href":"https:\/\/nbg.eu\/lv\/wp-json\/wp\/v2\/media\/53041"}],"wp:attachment":[{"href":"https:\/\/nbg.eu\/lv\/wp-json\/wp\/v2\/media?parent=53040"}],"wp:term":[{"taxonomy":"product_brand","embeddable":true,"href":"https:\/\/nbg.eu\/lv\/wp-json\/wp\/v2\/product_brand?post=53040"},{"taxonomy":"product_cat","embeddable":true,"href":"https:\/\/nbg.eu\/lv\/wp-json\/wp\/v2\/product_cat?post=53040"},{"taxonomy":"product_tag","embeddable":true,"href":"https:\/\/nbg.eu\/lv\/wp-json\/wp\/v2\/product_tag?post=53040"}],"curies":[{"name":"wp","href":"https:\/\/api.w.org\/{rel}","templated":true}]}}