{"id":530436,"date":"2025-09-04T17:31:52","date_gmt":"2025-09-04T14:31:52","guid":{"rendered":"https:\/\/nbg.eu\/product\/strike-industries-overmolded-ultimate-dust-cover-for-223-5-56-mm-black\/"},"modified":"2026-01-21T12:14:40","modified_gmt":"2026-01-21T09:14:40","slug":"strike-industries-overmolded-ultimate-dust-cover-for-223-5-56-mm-black","status":"publish","type":"product","link":"https:\/\/nbg.eu\/lv\/product\/strike-industries-overmolded-ultimate-dust-cover-for-223-5-56-mm-black\/","title":{"rendered":"Strike Industries &#8211; Overmolded Ultimate Dust Cover for .223\/5.56 mm &#8211; Black"},"content":{"rendered":"<div class=\"product-description\">\n<h2>Strike Industries &#8211; P\u0101rkl\u0101ts putek\u013cu p\u0101rsegs .223\/5.56 mm &#8211; Melns<\/h2>\n<p>Strike Industries p\u0101rkl\u0101tais putek\u013cu p\u0101rsegs AR-15 iero\u010diem. Tas izmanto divk\u0101r\u0161u injekcijas veidni un gumijotu bl\u012bv\u0113jumu aizsardz\u012bbai pret gru\u017eiem un \u016bdeni. Iek\u0161\u0113j\u0101 mala nodro\u0161ina cie\u0161\u0101ku bl\u012bv\u0113jumu nek\u0101 tradicion\u0101lie putek\u013cu p\u0101rsegi.<\/p>\n<ul>\n<li>Uzst\u0101d\u012b\u0161ana bez instrumentiem un viegla izjauk\u0161ana<\/li>\n<li>Ieb\u016bv\u0113ta regul\u0113jama aiztura skr\u016bve nodiluma kompens\u0101cijai<\/li>\n<li>Klusa aktiviz\u0113\u0161ana ar trok\u0161\u0146a mazin\u0101\u0161anas gumijas polster\u0113jumu<\/li>\n<li>Izgatavots no SI Polymer Extreme materi\u0101la<\/li>\n<li>Iztur\u012bgs pret r\u016bsu<\/li>\n<li>Uzst\u0101d\u012b\u0161ana vai no\u0146em\u0161ana 5-10 sekund\u0113s<\/li>\n<\/ul>\n<p>Sader\u012bgs ar AR-15 Mil-Spec un vairumu billet aug\u0161\u0113jiem uztv\u0113r\u0113jiem, ieskaitot Aero Precision M4E1. Nav sader\u012bgs ar VLTOR MUR, ZRO Delta, Lantac Enhanced BCG vai Bootleg \u010detru poz\u012bciju regul\u0113jamo nes\u0113ju.<\/p>\n<\/div>\n","protected":false},"excerpt":{"rendered":"<p>Uzlabots AR-15 putek\u013cu v\u0101ks: kluss, \u0101tri uzst\u0101d\u0101ms, nodro\u0161ina herm\u0113tisku aizsardz\u012bbu pret net\u012brumiem.<\/p>\n","protected":false},"featured_media":493273,"template":"","meta":{"_acf_changed":false},"product_brand":[14618],"product_cat":[13811,13827,13788],"product_tag":[],"class_list":{"0":"post-530436","1":"product","2":"type-product","3":"status-publish","4":"has-post-thumbnail","6":"product_brand-strike-industries","7":"product_cat-ar-uzlabojumi","8":"product_cat-sautene","9":"product_cat-sautenes-uzlabosana","11":"first","12":"instock","13":"taxable","14":"shipping-taxable","15":"purchasable","16":"product-type-simple"},"acf":[],"_links":{"self":[{"href":"https:\/\/nbg.eu\/lv\/wp-json\/wp\/v2\/product\/530436","targetHints":{"allow":["GET"]}}],"collection":[{"href":"https:\/\/nbg.eu\/lv\/wp-json\/wp\/v2\/product"}],"about":[{"href":"https:\/\/nbg.eu\/lv\/wp-json\/wp\/v2\/types\/product"}],"wp:featuredmedia":[{"embeddable":true,"href":"https:\/\/nbg.eu\/lv\/wp-json\/wp\/v2\/media\/493273"}],"wp:attachment":[{"href":"https:\/\/nbg.eu\/lv\/wp-json\/wp\/v2\/media?parent=530436"}],"wp:term":[{"taxonomy":"product_brand","embeddable":true,"href":"https:\/\/nbg.eu\/lv\/wp-json\/wp\/v2\/product_brand?post=530436"},{"taxonomy":"product_cat","embeddable":true,"href":"https:\/\/nbg.eu\/lv\/wp-json\/wp\/v2\/product_cat?post=530436"},{"taxonomy":"product_tag","embeddable":true,"href":"https:\/\/nbg.eu\/lv\/wp-json\/wp\/v2\/product_tag?post=530436"}],"curies":[{"name":"wp","href":"https:\/\/api.w.org\/{rel}","templated":true}]}}