{"id":533977,"date":"2025-09-04T18:48:31","date_gmt":"2025-09-04T15:48:31","guid":{"rendered":"https:\/\/nbg.eu\/product\/ftcs-buttstock-mounting-adapter-picatinny-for-saiga-cerakote-h-146-nr-28\/"},"modified":"2026-01-21T11:40:09","modified_gmt":"2026-01-21T08:40:09","slug":"ftcs-buttstock-mounting-adapter-picatinny-for-saiga-cerakote-h-146-nr-28","status":"publish","type":"product","link":"https:\/\/nbg.eu\/lv\/product\/ftcs-buttstock-mounting-adapter-picatinny-for-saiga-cerakote-h-146-nr-28\/","title":{"rendered":"FTCS &#8211; Buttstock Mounting Adapter Picatinny for Saiga &#8211; Cerakote &#8211; H-146 &#8211; Nr. 28"},"content":{"rendered":"<div class=\"product-description\">\n<h2>FTCS &#8211; Laides stiprin\u0101\u0161anas adapteris ar Picatinny sliedi Saiga iero\u010diem &#8211; Cerakote H-146<\/h2>\n<p>Adapteris Saiga un l\u012bdz\u012bg\u0101m platform\u0101m. Izgatavots no alum\u012bnija ar Graphite Black H-146 Cerakote p\u0101rkl\u0101jumu.<\/p>\n<ul>\n<li>Sader\u012bgs ar Saiga un l\u012bdz\u012bg\u0101m platform\u0101m<\/li>\n<li>\u013bauj piestiprin\u0101t Picatinny sader\u012bgas laides vai stabilizatorus<\/li>\n<li>Nav nepiecie\u0161amas papildu deta\u013cas uzst\u0101d\u012b\u0161anai<\/li>\n<li>Iegrav\u0113ts ra\u017eot\u0101ja logotips<\/li>\n<li>Izm\u0113ri: 35 x 31 x 30 mm<\/li>\n<li>Svars: 49 g<\/li>\n<\/ul>\n<p>Piem\u0113rots lieto\u0161anai ar Strike Industries laid\u0113m, piem\u0113ram, SI-FSA-DUAL, SI-FSA-DUAL-STOCK vai SI-FSA-DUAL-STAB.<\/p>\n<\/div>\n","protected":false},"excerpt":{"rendered":"<p>Saiga laides adapters. Picatinny sliede. Cerakote H-146. FTCS Nr. 28.<\/p>\n","protected":false},"featured_media":494449,"template":"","meta":{"_acf_changed":false},"product_brand":[],"product_cat":[13765,13827,13788],"product_tag":[],"class_list":{"0":"post-533977","1":"product","2":"type-product","3":"status-publish","4":"has-post-thumbnail","6":"product_cat-ak-uzlabosana","7":"product_cat-sautene","8":"product_cat-sautenes-uzlabosana","10":"first","11":"instock","12":"taxable","13":"shipping-taxable","14":"purchasable","15":"product-type-simple"},"acf":[],"_links":{"self":[{"href":"https:\/\/nbg.eu\/lv\/wp-json\/wp\/v2\/product\/533977","targetHints":{"allow":["GET"]}}],"collection":[{"href":"https:\/\/nbg.eu\/lv\/wp-json\/wp\/v2\/product"}],"about":[{"href":"https:\/\/nbg.eu\/lv\/wp-json\/wp\/v2\/types\/product"}],"wp:featuredmedia":[{"embeddable":true,"href":"https:\/\/nbg.eu\/lv\/wp-json\/wp\/v2\/media\/494449"}],"wp:attachment":[{"href":"https:\/\/nbg.eu\/lv\/wp-json\/wp\/v2\/media?parent=533977"}],"wp:term":[{"taxonomy":"product_brand","embeddable":true,"href":"https:\/\/nbg.eu\/lv\/wp-json\/wp\/v2\/product_brand?post=533977"},{"taxonomy":"product_cat","embeddable":true,"href":"https:\/\/nbg.eu\/lv\/wp-json\/wp\/v2\/product_cat?post=533977"},{"taxonomy":"product_tag","embeddable":true,"href":"https:\/\/nbg.eu\/lv\/wp-json\/wp\/v2\/product_tag?post=533977"}],"curies":[{"name":"wp","href":"https:\/\/api.w.org\/{rel}","templated":true}]}}