{"id":534522,"date":"2025-09-04T20:13:16","date_gmt":"2025-09-04T17:13:16","guid":{"rendered":"https:\/\/nbg.eu\/product\/ismi-17-lb-pruzhina-za-glock-17-gl17\/"},"modified":"2026-02-27T15:51:50","modified_gmt":"2026-02-27T12:51:50","slug":"ismi-17-lb-pruzhina-za-glock-17-gl17","status":"publish","type":"product","link":"https:\/\/nbg.eu\/lv\/product\/ismi-17-lb-pruzhina-za-glock-17-gl17\/","title":{"rendered":"ISMI 17 lb. \u041f\u0440\u0443\u0436\u0438\u043d\u0430 \u0437\u0430 Glock 17 (GL17)"},"content":{"rendered":"<div class=\"product-description\">\n<h2>ISMI 17 lb. atspere Glock 17 (GL17)<\/h2>\n<p>17 lb atsitiena atspere Glock 17. Ra\u017eota ASV atbilsto\u0161i avi\u0101cijas specifik\u0101cij\u0101m. \u0160\u012b atspere pied\u0101v\u0101:<\/p>\n<ul>\n<li>CAD projekt\u0113ta prec\u012bzai sader\u012bbai<\/li>\n<li>Izgatavota no hroma sil\u012bcija, ner\u016bs\u0113jo\u0161\u0101 t\u0113rauda vai hroma van\u0101dija<\/li>\n<li>Termiski apstr\u0101d\u0101ta, apstr\u0101d\u0101ta ar lod\u012bt\u0113m un ar samazin\u0101tu spriegumu iztur\u012bbai<\/li>\n<li>Plakanas stieples dizains vienm\u0113r\u012bgai darb\u012bbai<\/li>\n<li>Der r\u016bpn\u012bcas vadstie\u0146iem (.250&#8243; vai maz\u0101k)<\/li>\n<li>Sader\u012bga ar Glock 17, 17L, 20, 21, 22, 24, 31, 35<\/li>\n<\/ul>\n<p>Korozijiztur\u012bga atspere, izstr\u0101d\u0101ta, lai atbilstu Glock 17 pras\u012bb\u0101m.<\/p>\n<\/div>\n","protected":false},"excerpt":{"rendered":"<p>17 m\u0101rci\u0146u atsitiena atspere Glock 17 pistolei. Ra\u017eota ASV, iztur\u012bga, uzticama.<\/p>\n","protected":false},"featured_media":495350,"template":"","meta":{"_acf_changed":false},"product_brand":[],"product_cat":[13795,13773],"product_tag":[],"class_list":{"0":"post-534522","1":"product","2":"type-product","3":"status-publish","4":"has-post-thumbnail","6":"product_cat-atsperes","7":"product_cat-pistoles-detalas","9":"first","10":"outofstock","11":"taxable","12":"shipping-taxable","13":"purchasable","14":"product-type-simple"},"acf":[],"_links":{"self":[{"href":"https:\/\/nbg.eu\/lv\/wp-json\/wp\/v2\/product\/534522","targetHints":{"allow":["GET"]}}],"collection":[{"href":"https:\/\/nbg.eu\/lv\/wp-json\/wp\/v2\/product"}],"about":[{"href":"https:\/\/nbg.eu\/lv\/wp-json\/wp\/v2\/types\/product"}],"wp:featuredmedia":[{"embeddable":true,"href":"https:\/\/nbg.eu\/lv\/wp-json\/wp\/v2\/media\/495350"}],"wp:attachment":[{"href":"https:\/\/nbg.eu\/lv\/wp-json\/wp\/v2\/media?parent=534522"}],"wp:term":[{"taxonomy":"product_brand","embeddable":true,"href":"https:\/\/nbg.eu\/lv\/wp-json\/wp\/v2\/product_brand?post=534522"},{"taxonomy":"product_cat","embeddable":true,"href":"https:\/\/nbg.eu\/lv\/wp-json\/wp\/v2\/product_cat?post=534522"},{"taxonomy":"product_tag","embeddable":true,"href":"https:\/\/nbg.eu\/lv\/wp-json\/wp\/v2\/product_tag?post=534522"}],"curies":[{"name":"wp","href":"https:\/\/api.w.org\/{rel}","templated":true}]}}