{"id":535194,"date":"2025-09-04T23:53:22","date_gmt":"2025-09-04T20:53:22","guid":{"rendered":"https:\/\/nbg.eu\/product\/law-tactical-llc-armorers-flange-tool-2019aft\/"},"modified":"2026-01-21T11:58:40","modified_gmt":"2026-01-21T08:58:40","slug":"law-tactical-llc-armorers-flange-tool-2019aft","status":"publish","type":"product","link":"https:\/\/nbg.eu\/lv\/product\/law-tactical-llc-armorers-flange-tool-2019aft\/","title":{"rendered":"LAW TACTICAL LLC Armorer&#8217;s Flange Tool (2019AFT)"},"content":{"rendered":"<div class=\"product-description\">\n<h2>LAW TACTICAL LLC Iero\u010du meistara atloka instruments (2019AFT)<\/h2>\n<p>Instruments Law Tactical salok\u0101m\u0101 pleca adaptera apkopei. \u0160is atk\u0101rtoti lietojamais atloka uzst\u0101d\u012b\u0161anas un no\u0146em\u0161anas r\u012bks ir izgatavots no termiski apstr\u0101d\u0101ta oglek\u013ca t\u0113rauda, nodro\u0161inot iztur\u012bbu.<\/p>\n<ul>\n<li>Izgatavots no viengabala termiski apstr\u0101d\u0101ta oglek\u013ca t\u0113rauda stie\u0146a<\/li>\n<li>Paredz\u0113ts ilgsto\u0161ai lieto\u0161anai<\/li>\n<li>Apr\u012bkots ar 3\/8&#8243; kvadr\u0101tveida piedzi\u0146u griezes momenta atsl\u0113gas savietojam\u012bbai<\/li>\n<li>Individu\u0101li p\u0101rbaud\u012bts kvalit\u0101tes nodro\u0161in\u0101\u0161anai<\/li>\n<li>P\u0101rkl\u0101ts ar melnu melon\u012btu aizsardz\u012bbai<\/li>\n<\/ul>\n<p>Profesion\u0101las precizit\u0101tes iero\u010du meistara instruments, piem\u0113rots entuziastiem un profesion\u0101\u013ciem.<\/p>\n<\/div>\n","protected":false},"excerpt":{"rendered":"<p>Iztur\u012bgs t\u0113rauda instruments Law Tactical salok\u0101m\u0101 laides adaptera atloku apstr\u0101dei.<\/p>\n","protected":false},"featured_media":495825,"template":"","meta":{"_acf_changed":false},"product_brand":[14386],"product_cat":[13843],"product_tag":[],"class_list":{"0":"post-535194","1":"product","2":"type-product","3":"status-publish","4":"has-post-thumbnail","6":"product_brand-law-tactical-llc","7":"product_cat-nekategorizets","9":"first","10":"outofstock","11":"taxable","12":"shipping-taxable","13":"purchasable","14":"product-type-simple"},"acf":[],"_links":{"self":[{"href":"https:\/\/nbg.eu\/lv\/wp-json\/wp\/v2\/product\/535194","targetHints":{"allow":["GET"]}}],"collection":[{"href":"https:\/\/nbg.eu\/lv\/wp-json\/wp\/v2\/product"}],"about":[{"href":"https:\/\/nbg.eu\/lv\/wp-json\/wp\/v2\/types\/product"}],"wp:featuredmedia":[{"embeddable":true,"href":"https:\/\/nbg.eu\/lv\/wp-json\/wp\/v2\/media\/495825"}],"wp:attachment":[{"href":"https:\/\/nbg.eu\/lv\/wp-json\/wp\/v2\/media?parent=535194"}],"wp:term":[{"taxonomy":"product_brand","embeddable":true,"href":"https:\/\/nbg.eu\/lv\/wp-json\/wp\/v2\/product_brand?post=535194"},{"taxonomy":"product_cat","embeddable":true,"href":"https:\/\/nbg.eu\/lv\/wp-json\/wp\/v2\/product_cat?post=535194"},{"taxonomy":"product_tag","embeddable":true,"href":"https:\/\/nbg.eu\/lv\/wp-json\/wp\/v2\/product_tag?post=535194"}],"curies":[{"name":"wp","href":"https:\/\/api.w.org\/{rel}","templated":true}]}}