{"id":535516,"date":"2025-09-05T00:00:24","date_gmt":"2025-09-04T21:00:24","guid":{"rendered":"https:\/\/nbg.eu\/product\/rh-504-2-screws-iwb\/"},"modified":"2026-01-21T11:34:53","modified_gmt":"2026-01-21T08:34:53","slug":"rh-504-2-screws-iwb","status":"publish","type":"product","link":"https:\/\/nbg.eu\/lv\/product\/rh-504-2-screws-iwb\/","title":{"rendered":"RH 504-2 Screws IWB"},"content":{"rendered":"<h1>RH 504-2 Skr\u016bves IWB &#8211; Rezerves komplekts IWB makst\u012bm<\/h1>\n<p>RH 504-2 Skr\u016bves IWB rezerves komplekts ir paredz\u0113ts m\u016bsu Black Trident IWB makst\u012bm, nodro\u0161inot prec\u012bzu sader\u012bbu un uzticamu darb\u012bbu.<\/p>\n<h2>Komplekta saturs:<\/h2>\n<ul>\n<li>4 x 9mm skr\u016bves ar uzmav\u0101m un starplik\u0101m<\/li>\n<li>4 x 3mm starplikas<\/li>\n<li>4 x 6mm skr\u016bves<\/li>\n<li>4 x 4.7mm uzmavas<\/li>\n<\/ul>\n<p>Sader\u012bgs ar Viking, Quasimodo un Guardian makstu mode\u013ciem.<\/p>\n<p><strong>Ieteikums:<\/strong> Maksim\u0101lai dro\u0161\u012bbai iesak\u0101m izmantot skr\u016bvju l\u012bmi (p\u0101rdod atsevi\u0161\u0137i), lai apr\u012bkojums b\u016btu stingri nostiprin\u0101ts.<\/p>\n<p>Pas\u016btiet savu RH 504-2 Skr\u016bves IWB komplektu, lai uztur\u0113tu savu maksti lab\u0101 st\u0101vokl\u012b.<\/p>\n","protected":false},"excerpt":{"rendered":"<p>Nomai\u0146as skr\u016bvju komplekts Black Trident IWB makst\u012bm. Iek\u013cautas 16 deta\u013cas.<\/p>\n","protected":false},"featured_media":0,"template":"","meta":{"_acf_changed":false},"product_brand":[11644],"product_cat":[13808],"product_tag":[],"class_list":{"0":"post-535516","1":"product","2":"type-product","3":"status-publish","5":"product_brand-rh-holsters","6":"product_cat-holstera-piederumi","8":"first","9":"instock","10":"taxable","11":"shipping-taxable","12":"purchasable","13":"product-type-simple"},"acf":[],"_links":{"self":[{"href":"https:\/\/nbg.eu\/lv\/wp-json\/wp\/v2\/product\/535516","targetHints":{"allow":["GET"]}}],"collection":[{"href":"https:\/\/nbg.eu\/lv\/wp-json\/wp\/v2\/product"}],"about":[{"href":"https:\/\/nbg.eu\/lv\/wp-json\/wp\/v2\/types\/product"}],"wp:attachment":[{"href":"https:\/\/nbg.eu\/lv\/wp-json\/wp\/v2\/media?parent=535516"}],"wp:term":[{"taxonomy":"product_brand","embeddable":true,"href":"https:\/\/nbg.eu\/lv\/wp-json\/wp\/v2\/product_brand?post=535516"},{"taxonomy":"product_cat","embeddable":true,"href":"https:\/\/nbg.eu\/lv\/wp-json\/wp\/v2\/product_cat?post=535516"},{"taxonomy":"product_tag","embeddable":true,"href":"https:\/\/nbg.eu\/lv\/wp-json\/wp\/v2\/product_tag?post=535516"}],"curies":[{"name":"wp","href":"https:\/\/api.w.org\/{rel}","templated":true}]}}