{"id":535943,"date":"2025-09-05T00:03:25","date_gmt":"2025-09-04T21:03:25","guid":{"rendered":"https:\/\/nbg.eu\/product\/utg-pro-monolithic-m-lok-handguard-for-mp5k\/"},"modified":"2026-01-21T12:27:14","modified_gmt":"2026-01-21T09:27:14","slug":"utg-pro-monolithic-m-lok-handguard-for-mp5k","status":"publish","type":"product","link":"https:\/\/nbg.eu\/lv\/product\/utg-pro-monolithic-m-lok-handguard-for-mp5k\/","title":{"rendered":"UTG PRO?\u00ae MONOLITHIC M-LOK\u00ae HANDGUARD FOR MP5K"},"content":{"rendered":"<div class=\"product-description\">\n<h2>UTG PRO\u00ae Monol\u012btisks M-LOK\u00ae Rokturis MP5K ierocim<\/h2>\n<p>UTG PRO\u00ae Monol\u012btiskais M-LOK\u00ae Rokturis MP5K ierocim pied\u0101v\u0101:<\/p>\n<ul>\n<li>Alum\u012bnija konstrukcija<\/li>\n<li>M-LOK\u00ae sader\u012bgas spraugas piederumu pievieno\u0161anai<\/li>\n<li>Zema profila dizains<\/li>\n<li>Vienk\u0101r\u0161a uzst\u0101d\u012b\u0161ana bez iero\u010du meistara pal\u012bdz\u012bbas<\/li>\n<li>Uzlabota siltuma izklied\u0113\u0161ana<\/li>\n<li>Ra\u017eots ASV ar m\u016b\u017ea garantiju<\/li>\n<\/ul>\n<p>UTG PRO\u00ae Monol\u012btiskais M-LOK\u00ae Rokturis ir piem\u0113rots ties\u012bbsarg\u0101jo\u0161\u0101m iest\u0101d\u0113m, sacens\u012bbu \u0161\u0101v\u0113jiem un iero\u010du entuziastiem.<\/p>\n<\/div>\n","protected":false},"excerpt":{"rendered":"<p>UTG PRO M-LOK rokturis: Gl\u012bts, iztur\u012bgs uzlabojums MP5K ierocim.<\/p>\n","protected":false},"featured_media":745246,"template":"","meta":{"_acf_changed":false},"product_brand":[14415],"product_cat":[14802,13827,13788,13841],"product_tag":[],"class_list":{"0":"post-535943","1":"product","2":"type-product","3":"status-publish","4":"has-post-thumbnail","6":"product_brand-leapers-inc","7":"product_cat-roku-sargi","8":"product_cat-sautene","9":"product_cat-sautenes-uzlabosana","10":"product_cat-sliedes","12":"first","13":"instock","14":"taxable","15":"shipping-taxable","16":"purchasable","17":"product-type-simple"},"acf":[],"_links":{"self":[{"href":"https:\/\/nbg.eu\/lv\/wp-json\/wp\/v2\/product\/535943","targetHints":{"allow":["GET"]}}],"collection":[{"href":"https:\/\/nbg.eu\/lv\/wp-json\/wp\/v2\/product"}],"about":[{"href":"https:\/\/nbg.eu\/lv\/wp-json\/wp\/v2\/types\/product"}],"wp:featuredmedia":[{"embeddable":true,"href":"https:\/\/nbg.eu\/lv\/wp-json\/wp\/v2\/media\/745246"}],"wp:attachment":[{"href":"https:\/\/nbg.eu\/lv\/wp-json\/wp\/v2\/media?parent=535943"}],"wp:term":[{"taxonomy":"product_brand","embeddable":true,"href":"https:\/\/nbg.eu\/lv\/wp-json\/wp\/v2\/product_brand?post=535943"},{"taxonomy":"product_cat","embeddable":true,"href":"https:\/\/nbg.eu\/lv\/wp-json\/wp\/v2\/product_cat?post=535943"},{"taxonomy":"product_tag","embeddable":true,"href":"https:\/\/nbg.eu\/lv\/wp-json\/wp\/v2\/product_tag?post=535943"}],"curies":[{"name":"wp","href":"https:\/\/api.w.org\/{rel}","templated":true}]}}