{"id":536055,"date":"2025-09-05T00:03:25","date_gmt":"2025-09-04T21:03:25","guid":{"rendered":"https:\/\/nbg.eu\/product\/utg-pro-monolithic-m-lok-handguard-for-mp5-extended-length\/"},"modified":"2026-02-27T15:51:13","modified_gmt":"2026-02-27T12:51:13","slug":"utg-pro-monolithic-m-lok-handguard-for-mp5-extended-length","status":"publish","type":"product","link":"https:\/\/nbg.eu\/lv\/product\/utg-pro-monolithic-m-lok-handguard-for-mp5-extended-length\/","title":{"rendered":"UTG PRO\u00ae Monolithic M-LOK\u00ae Handguard, for MP5\u00ae, Extended Length"},"content":{"rendered":"<div class=\"product-description\">\n<h2>UTG PRO\u00ae Monol\u012btisks M-LOK\u00ae Rokturis MP5\u00ae, Pagarin\u0101ts Garums<\/h2>\n<p>MP5\u00ae uzlabo\u0161anai ar UTG PRO\u00ae Monol\u012btisko M-LOK\u00ae Rokturi. \u0160im pagarin\u0101t\u0101 garuma rokturim ir \u0161\u0101das \u012bpa\u0161\u012bbas:<\/p>\n<ul>\n<li>Alum\u012bnija konstrukcija<\/li>\n<li>M-LOK\u00ae sader\u012bgas atveres aksesu\u0101ru uzst\u0101d\u012b\u0161anai<\/li>\n<li>Pagarin\u0101ts garums<\/li>\n<li>Monol\u012btisks dizains<\/li>\n<li>Viegla uzst\u0101d\u012b\u0161ana ar komplekt\u0101 iek\u013cautaj\u0101m deta\u013c\u0101m<\/li>\n<li>Siltuma izklied\u0113\u0161anas \u012bpa\u0161\u012bbas<\/li>\n<\/ul>\n<p>\u0160is rokturis p\u0101rveido j\u016bsu MP5\u00ae par piel\u0101gojamu platformu. UTG PRO\u00ae Monol\u012btiskais M-LOK\u00ae Rokturis.<\/p>\n<\/div>\n","protected":false},"excerpt":{"rendered":"<p>UTG PRO\u00ae pagarin\u0101tais M-LOK\u00ae rokturis MP5\u00ae: Iztur\u012bgs, daudzpus\u012bgs, prec\u012bzi izstr\u0101d\u0101ts.<\/p>\n","protected":false},"featured_media":745414,"template":"","meta":{"_acf_changed":false},"product_brand":[14415],"product_cat":[14802,13827,13788,13841],"product_tag":[],"class_list":{"0":"post-536055","1":"product","2":"type-product","3":"status-publish","4":"has-post-thumbnail","6":"product_brand-leapers-inc","7":"product_cat-roku-sargi","8":"product_cat-sautene","9":"product_cat-sautenes-uzlabosana","10":"product_cat-sliedes","12":"first","13":"instock","14":"taxable","15":"shipping-taxable","16":"purchasable","17":"product-type-simple"},"acf":[],"_links":{"self":[{"href":"https:\/\/nbg.eu\/lv\/wp-json\/wp\/v2\/product\/536055","targetHints":{"allow":["GET"]}}],"collection":[{"href":"https:\/\/nbg.eu\/lv\/wp-json\/wp\/v2\/product"}],"about":[{"href":"https:\/\/nbg.eu\/lv\/wp-json\/wp\/v2\/types\/product"}],"wp:featuredmedia":[{"embeddable":true,"href":"https:\/\/nbg.eu\/lv\/wp-json\/wp\/v2\/media\/745414"}],"wp:attachment":[{"href":"https:\/\/nbg.eu\/lv\/wp-json\/wp\/v2\/media?parent=536055"}],"wp:term":[{"taxonomy":"product_brand","embeddable":true,"href":"https:\/\/nbg.eu\/lv\/wp-json\/wp\/v2\/product_brand?post=536055"},{"taxonomy":"product_cat","embeddable":true,"href":"https:\/\/nbg.eu\/lv\/wp-json\/wp\/v2\/product_cat?post=536055"},{"taxonomy":"product_tag","embeddable":true,"href":"https:\/\/nbg.eu\/lv\/wp-json\/wp\/v2\/product_tag?post=536055"}],"curies":[{"name":"wp","href":"https:\/\/api.w.org\/{rel}","templated":true}]}}