{"id":536271,"date":"2025-09-05T00:15:54","date_gmt":"2025-09-04T21:15:54","guid":{"rendered":"https:\/\/nbg.eu\/product\/dillon-aluminum-roller-handle\/"},"modified":"2026-01-21T11:59:38","modified_gmt":"2026-01-21T08:59:38","slug":"dillon-aluminum-roller-handle","status":"publish","type":"product","link":"https:\/\/nbg.eu\/lv\/product\/dillon-aluminum-roller-handle\/","title":{"rendered":"Dillon Aluminum Roller Handle"},"content":{"rendered":"<div class=\"product-description\">\n<h2>Dillon alum\u012bnija rull\u012b\u0161u rokturis<\/h2>\n<p>Dillon Precision piederumu rokturis. \u0160is vieglais alum\u012bnija rull\u012b\u0161u rokturis ir paredz\u0113ts \u0113rt\u012bbai un efektivit\u0101tei ilgsto\u0161u p\u0101rl\u0101d\u0113\u0161anas sesiju laik\u0101.<\/p>\n<ul>\n<li>Sader\u012bgs ar RL550, XL750 un 650 l\u0101d\u0113t\u0101jiem<\/li>\n<li>Samazina operatora nogurumu<\/li>\n<li>Uzlabo kapsulas ievieto\u0161anas vieglumu<\/li>\n<li>Iztur\u012bga alum\u012bnija konstrukcija<\/li>\n<li>Pieejams Dillon zilaj\u0101 kr\u0101s\u0101<\/li>\n<\/ul>\n<p>\u0160is piederums uzlabo p\u0101rl\u0101d\u0113\u0161anas procesu.<\/p>\n<\/div>\n","protected":false},"excerpt":{"rendered":"<p>Ergonomisks alum\u012bnija rull\u012b\u0161u rokturis vienm\u0113r\u012bg\u0101kai p\u0101rl\u0101d\u0113\u0161anai. Piem\u0113rots RL550\/XL750\/650.<\/p>\n","protected":false},"featured_media":496391,"template":"","meta":{"_acf_changed":false},"product_brand":[14333],"product_cat":[13813,13802],"product_tag":[],"class_list":{"0":"post-536271","1":"product","2":"type-product","3":"status-publish","4":"has-post-thumbnail","6":"product_brand-dillon-precision","7":"product_cat-parladesana","8":"product_cat-parladesanas-aksesuari","10":"first","11":"outofstock","12":"taxable","13":"shipping-taxable","14":"purchasable","15":"product-type-simple"},"acf":[],"_links":{"self":[{"href":"https:\/\/nbg.eu\/lv\/wp-json\/wp\/v2\/product\/536271","targetHints":{"allow":["GET"]}}],"collection":[{"href":"https:\/\/nbg.eu\/lv\/wp-json\/wp\/v2\/product"}],"about":[{"href":"https:\/\/nbg.eu\/lv\/wp-json\/wp\/v2\/types\/product"}],"wp:featuredmedia":[{"embeddable":true,"href":"https:\/\/nbg.eu\/lv\/wp-json\/wp\/v2\/media\/496391"}],"wp:attachment":[{"href":"https:\/\/nbg.eu\/lv\/wp-json\/wp\/v2\/media?parent=536271"}],"wp:term":[{"taxonomy":"product_brand","embeddable":true,"href":"https:\/\/nbg.eu\/lv\/wp-json\/wp\/v2\/product_brand?post=536271"},{"taxonomy":"product_cat","embeddable":true,"href":"https:\/\/nbg.eu\/lv\/wp-json\/wp\/v2\/product_cat?post=536271"},{"taxonomy":"product_tag","embeddable":true,"href":"https:\/\/nbg.eu\/lv\/wp-json\/wp\/v2\/product_tag?post=536271"}],"curies":[{"name":"wp","href":"https:\/\/api.w.org\/{rel}","templated":true}]}}