{"id":536383,"date":"2025-09-05T00:16:15","date_gmt":"2025-09-04T21:16:15","guid":{"rendered":"https:\/\/nbg.eu\/product\/ar-15-a2-pistol-grip\/"},"modified":"2026-01-21T11:34:07","modified_gmt":"2026-01-21T08:34:07","slug":"ar-15-a2-pistol-grip","status":"publish","type":"product","link":"https:\/\/nbg.eu\/lv\/product\/ar-15-a2-pistol-grip\/","title":{"rendered":"AR-15 A2 PISTOL GRIP"},"content":{"rendered":"<h1>CZ Shadow 2 Orange &#8211; Sacens\u012bbu pistole<\/h1>\n<p>CZ Shadow 2 Orange iez\u012bmes:<\/p>\n<ul>\n<li>R\u016bpn\u012bcas stobra ieliktnis<\/li>\n<li>Piel\u0101gots m\u0113l\u012btes meh\u0101nisms<\/li>\n<li>Piel\u0101gota sl\u012bdnis un r\u0101mis<\/li>\n<li>\u012apa\u0161i rokturi un pagarin\u0101ta magaz\u012bnas atbr\u012bvo\u0161ana<\/li>\n<li>Regul\u0113jama magaz\u012bnas atbr\u012bvo\u0161anas poga ar trim iestat\u012bjumiem<\/li>\n<li>Nitr\u012bda p\u0101rkl\u0101jums ar papildu polikotu uz r\u0101mja<\/li>\n<li>Pl\u0101ni alum\u012bnija rokturi ar tekst\u016bru<\/li>\n<li>Optisk\u0101s \u0161\u0137iedras priek\u0161\u0113jais t\u0113meklis un regul\u0113jams HAJO aizmugur\u0113jais t\u0113meklis<\/li>\n<li>Abpus\u0113ja manu\u0101l\u0101 dro\u0161\u012bbas svira<\/li>\n<\/ul>\n<p>9mm Luger kalibrs ar 17+1 patronu ietilp\u012bbu, 46.5 unces smags t\u0113rauda r\u0101mja pistole sacens\u012bbu \u0161au\u0161anai.<\/p>\n","protected":false},"excerpt":{"rendered":"<p>Klasiskais AR-15 rokturis. Ergonomisks dizains. Iztur\u012bga polim\u0113ra konstrukcija.<\/p>\n","protected":false},"featured_media":496414,"template":"","meta":{"_acf_changed":false},"product_brand":[],"product_cat":[13827,13788],"product_tag":[],"class_list":{"0":"post-536383","1":"product","2":"type-product","3":"status-publish","4":"has-post-thumbnail","6":"product_cat-sautene","7":"product_cat-sautenes-uzlabosana","9":"first","10":"outofstock","11":"taxable","12":"shipping-taxable","13":"purchasable","14":"product-type-simple"},"acf":[],"_links":{"self":[{"href":"https:\/\/nbg.eu\/lv\/wp-json\/wp\/v2\/product\/536383","targetHints":{"allow":["GET"]}}],"collection":[{"href":"https:\/\/nbg.eu\/lv\/wp-json\/wp\/v2\/product"}],"about":[{"href":"https:\/\/nbg.eu\/lv\/wp-json\/wp\/v2\/types\/product"}],"wp:featuredmedia":[{"embeddable":true,"href":"https:\/\/nbg.eu\/lv\/wp-json\/wp\/v2\/media\/496414"}],"wp:attachment":[{"href":"https:\/\/nbg.eu\/lv\/wp-json\/wp\/v2\/media?parent=536383"}],"wp:term":[{"taxonomy":"product_brand","embeddable":true,"href":"https:\/\/nbg.eu\/lv\/wp-json\/wp\/v2\/product_brand?post=536383"},{"taxonomy":"product_cat","embeddable":true,"href":"https:\/\/nbg.eu\/lv\/wp-json\/wp\/v2\/product_cat?post=536383"},{"taxonomy":"product_tag","embeddable":true,"href":"https:\/\/nbg.eu\/lv\/wp-json\/wp\/v2\/product_tag?post=536383"}],"curies":[{"name":"wp","href":"https:\/\/api.w.org\/{rel}","templated":true}]}}