{"id":538097,"date":"2025-09-05T17:27:03","date_gmt":"2025-09-05T14:27:03","guid":{"rendered":"https:\/\/nbg.eu\/product\/colt-ar-15-stock-assy-collapsible-oem-blk\/"},"modified":"2026-01-21T11:34:53","modified_gmt":"2026-01-21T08:34:53","slug":"colt-ar-15-stock-assy-collapsible-oem-blk","status":"publish","type":"product","link":"https:\/\/nbg.eu\/lv\/product\/colt-ar-15-stock-assy-collapsible-oem-blk\/","title":{"rendered":"COLT AR-15 Stock Assy Collapsible OEM BLK"},"content":{"rendered":"<h1>COLT AR-15 Saliekams laidnes komplekts, OEM, melns<\/h1>\n<p>COLT AR-15 Saliekams laidnes komplekts, OEM, melns. \u0160\u012b deta\u013ca pied\u0101v\u0101:<\/p>\n<ul>\n<li>Sader\u012bba ar AR-15, M16 un AR-15\/M4 mode\u013ciem<\/li>\n<li>Saliekama konstrukcija<\/li>\n<li>Mat\u0113ta melna apdare<\/li>\n<li>Kompoz\u012btmateri\u0101la konstrukcija<\/li>\n<li>OEM kvalit\u0101tes garantija<\/li>\n<\/ul>\n<p>\u0160is laidnes komplekts nodro\u0161ina piel\u0101gojam\u012bbu un \u0113rt\u012bbu. Piel\u0101gojiet garumu un uzlabojiet lieto\u0161anu da\u017e\u0101d\u0101s situ\u0101cij\u0101s.<\/p>\n<p>Specifik\u0101cijas:<\/p>\n<ul>\n<li>Svars: 0.181kg<\/li>\n<li>Izm\u0113ri: 157mm x 130mm x 28mm<\/li>\n<li>Ra\u017eots ASV<\/li>\n<li>ASV eksporta klasifik\u0101cija: 0A501.y.1<\/li>\n<\/ul>\n<p>Uzlabojiet savu AR-15 ar COLT laidnes komplektu.<\/p>\n","protected":false},"excerpt":{"rendered":"<p>Salok\u0101ms AR-15 laides komplekts. Ori\u0123in\u0101l\u0101 meln\u0101, mat\u0113t\u0101 apdare.<\/p>\n","protected":false},"featured_media":496982,"template":"","meta":{"_acf_changed":false},"product_brand":[],"product_cat":[13823,13788],"product_tag":[],"class_list":{"0":"post-538097","1":"product","2":"type-product","3":"status-publish","4":"has-post-thumbnail","6":"product_cat-sautenes-laidi","7":"product_cat-sautenes-uzlabosana","9":"first","10":"outofstock","11":"taxable","12":"shipping-taxable","13":"purchasable","14":"product-type-simple"},"acf":[],"_links":{"self":[{"href":"https:\/\/nbg.eu\/lv\/wp-json\/wp\/v2\/product\/538097","targetHints":{"allow":["GET"]}}],"collection":[{"href":"https:\/\/nbg.eu\/lv\/wp-json\/wp\/v2\/product"}],"about":[{"href":"https:\/\/nbg.eu\/lv\/wp-json\/wp\/v2\/types\/product"}],"wp:featuredmedia":[{"embeddable":true,"href":"https:\/\/nbg.eu\/lv\/wp-json\/wp\/v2\/media\/496982"}],"wp:attachment":[{"href":"https:\/\/nbg.eu\/lv\/wp-json\/wp\/v2\/media?parent=538097"}],"wp:term":[{"taxonomy":"product_brand","embeddable":true,"href":"https:\/\/nbg.eu\/lv\/wp-json\/wp\/v2\/product_brand?post=538097"},{"taxonomy":"product_cat","embeddable":true,"href":"https:\/\/nbg.eu\/lv\/wp-json\/wp\/v2\/product_cat?post=538097"},{"taxonomy":"product_tag","embeddable":true,"href":"https:\/\/nbg.eu\/lv\/wp-json\/wp\/v2\/product_tag?post=538097"}],"curies":[{"name":"wp","href":"https:\/\/api.w.org\/{rel}","templated":true}]}}