{"id":538441,"date":"2025-09-05T17:36:50","date_gmt":"2025-09-05T14:36:50","guid":{"rendered":"https:\/\/nbg.eu\/product\/ar-15-m16-quick-detach-receiver-end-plate\/"},"modified":"2026-01-21T12:35:08","modified_gmt":"2026-01-21T09:35:08","slug":"ar-15-m16-quick-detach-receiver-end-plate","status":"publish","type":"product","link":"https:\/\/nbg.eu\/lv\/product\/ar-15-m16-quick-detach-receiver-end-plate\/","title":{"rendered":"AR-15\/M16 QUICK DETACH RECEIVER END PLATE"},"content":{"rendered":"<div class=\"product-description\">\n<h2>AR-15\/M16 BCMGUNFIGHTER QD gala plate<\/h2>\n<p>AR-15 vai M16 papildin\u0101jums ar BCMGUNFIGHTER \u0101tri no\u0146emamo (QD) gala plati. \u0160is piederums ir paredz\u0113ts, lai nodro\u0161in\u0101tu \u0161aujamiero\u010da daudzpus\u012bbu un iztur\u012bbu.<\/p>\n<ul>\n<li>Izgatavots no t\u0113rauda ilgsto\u0161ai lieto\u0161anai<\/li>\n<li>Iek\u013cauts ieb\u016bv\u0113ts \u0101tri atvienojams (QD) groz\u0101mais punkts<\/li>\n<li>Sader\u012bgs ar AR-15 un AR-308 platform\u0101m<\/li>\n<li>Viegli piel\u0101gojams dro\u0161ai uzst\u0101d\u012b\u0161anai<\/li>\n<li>Ra\u017eots ASV<\/li>\n<li>Pieejams meln\u0101 kr\u0101s\u0101<\/li>\n<\/ul>\n<p>BCMGUNFIGHTER QD gala plate \u013cauj \u0101tri pievienot un no\u0146emt siksnas, uzlabojot \u0161autenes lieto\u0161anu da\u017e\u0101d\u0101s situ\u0101cij\u0101s. Papildiniet savu AR-15 vai M16 ar \u0161o komponentu.<\/p>\n<\/div>\n","protected":false},"excerpt":{"rendered":"<p>T\u0113rauda QD gala pl\u0101ksne AR-15\/M16. Ra\u017eots ASV, ar iesp\u0113ju nostiprin\u0101t.<\/p>\n","protected":false},"featured_media":497160,"template":"","meta":{"_acf_changed":false},"product_brand":[],"product_cat":[13788],"product_tag":[],"class_list":{"0":"post-538441","1":"product","2":"type-product","3":"status-publish","4":"has-post-thumbnail","6":"product_cat-sautenes-uzlabosana","8":"first","9":"instock","10":"taxable","11":"shipping-taxable","12":"purchasable","13":"product-type-simple"},"acf":[],"_links":{"self":[{"href":"https:\/\/nbg.eu\/lv\/wp-json\/wp\/v2\/product\/538441","targetHints":{"allow":["GET"]}}],"collection":[{"href":"https:\/\/nbg.eu\/lv\/wp-json\/wp\/v2\/product"}],"about":[{"href":"https:\/\/nbg.eu\/lv\/wp-json\/wp\/v2\/types\/product"}],"wp:featuredmedia":[{"embeddable":true,"href":"https:\/\/nbg.eu\/lv\/wp-json\/wp\/v2\/media\/497160"}],"wp:attachment":[{"href":"https:\/\/nbg.eu\/lv\/wp-json\/wp\/v2\/media?parent=538441"}],"wp:term":[{"taxonomy":"product_brand","embeddable":true,"href":"https:\/\/nbg.eu\/lv\/wp-json\/wp\/v2\/product_brand?post=538441"},{"taxonomy":"product_cat","embeddable":true,"href":"https:\/\/nbg.eu\/lv\/wp-json\/wp\/v2\/product_cat?post=538441"},{"taxonomy":"product_tag","embeddable":true,"href":"https:\/\/nbg.eu\/lv\/wp-json\/wp\/v2\/product_tag?post=538441"}],"curies":[{"name":"wp","href":"https:\/\/api.w.org\/{rel}","templated":true}]}}