{"id":538724,"date":"2025-09-05T17:36:57","date_gmt":"2025-09-05T14:36:57","guid":{"rendered":"https:\/\/nbg.eu\/product\/aero-precision-receiver-extension-end-plate-for-ar-15-black\/"},"modified":"2026-01-21T12:01:59","modified_gmt":"2026-01-21T09:01:59","slug":"aero-precision-receiver-extension-end-plate-for-ar-15-black","status":"publish","type":"product","link":"https:\/\/nbg.eu\/lv\/product\/aero-precision-receiver-extension-end-plate-for-ar-15-black\/","title":{"rendered":"AERO PRECISION RECEIVER EXTENSION END PLATE FOR AR-15 BLACK"},"content":{"rendered":"<div class=\"product-description\">\n<h1>AERO PRECISION UZTV\u0112R\u0112JA PAGARIN\u0100JUMA GALA PL\u0100KSNE AR-15 MELNA<\/h1>\n<p>Aero Precision uztv\u0113r\u0113ja pagarin\u0101juma gala pl\u0101ksne ir paredz\u0113ta AR-15. \u0160\u012b deta\u013ca ir nepiecie\u0161ama karab\u012bn\u0113m ar regul\u0113jamiem laidn\u0113m, nodro\u0161inot savienojumu starp bufera cauruli un uztv\u0113r\u0113ju.<\/p>\n<ul>\n<li>Ra\u017eots ASV<\/li>\n<li>Sader\u012bgs ar AR-15 un AR-308 platform\u0101m<\/li>\n<li>Paredz\u0113ts karab\u012b\u0146u bufera caurul\u0113m<\/li>\n<li>Izgatavots no t\u0113rauda<\/li>\n<li>Melna apdare<\/li>\n<li>Nodro\u0161ina pareizu novietojumu un stabilit\u0101ti<\/li>\n<\/ul>\n<p>\u0160\u012b gala pl\u0101ksne ir AR-15 komponente, kas nodro\u0161ina uzticam\u012bbu un veiktsp\u0113ju.<\/p>\n<\/div>\n","protected":false},"excerpt":{"rendered":"<p>Milit\u0101r\u0101 standarta AR-15 karab\u012bnes gala pl\u0101ksne. Ra\u017eota ASV, melns t\u0113rauds.<\/p>\n","protected":false},"featured_media":497275,"template":"","meta":{"_acf_changed":false},"product_brand":[],"product_cat":[13788],"product_tag":[],"class_list":{"0":"post-538724","1":"product","2":"type-product","3":"status-publish","4":"has-post-thumbnail","6":"product_cat-sautenes-uzlabosana","8":"first","9":"outofstock","10":"taxable","11":"shipping-taxable","12":"purchasable","13":"product-type-simple"},"acf":[],"_links":{"self":[{"href":"https:\/\/nbg.eu\/lv\/wp-json\/wp\/v2\/product\/538724","targetHints":{"allow":["GET"]}}],"collection":[{"href":"https:\/\/nbg.eu\/lv\/wp-json\/wp\/v2\/product"}],"about":[{"href":"https:\/\/nbg.eu\/lv\/wp-json\/wp\/v2\/types\/product"}],"wp:featuredmedia":[{"embeddable":true,"href":"https:\/\/nbg.eu\/lv\/wp-json\/wp\/v2\/media\/497275"}],"wp:attachment":[{"href":"https:\/\/nbg.eu\/lv\/wp-json\/wp\/v2\/media?parent=538724"}],"wp:term":[{"taxonomy":"product_brand","embeddable":true,"href":"https:\/\/nbg.eu\/lv\/wp-json\/wp\/v2\/product_brand?post=538724"},{"taxonomy":"product_cat","embeddable":true,"href":"https:\/\/nbg.eu\/lv\/wp-json\/wp\/v2\/product_cat?post=538724"},{"taxonomy":"product_tag","embeddable":true,"href":"https:\/\/nbg.eu\/lv\/wp-json\/wp\/v2\/product_tag?post=538724"}],"curies":[{"name":"wp","href":"https:\/\/api.w.org\/{rel}","templated":true}]}}